{"id":1177,"date":"2025-08-12T10:20:50","date_gmt":"2025-08-12T08:20:50","guid":{"rendered":"https:\/\/szal.bialystok.pl\/?page_id=1177"},"modified":"2025-09-09T10:28:06","modified_gmt":"2025-09-09T08:28:06","slug":"elektryczna-jazda","status":"publish","type":"page","link":"https:\/\/szal.bialystok.pl\/en\/elektryczna-jazda\/","title":{"rendered":"Twoja elektryczna jazda"},"content":{"rendered":"<section class=\"l-section wpb_row height_medium width_full with_img\"><div class=\"l-section-img\" role=\"img\" data-img-width=\"1440\" data-img-height=\"292\" style=\"background-image: url(https:\/\/szal.bialystok.pl\/wp-content\/uploads\/2025\/01\/szal.bialystok.pl-1084682741956766.png);background-repeat: no-repeat;\"><\/div><div class=\"l-section-h i-cf\"><div class=\"g-cols vc_row via_flex valign_top type_default stacking_default\"><div class=\"vc_col-sm-12 wpb_column vc_column_container\"><div class=\"vc_column-inner\"><div class=\"wpb_wrapper\"><\/div><\/div><\/div><\/div><\/div><\/section><section class=\"l-section wpb_row height_medium width_full\"><div class=\"l-section-h i-cf\"><div class=\"g-cols vc_row via_flex valign_top type_default stacking_default\"><div class=\"vc_col-sm-12 wpb_column vc_column_container\"><div class=\"vc_column-inner\"><div class=\"wpb_wrapper\"><h1 class=\"w-text us_custom_b28c9842 hr-lines\"><span class=\"w-text-h\"><span class=\"w-text-value\">Twoja elektryczna jazda<\/span><\/span><\/h1><div class=\"w-separator size_small\"><\/div><div class=\"g-cols wpb_row us_custom_bac9cef1 via_flex valign_top type_default stacking_default\"><div class=\"vc_col-sm-5 wpb_column vc_column_container\"><div class=\"vc_column-inner\"><div class=\"wpb_wrapper\"><div class=\"w-image align_none\"><div class=\"w-image-h\"><img decoding=\"async\" width=\"1600\" height=\"1200\" src=\"https:\/\/szal.bialystok.pl\/wp-content\/uploads\/2025\/09\/samochod-elektryczny-5.jpg\" class=\"attachment-full size-full\" alt=\"Elektryczna jazda - lekcja jazdy elektrykiem\" loading=\"lazy\" srcset=\"https:\/\/szal.bialystok.pl\/wp-content\/uploads\/2025\/09\/samochod-elektryczny-5.jpg 1600w, https:\/\/szal.bialystok.pl\/wp-content\/uploads\/2025\/09\/samochod-elektryczny-5-300x225.jpg 300w, https:\/\/szal.bialystok.pl\/wp-content\/uploads\/2025\/09\/samochod-elektryczny-5-1024x768.jpg 1024w, https:\/\/szal.bialystok.pl\/wp-content\/uploads\/2025\/09\/samochod-elektryczny-5-16x12.jpg 16w\" sizes=\"auto, (max-width: 1600px) 100vw, 1600px\" \/><\/div><\/div><\/div><\/div><\/div><div class=\"vc_col-sm-7 wpb_column vc_column_container\"><div class=\"vc_column-inner\"><div class=\"wpb_wrapper\"><div class=\"wpb_text_column\"><div class=\"wpb_wrapper\"><h2>Jazda elektrykiem za darmo!<\/h2>\n<p>Chcesz poczu\u0107 przysz\u0142o\u015b\u0107 motoryzacji ju\u017c podczas kursu prawa jazdy?<br \/>\nW ramach naszego kursu podstawowego z kat. B otrzymujesz <strong>dodatkow\u0105, 31 godzin\u0119 jazdy ca\u0142kowicie bezp\u0142atnie<\/strong>!<\/p>\n<p>Ta wyj\u0105tkowa lekcja odb\u0119dzie si\u0119<strong> samochodem elektrycznym<\/strong>, dzi\u0119ki czemu:<\/p>\n<ul>\n<li>sprawdzisz, jak prowadzi si\u0119 nowoczesne auto bezemisyjne,<\/li>\n<li>nauczysz si\u0119 korzysta\u0107 z nap\u0119du elektrycznego w praktyce,<\/li>\n<li>poznasz r\u00f3\u017cnice w dynamice jazdy i obs\u0142udze pojazdu w por\u00f3wnaniu do auta spalinowego.<\/li>\n<\/ul>\n<p>To doskona\u0142a okazja, aby zdoby\u0107 cenne do\u015bwiadczenie i zobaczy\u0107, jak wygl\u0105da jazda samochodem przysz\u0142o\u015bci \u2013 jeszcze zanim odbierzesz prawo jazdy!<\/p>\n<\/div><\/div><\/div><\/div><\/div><\/div><div class=\"g-cols wpb_row us_custom_bac9cef1 via_flex valign_top type_default stacking_default\"><div class=\"vc_col-sm-12 wpb_column vc_column_container\"><div class=\"vc_column-inner\"><div class=\"wpb_wrapper\"><div class=\"w-separator size_medium\"><\/div><p class=\"w-text us_custom_d203d329\"><span class=\"w-text-h\"><span class=\"w-text-value\">Gallery<\/span><\/span><\/p><\/div><\/div><\/div><\/div><div class=\"w-gallery us_custom_bac9cef1 fit_cover type_grid action_popup_image ratio_1x1 count_4\" style=\"--columns:4;--items-gap:10px;\"><div class=\"w-gallery-list\"><div class=\"w-gallery-item\"><div class=\"w-gallery-item-img\"><img loading=\"lazy\" decoding=\"async\" width=\"1024\" height=\"768\" src=\"https:\/\/szal.bialystok.pl\/wp-content\/uploads\/2025\/09\/samochod-elektryczny-4-1024x768.jpg\" class=\"attachment-large size-large\" alt=\"\" srcset=\"https:\/\/szal.bialystok.pl\/wp-content\/uploads\/2025\/09\/samochod-elektryczny-4-1024x768.jpg 1024w, https:\/\/szal.bialystok.pl\/wp-content\/uploads\/2025\/09\/samochod-elektryczny-4-300x225.jpg 300w, https:\/\/szal.bialystok.pl\/wp-content\/uploads\/2025\/09\/samochod-elektryczny-4-16x12.jpg 16w, https:\/\/szal.bialystok.pl\/wp-content\/uploads\/2025\/09\/samochod-elektryczny-4.jpg 1600w\" sizes=\"auto, (max-width: 1024px) 100vw, 1024px\" \/><\/div><a class=\"w-gallery-item-link\" aria-label=\"samochod-elektryczny-4\" href=\"https:\/\/szal.bialystok.pl\/wp-content\/uploads\/2025\/09\/samochod-elektryczny-4.jpg\"><\/a><\/div><div class=\"w-gallery-item\"><div class=\"w-gallery-item-img\"><img loading=\"lazy\" decoding=\"async\" width=\"1024\" height=\"768\" src=\"https:\/\/szal.bialystok.pl\/wp-content\/uploads\/2025\/09\/samochod-elektryczny-3-1024x768.jpg\" class=\"attachment-large size-large\" alt=\"Elektryczna jazda - lekcja jazdy elektrykiem\" srcset=\"https:\/\/szal.bialystok.pl\/wp-content\/uploads\/2025\/09\/samochod-elektryczny-3-1024x768.jpg 1024w, https:\/\/szal.bialystok.pl\/wp-content\/uploads\/2025\/09\/samochod-elektryczny-3-300x225.jpg 300w, https:\/\/szal.bialystok.pl\/wp-content\/uploads\/2025\/09\/samochod-elektryczny-3-16x12.jpg 16w, https:\/\/szal.bialystok.pl\/wp-content\/uploads\/2025\/09\/samochod-elektryczny-3.jpg 1600w\" sizes=\"auto, (max-width: 1024px) 100vw, 1024px\" \/><\/div><a class=\"w-gallery-item-link\" aria-label=\"Elektryczna jazda - lekcja jazdy elektrykiem\" href=\"https:\/\/szal.bialystok.pl\/wp-content\/uploads\/2025\/09\/samochod-elektryczny-3.jpg\"><\/a><\/div><div class=\"w-gallery-item\"><div class=\"w-gallery-item-img\"><img loading=\"lazy\" decoding=\"async\" width=\"1024\" height=\"768\" src=\"https:\/\/szal.bialystok.pl\/wp-content\/uploads\/2025\/09\/samochod-elektryczny-2-1024x768.jpg\" class=\"attachment-large size-large\" alt=\"Elektryczna jazda - lekcja jazdy elektrykiem\" srcset=\"https:\/\/szal.bialystok.pl\/wp-content\/uploads\/2025\/09\/samochod-elektryczny-2-1024x768.jpg 1024w, https:\/\/szal.bialystok.pl\/wp-content\/uploads\/2025\/09\/samochod-elektryczny-2-300x225.jpg 300w, https:\/\/szal.bialystok.pl\/wp-content\/uploads\/2025\/09\/samochod-elektryczny-2-16x12.jpg 16w, https:\/\/szal.bialystok.pl\/wp-content\/uploads\/2025\/09\/samochod-elektryczny-2.jpg 1600w\" sizes=\"auto, (max-width: 1024px) 100vw, 1024px\" \/><\/div><a class=\"w-gallery-item-link\" aria-label=\"Elektryczna jazda - lekcja jazdy elektrykiem\" href=\"https:\/\/szal.bialystok.pl\/wp-content\/uploads\/2025\/09\/samochod-elektryczny-2.jpg\"><\/a><\/div><div class=\"w-gallery-item\"><div class=\"w-gallery-item-img\"><img loading=\"lazy\" decoding=\"async\" width=\"1024\" height=\"768\" src=\"https:\/\/szal.bialystok.pl\/wp-content\/uploads\/2025\/09\/samochod-elektryczny-1024x768.jpg\" class=\"attachment-large size-large\" alt=\"Elektryczna jazda - lekcja jazdy elektrykiem\" srcset=\"https:\/\/szal.bialystok.pl\/wp-content\/uploads\/2025\/09\/samochod-elektryczny-1024x768.jpg 1024w, https:\/\/szal.bialystok.pl\/wp-content\/uploads\/2025\/09\/samochod-elektryczny-300x225.jpg 300w, https:\/\/szal.bialystok.pl\/wp-content\/uploads\/2025\/09\/samochod-elektryczny-16x12.jpg 16w, https:\/\/szal.bialystok.pl\/wp-content\/uploads\/2025\/09\/samochod-elektryczny.jpg 1600w\" sizes=\"auto, (max-width: 1024px) 100vw, 1024px\" \/><\/div><a class=\"w-gallery-item-link\" aria-label=\"Elektryczna jazda - lekcja jazdy elektrykiem\" href=\"https:\/\/szal.bialystok.pl\/wp-content\/uploads\/2025\/09\/samochod-elektryczny.jpg\"><\/a><\/div><\/div><\/div><\/div><\/div><\/div><\/div><\/div><\/section>","protected":false},"excerpt":{"rendered":"Twoja elektryczna jazdaJazda elektrykiem za darmo! Chcesz poczu\u0107 przysz\u0142o\u015b\u0107 motoryzacji ju\u017c podczas kursu prawa jazdy? W ramach naszego kursu podstawowego z kat. B otrzymujesz dodatkow\u0105, 31 godzin\u0119 jazdy ca\u0142kowicie bezp\u0142atnie! Ta wyj\u0105tkowa lekcja odb\u0119dzie si\u0119 samochodem elektrycznym, dzi\u0119ki czemu: sprawdzisz, jak prowadzi si\u0119 nowoczesne auto bezemisyjne, nauczysz si\u0119 korzysta\u0107 z nap\u0119du elektrycznego w praktyce, poznasz...","protected":false},"author":1,"featured_media":0,"parent":0,"menu_order":0,"comment_status":"closed","ping_status":"closed","template":"","meta":{"_acf_changed":false,"footnotes":""},"class_list":["post-1177","page","type-page","status-publish","hentry"],"acf":[],"yoast_head":"<!-- This site is optimized with the Yoast SEO plugin v25.0 - https:\/\/yoast.com\/wordpress\/plugins\/seo\/ -->\n<title>Twoja elektryczna jazda - OSK Sza\u0142 Bia\u0142ystok<\/title>\n<meta name=\"robots\" content=\"index, follow, max-snippet:-1, max-image-preview:large, max-video-preview:-1\" \/>\n<link rel=\"canonical\" href=\"https:\/\/szal.bialystok.pl\/en\/elektryczna-jazda\/\" \/>\n<meta property=\"og:locale\" content=\"en_GB\" \/>\n<meta property=\"og:type\" content=\"article\" \/>\n<meta property=\"og:title\" content=\"Twoja elektryczna jazda - OSK Sza\u0142 Bia\u0142ystok\" \/>\n<meta property=\"og:url\" content=\"https:\/\/szal.bialystok.pl\/en\/elektryczna-jazda\/\" \/>\n<meta property=\"og:site_name\" content=\"OSK Sza\u0142 Bia\u0142ystok\" \/>\n<meta property=\"article:modified_time\" content=\"2025-09-09T08:28:06+00:00\" \/>\n<meta name=\"twitter:card\" content=\"summary_large_image\" \/>\n<meta name=\"twitter:label1\" content=\"Estimated reading time\" \/>\n\t<meta name=\"twitter:data1\" content=\"2 minutes\" \/>\n<script type=\"application\/ld+json\" class=\"yoast-schema-graph\">{\"@context\":\"https:\/\/schema.org\",\"@graph\":[{\"@type\":\"WebPage\",\"@id\":\"https:\/\/szal.bialystok.pl\/elektryczna-jazda\/\",\"url\":\"https:\/\/szal.bialystok.pl\/elektryczna-jazda\/\",\"name\":\"Twoja elektryczna jazda - OSK Sza\u0142 Bia\u0142ystok\",\"isPartOf\":{\"@id\":\"https:\/\/szal.bialystok.pl\/#website\"},\"datePublished\":\"2025-08-12T08:20:50+00:00\",\"dateModified\":\"2025-09-09T08:28:06+00:00\",\"breadcrumb\":{\"@id\":\"https:\/\/szal.bialystok.pl\/elektryczna-jazda\/#breadcrumb\"},\"inLanguage\":\"en-GB\",\"potentialAction\":[{\"@type\":\"ReadAction\",\"target\":[\"https:\/\/szal.bialystok.pl\/elektryczna-jazda\/\"]}]},{\"@type\":\"BreadcrumbList\",\"@id\":\"https:\/\/szal.bialystok.pl\/elektryczna-jazda\/#breadcrumb\",\"itemListElement\":[{\"@type\":\"ListItem\",\"position\":1,\"name\":\"Strona g\u0142\u00f3wna\",\"item\":\"https:\/\/szal.bialystok.pl\/\"},{\"@type\":\"ListItem\",\"position\":2,\"name\":\"Twoja elektryczna jazda\"}]},{\"@type\":\"WebSite\",\"@id\":\"https:\/\/szal.bialystok.pl\/#website\",\"url\":\"https:\/\/szal.bialystok.pl\/\",\"name\":\"O\u015brodek szkolenia kierowc\u00f3w - Sza\u0142\",\"description\":\"O\u015brodek szkolenia kierowc\u00f3w - Sza\u0142\",\"publisher\":{\"@id\":\"https:\/\/szal.bialystok.pl\/#organization\"},\"potentialAction\":[{\"@type\":\"SearchAction\",\"target\":{\"@type\":\"EntryPoint\",\"urlTemplate\":\"https:\/\/szal.bialystok.pl\/?s={search_term_string}\"},\"query-input\":{\"@type\":\"PropertyValueSpecification\",\"valueRequired\":true,\"valueName\":\"search_term_string\"}}],\"inLanguage\":\"en-GB\"},{\"@type\":\"Organization\",\"@id\":\"https:\/\/szal.bialystok.pl\/#organization\",\"name\":\"O\u015brodek szkolenia kierowc\u00f3w - Sza\u0142\",\"url\":\"https:\/\/szal.bialystok.pl\/\",\"logo\":{\"@type\":\"ImageObject\",\"inLanguage\":\"en-GB\",\"@id\":\"https:\/\/szal.bialystok.pl\/#\/schema\/logo\/image\/\",\"url\":\"https:\/\/szal.bialystok.pl\/wp-content\/uploads\/2025\/01\/logo-szal-kontakt.png\",\"contentUrl\":\"https:\/\/szal.bialystok.pl\/wp-content\/uploads\/2025\/01\/logo-szal-kontakt.png\",\"width\":354,\"height\":101,\"caption\":\"O\u015brodek szkolenia kierowc\u00f3w - Sza\u0142\"},\"image\":{\"@id\":\"https:\/\/szal.bialystok.pl\/#\/schema\/logo\/image\/\"}}]}<\/script>\n<!-- \/ Yoast SEO plugin. -->","yoast_head_json":{"title":"Twoja elektryczna jazda - OSK Sza\u0142 Bia\u0142ystok","robots":{"index":"index","follow":"follow","max-snippet":"max-snippet:-1","max-image-preview":"max-image-preview:large","max-video-preview":"max-video-preview:-1"},"canonical":"https:\/\/szal.bialystok.pl\/en\/elektryczna-jazda\/","og_locale":"en_GB","og_type":"article","og_title":"Twoja elektryczna jazda - OSK Sza\u0142 Bia\u0142ystok","og_url":"https:\/\/szal.bialystok.pl\/en\/elektryczna-jazda\/","og_site_name":"OSK Sza\u0142 Bia\u0142ystok","article_modified_time":"2025-09-09T08:28:06+00:00","twitter_card":"summary_large_image","twitter_misc":{"Estimated reading time":"2 minutes"},"schema":{"@context":"https:\/\/schema.org","@graph":[{"@type":"WebPage","@id":"https:\/\/szal.bialystok.pl\/elektryczna-jazda\/","url":"https:\/\/szal.bialystok.pl\/elektryczna-jazda\/","name":"Twoja elektryczna jazda - OSK Sza\u0142 Bia\u0142ystok","isPartOf":{"@id":"https:\/\/szal.bialystok.pl\/#website"},"datePublished":"2025-08-12T08:20:50+00:00","dateModified":"2025-09-09T08:28:06+00:00","breadcrumb":{"@id":"https:\/\/szal.bialystok.pl\/elektryczna-jazda\/#breadcrumb"},"inLanguage":"en-GB","potentialAction":[{"@type":"ReadAction","target":["https:\/\/szal.bialystok.pl\/elektryczna-jazda\/"]}]},{"@type":"BreadcrumbList","@id":"https:\/\/szal.bialystok.pl\/elektryczna-jazda\/#breadcrumb","itemListElement":[{"@type":"ListItem","position":1,"name":"Strona g\u0142\u00f3wna","item":"https:\/\/szal.bialystok.pl\/"},{"@type":"ListItem","position":2,"name":"Twoja elektryczna jazda"}]},{"@type":"WebSite","@id":"https:\/\/szal.bialystok.pl\/#website","url":"https:\/\/szal.bialystok.pl\/","name":"O\u015brodek szkolenia kierowc\u00f3w - Sza\u0142","description":"O\u015brodek szkolenia kierowc\u00f3w - Sza\u0142","publisher":{"@id":"https:\/\/szal.bialystok.pl\/#organization"},"potentialAction":[{"@type":"SearchAction","target":{"@type":"EntryPoint","urlTemplate":"https:\/\/szal.bialystok.pl\/?s={search_term_string}"},"query-input":{"@type":"PropertyValueSpecification","valueRequired":true,"valueName":"search_term_string"}}],"inLanguage":"en-GB"},{"@type":"Organization","@id":"https:\/\/szal.bialystok.pl\/#organization","name":"O\u015brodek szkolenia kierowc\u00f3w - Sza\u0142","url":"https:\/\/szal.bialystok.pl\/","logo":{"@type":"ImageObject","inLanguage":"en-GB","@id":"https:\/\/szal.bialystok.pl\/#\/schema\/logo\/image\/","url":"https:\/\/szal.bialystok.pl\/wp-content\/uploads\/2025\/01\/logo-szal-kontakt.png","contentUrl":"https:\/\/szal.bialystok.pl\/wp-content\/uploads\/2025\/01\/logo-szal-kontakt.png","width":354,"height":101,"caption":"O\u015brodek szkolenia kierowc\u00f3w - Sza\u0142"},"image":{"@id":"https:\/\/szal.bialystok.pl\/#\/schema\/logo\/image\/"}}]}},"_links":{"self":[{"href":"https:\/\/szal.bialystok.pl\/en\/wp-json\/wp\/v2\/pages\/1177","targetHints":{"allow":["GET"]}}],"collection":[{"href":"https:\/\/szal.bialystok.pl\/en\/wp-json\/wp\/v2\/pages"}],"about":[{"href":"https:\/\/szal.bialystok.pl\/en\/wp-json\/wp\/v2\/types\/page"}],"author":[{"embeddable":true,"href":"https:\/\/szal.bialystok.pl\/en\/wp-json\/wp\/v2\/users\/1"}],"replies":[{"embeddable":true,"href":"https:\/\/szal.bialystok.pl\/en\/wp-json\/wp\/v2\/comments?post=1177"}],"version-history":[{"count":12,"href":"https:\/\/szal.bialystok.pl\/en\/wp-json\/wp\/v2\/pages\/1177\/revisions"}],"predecessor-version":[{"id":1231,"href":"https:\/\/szal.bialystok.pl\/en\/wp-json\/wp\/v2\/pages\/1177\/revisions\/1231"}],"wp:attachment":[{"href":"https:\/\/szal.bialystok.pl\/en\/wp-json\/wp\/v2\/media?parent=1177"}],"curies":[{"name":"wp","href":"https:\/\/api.w.org\/{rel}","templated":true}]}}