{"id":186,"date":"2025-01-17T09:45:17","date_gmt":"2025-01-17T08:45:17","guid":{"rendered":"https:\/\/szal.bialystok.pl\/?page_id=186"},"modified":"2025-12-22T15:13:03","modified_gmt":"2025-12-22T14:13:03","slug":"kurs-instruktora-nauki-jazdy","status":"publish","type":"page","link":"https:\/\/szal.bialystok.pl\/en\/course\/driving-instructor-course\/","title":{"rendered":"Driving instructor course"},"content":{"rendered":"<section class=\"l-section wpb_row height_medium width_full with_img\"><div class=\"l-section-img\" role=\"img\" data-img-width=\"1440\" data-img-height=\"292\" style=\"background-image: url(https:\/\/szal.bialystok.pl\/wp-content\/uploads\/2025\/01\/szal.bialystok.pl-1084682741956766.png);background-repeat: no-repeat;\"><\/div><div class=\"l-section-h i-cf\"><div class=\"g-cols vc_row via_flex valign_top type_default stacking_default\"><div class=\"vc_col-sm-12 wpb_column vc_column_container\"><div class=\"vc_column-inner\"><div class=\"wpb_wrapper\"><\/div><\/div><\/div><\/div><\/div><\/section><section class=\"l-section wpb_row height_medium width_full\"><div class=\"l-section-h i-cf\"><div class=\"g-cols vc_row via_flex valign_top type_default stacking_default\"><div class=\"vc_col-sm-12 wpb_column vc_column_container\"><div class=\"vc_column-inner\"><div class=\"wpb_wrapper\"><h1 class=\"w-text us_custom_b28c9842 hr-lines\"><span class=\"w-text-h\"><span class=\"w-text-value\">Driving instructor course<\/span><\/span><\/h1><\/div><\/div><\/div><\/div><\/div><\/section><section class=\"l-section wpb_row us_custom_887a049b height_medium width_full\"><div class=\"l-section-h i-cf\"><div class=\"g-cols vc_row via_flex valign_top type_default stacking_default\"><div class=\"vc_col-sm-12 wpb_column vc_column_container\"><div class=\"vc_column-inner\"><div class=\"wpb_wrapper\"><h2 class=\"w-text us_custom_9bab5194 hr-lines-left\"><span class=\"w-text-h\"><span class=\"w-text-value\">Select a course<\/span><\/span><\/h2><div class=\"w-separator size_medium\"><\/div><div class=\"w-grid us_custom_ae0f7330 type_grid layout_blog_3 cols_4 valign_center\" id=\"kursy-siatka\" style=\"--gap:0.5rem;\"><style>@media (max-width:1280px){#kursy-siatka .w-grid-item{width:33.3333%}}@media (max-width:1024px){#kursy-siatka .w-grid-item{width:50%}}@media (max-width:600px){#kursy-siatka .w-grid-list{margin:0}#kursy-siatka .w-grid-item{width:100%;padding:0;margin-bottom:var(--gap,0px)}}@media (min-width:1024px){#kursy-siatka .w-post-elm.post_title{font-size:16px!important}}.layout_blog_3 .w-grid-item-h{}<\/style><div class=\"w-grid-list\">\t<article class=\"w-grid-item size_1x1 post-147 page type-page status-publish has-post-thumbnail hentry\" data-id=\"147\">\r\n\t\t<div class=\"w-grid-item-h\">\r\n\t\t\t\t\t\t<div class=\"w-post-elm post_title usg_post_title_1 entry-title color_link_inherit\"><a href=\"https:\/\/szal.bialystok.pl\/en\/course\/category-am\/\">Category AM<\/a><\/div>\t\t<\/div>\r\n\t\t\t<\/article>\r\n\t<article class=\"w-grid-item size_1x1 post-149 page type-page status-publish has-post-thumbnail hentry\" data-id=\"149\">\r\n\t\t<div class=\"w-grid-item-h\">\r\n\t\t\t\t\t\t<div class=\"w-post-elm post_title usg_post_title_1 entry-title color_link_inherit\"><a href=\"https:\/\/szal.bialystok.pl\/en\/course\/category-a1\/\">Category A1<\/a><\/div>\t\t<\/div>\r\n\t\t\t<\/article>\r\n\t<article class=\"w-grid-item size_1x1 post-151 page type-page status-publish has-post-thumbnail hentry\" data-id=\"151\">\r\n\t\t<div class=\"w-grid-item-h\">\r\n\t\t\t\t\t\t<div class=\"w-post-elm post_title usg_post_title_1 entry-title color_link_inherit\"><a href=\"https:\/\/szal.bialystok.pl\/en\/course\/category-a2\/\">Category A2<\/a><\/div>\t\t<\/div>\r\n\t\t\t<\/article>\r\n\t<article class=\"w-grid-item size_1x1 post-153 page type-page status-publish has-post-thumbnail hentry\" data-id=\"153\">\r\n\t\t<div class=\"w-grid-item-h\">\r\n\t\t\t\t\t\t<div class=\"w-post-elm post_title usg_post_title_1 entry-title color_link_inherit\"><a href=\"https:\/\/szal.bialystok.pl\/en\/course\/category-a\/\">Category A<\/a><\/div>\t\t<\/div>\r\n\t\t\t<\/article>\r\n\t<article class=\"w-grid-item size_1x1 post-163 page type-page status-publish has-post-thumbnail hentry\" data-id=\"163\">\r\n\t\t<div class=\"w-grid-item-h\">\r\n\t\t\t\t\t\t<div class=\"w-post-elm post_title usg_post_title_1 entry-title color_link_inherit\"><a href=\"https:\/\/szal.bialystok.pl\/en\/course\/category-b\/\">Category B<\/a><\/div>\t\t<\/div>\r\n\t\t\t<\/article>\r\n\t<article class=\"w-grid-item size_1x1 post-165 page type-page status-publish has-post-thumbnail hentry\" data-id=\"165\">\r\n\t\t<div class=\"w-grid-item-h\">\r\n\t\t\t\t\t\t<div class=\"w-post-elm post_title usg_post_title_1 entry-title color_link_inherit\"><a href=\"https:\/\/szal.bialystok.pl\/en\/course\/category-b1\/\">Category B1<\/a><\/div>\t\t<\/div>\r\n\t\t\t<\/article>\r\n\t<article class=\"w-grid-item size_1x1 post-168 page type-page status-publish has-post-thumbnail hentry\" data-id=\"168\">\r\n\t\t<div class=\"w-grid-item-h\">\r\n\t\t\t\t\t\t<div class=\"w-post-elm post_title usg_post_title_1 entry-title color_link_inherit\"><a href=\"https:\/\/szal.bialystok.pl\/en\/course\/category-be\/\">Category B+E<\/a><\/div>\t\t<\/div>\r\n\t\t\t<\/article>\r\n\t<article class=\"w-grid-item size_1x1 post-171 page type-page status-publish has-post-thumbnail hentry\" data-id=\"171\">\r\n\t\t<div class=\"w-grid-item-h\">\r\n\t\t\t\t\t\t<div class=\"w-post-elm post_title usg_post_title_1 entry-title color_link_inherit\"><a href=\"https:\/\/szal.bialystok.pl\/en\/course\/category-c\/\">Category C<\/a><\/div>\t\t<\/div>\r\n\t\t\t<\/article>\r\n\t<article class=\"w-grid-item size_1x1 post-174 page type-page status-publish has-post-thumbnail hentry\" data-id=\"174\">\r\n\t\t<div class=\"w-grid-item-h\">\r\n\t\t\t\t\t\t<div class=\"w-post-elm post_title usg_post_title_1 entry-title color_link_inherit\"><a href=\"https:\/\/szal.bialystok.pl\/en\/course\/ce-category\/\">Category C+E<\/a><\/div>\t\t<\/div>\r\n\t\t\t<\/article>\r\n\t<article class=\"w-grid-item size_1x1 post-177 page type-page status-publish has-post-thumbnail hentry\" data-id=\"177\">\r\n\t\t<div class=\"w-grid-item-h\">\r\n\t\t\t\t\t\t<div class=\"w-post-elm post_title usg_post_title_1 entry-title color_link_inherit\"><a href=\"https:\/\/szal.bialystok.pl\/en\/course\/category-d\/\">Category D<\/a><\/div>\t\t<\/div>\r\n\t\t\t<\/article>\r\n\t<article class=\"w-grid-item size_1x1 post-180 page type-page status-publish has-post-thumbnail hentry\" data-id=\"180\">\r\n\t\t<div class=\"w-grid-item-h\">\r\n\t\t\t\t\t\t<div class=\"w-post-elm post_title usg_post_title_1 entry-title color_link_inherit\"><a href=\"https:\/\/szal.bialystok.pl\/en\/course\/initial-qualification-periodic-training\/\">Initial qualification, periodic training - code 95<\/a><\/div>\t\t<\/div>\r\n\t\t\t<\/article>\r\n\t<article class=\"w-grid-item size_1x1 post-183 page type-page status-publish has-post-thumbnail hentry\" data-id=\"183\">\r\n\t\t<div class=\"w-grid-item-h\">\r\n\t\t\t\t\t\t<div class=\"w-post-elm post_title usg_post_title_1 entry-title color_link_inherit\"><a href=\"https:\/\/szal.bialystok.pl\/en\/course\/in-service-training-workshops-for-instructors\/\">Professional development workshop for instructors<\/a><\/div>\t\t<\/div>\r\n\t\t\t<\/article>\r\n\t<article class=\"w-grid-item size_1x1 post-186 page type-page status-publish has-post-thumbnail hentry\" data-id=\"186\">\r\n\t\t<div class=\"w-grid-item-h\">\r\n\t\t\t\t\t\t<div class=\"w-post-elm post_title usg_post_title_1 entry-title color_link_inherit\"><a href=\"https:\/\/szal.bialystok.pl\/en\/course\/driving-instructor-course\/\">Driving instructor course<\/a><\/div>\t\t<\/div>\r\n\t\t\t<\/article>\r\n\t<article class=\"w-grid-item size_1x1 post-189 page type-page status-publish has-post-thumbnail hentry\" data-id=\"189\">\r\n\t\t<div class=\"w-grid-item-h\">\r\n\t\t\t\t\t\t<div class=\"w-post-elm post_title usg_post_title_1 entry-title color_link_inherit\"><a href=\"https:\/\/szal.bialystok.pl\/en\/course\/driving-licence-courses-in-english\/\">Driving licence courses in English<\/a><\/div>\t\t<\/div>\r\n\t\t\t<\/article>\r\n\t<article class=\"w-grid-item size_1x1 post-192 page type-page status-publish has-post-thumbnail hentry\" data-id=\"192\">\r\n\t\t<div class=\"w-grid-item-h\">\r\n\t\t\t\t\t\t<div class=\"w-post-elm post_title usg_post_title_1 entry-title color_link_inherit\"><a href=\"https:\/\/szal.bialystok.pl\/en\/course\/driving-courses-for-persons-with-disabilities\/\">Driving courses for persons with disabilities<\/a><\/div>\t\t<\/div>\r\n\t\t\t<\/article>\r\n\t<article class=\"w-grid-item size_1x1 post-195 page type-page status-publish has-post-thumbnail hentry\" data-id=\"195\">\r\n\t\t<div class=\"w-grid-item-h\">\r\n\t\t\t\t\t\t<div class=\"w-post-elm post_title usg_post_title_1 entry-title color_link_inherit\"><a href=\"https:\/\/szal.bialystok.pl\/en\/course\/courses-by-car-with-automatic-transmission\/\">Course with automatic transmission<\/a><\/div>\t\t<\/div>\r\n\t\t\t<\/article>\r\n<\/div><div class=\"w-grid-preloader\">\t<div class=\"g-preloader type_1\">\r\n\t\t<div><\/div>\r\n\t<\/div>\r\n\t<\/div>\t<div class=\"w-grid-json hidden\" onclick='return {&quot;action&quot;:&quot;us_ajax_grid&quot;,&quot;infinite_scroll&quot;:0,&quot;max_num_pages&quot;:1,&quot;pagination&quot;:&quot;none&quot;,&quot;template_vars&quot;:{&quot;columns&quot;:&quot;4&quot;,&quot;exclude_items&quot;:&quot;none&quot;,&quot;img_size&quot;:&quot;default&quot;,&quot;ignore_items_size&quot;:0,&quot;items_layout&quot;:&quot;blog_3&quot;,&quot;items_offset&quot;:&quot;1&quot;,&quot;load_animation&quot;:&quot;none&quot;,&quot;overriding_link&quot;:&quot;%7B%22url%22%3A%22%22%7D&quot;,&quot;post_id&quot;:0,&quot;query_args&quot;:{&quot;ignore_sticky_posts&quot;:1,&quot;post_type&quot;:&quot;any&quot;,&quot;post__in&quot;:[&quot;147&quot;,&quot;149&quot;,&quot;151&quot;,&quot;153&quot;,&quot;163&quot;,&quot;165&quot;,&quot;168&quot;,&quot;171&quot;,&quot;174&quot;,&quot;177&quot;,&quot;180&quot;,&quot;183&quot;,&quot;186&quot;,&quot;189&quot;,&quot;192&quot;,&quot;195&quot;],&quot;posts_per_page&quot;:&quot;20&quot;},&quot;orderby_query_args&quot;:{&quot;orderby&quot;:{&quot;post__in&quot;:&quot;ASC&quot;},&quot;order&quot;:&quot;ASC&quot;},&quot;type&quot;:&quot;grid&quot;,&quot;us_grid_post_type&quot;:&quot;ids&quot;,&quot;us_grid_ajax_index&quot;:1,&quot;us_grid_filter_query_string&quot;:null,&quot;us_grid_index&quot;:1,&quot;page_args&quot;:[]}}'><\/div>\r\n\t<\/div><\/div><\/div><\/div><\/div><\/div><\/section><section class=\"l-section wpb_row height_medium width_full\"><div class=\"l-section-h i-cf\"><div class=\"g-cols vc_row via_flex valign_top type_default stacking_default\"><div class=\"vc_col-sm-12 wpb_column vc_column_container\"><div class=\"vc_column-inner\"><div class=\"wpb_wrapper\"><h2 class=\"w-text us_custom_9bab5194 hr-lines-left\"><span class=\"w-text-h\"><span class=\"w-text-value\">Driving instructor<\/span><\/span><\/h2><div class=\"w-separator size_small\"><\/div><div class=\"g-cols wpb_row us_custom_bac9cef1 via_flex valign_top type_default stacking_default\"><div class=\"vc_col-sm-6 wpb_column vc_column_container\"><div class=\"vc_column-inner\"><div class=\"wpb_wrapper\"><div class=\"w-image align_left\"><div class=\"w-image-h\"><img decoding=\"async\" width=\"1600\" height=\"1063\" src=\"https:\/\/szal.bialystok.pl\/wp-content\/uploads\/2025\/01\/szkolenia-zawodowe.png\" class=\"attachment-full size-full\" alt=\"training room\" loading=\"lazy\" srcset=\"https:\/\/szal.bialystok.pl\/wp-content\/uploads\/2025\/01\/szkolenia-zawodowe.png 1600w, https:\/\/szal.bialystok.pl\/wp-content\/uploads\/2025\/01\/szkolenia-zawodowe-300x199.png 300w, https:\/\/szal.bialystok.pl\/wp-content\/uploads\/2025\/01\/szkolenia-zawodowe-1024x680.png 1024w\" sizes=\"auto, (max-width: 1600px) 100vw, 1600px\" \/><\/div><\/div><\/div><\/div><\/div><div class=\"vc_col-sm-6 wpb_column vc_column_container\"><div class=\"vc_column-inner\"><div class=\"wpb_wrapper\"><p class=\"w-text us_custom_4c0fc936 has_text_color\"><span class=\"w-text-h\"><span class=\"w-text-value\">Training price:<br \/>\nDriving instructor course cat. B or cat. A - PLN 3,500<br \/>\nsupplementary driving instructor course cat. A\/ B+E\/ C\/ C+E\/ D - 1800 z\u0142<\/span><\/span><\/p><div class=\"w-separator size_small with_line width_default thick_1 style_solid color_border align_center\"><div class=\"w-separator-h\"><\/div><\/div><p class=\"w-text us_custom_4c0fc936 has_text_color\"><span class=\"w-text-h\"><span class=\"w-text-value\">Najbli\u017cszy kurs: luty 2026<\/span><\/span><\/p><div class=\"w-separator size_small with_line width_default thick_1 style_solid color_border align_center\"><div class=\"w-separator-h\"><\/div><\/div><div class=\"wpb_text_column\"><div class=\"wpb_wrapper\"><p><strong>General information:<\/strong><\/p>\n<p>The driving instructor course prepares you for the national driving instructor examination. The scope of the training includes both theoretical and practical classes. Participants acquire knowledge in road traffic regulations, teaching methodology, driver psychology and driving techniques.<\/p>\n<\/div><\/div><\/div><\/div><\/div><\/div><div class=\"g-cols wpb_row us_custom_bac9cef1 via_flex valign_top type_default stacking_default\"><div class=\"vc_col-sm-12 wpb_column vc_column_container\"><div class=\"vc_column-inner\"><div class=\"wpb_wrapper\"><div class=\"w-separator size_small\"><\/div><div class=\"wpb_text_column\"><div class=\"wpb_wrapper\"><p><strong>Pre-course requirements:<\/strong><\/p>\n<ul>\n<li>driving licence for at least two years - Cat A or B instructor course<\/li>\n<li>driving licence for at least 1 year and 3 years' experience as a CAT B instructor - Cat B+E, C1, C1+E, C, C+E, D1, D1+E, D, D+E instructor.<br \/>\nYou do not need to have experience as an instructor if you have five years' proven experience in international road haulage as a driver of a category C and C+E vehicle or in international passenger transport or public transport as a driver of a category D1 and D vehicle.<\/li>\n<li>medical and psychological certificate of no contraindication to work as a driving instructor.<\/li>\n<li>declaration of no criminal record.<br \/>\nYou must not have been convicted of: an offence committed for financial or personal gain, an offence against road safety, driving under the influence of alcohol or other psychoactive substances, an offence against the reliability of documents, an offence against sexual freedom and morality, an intentional offence against life and health.<\/li>\n<\/ul>\n<hr \/>\n<\/div><\/div><div class=\"wpb_text_column\"><div class=\"wpb_wrapper\"><p><strong>Course programme:<\/strong><\/p>\n<p>theoretical classes - 130h (cat B or A).<br \/>\npractical classes - 55-85 clock hours (depending on the category).<\/p>\n<ul>\n<li>psychology - 10 hrs.<\/li>\n<li>teaching methodology - 50 hrs.<\/li>\n<li>Traffic law - 30 hrs.<\/li>\n<li>Steering and vehicle handling techniques - 18 hrs.<\/li>\n<li>road safety - 10 hrs.<\/li>\n<li>Rules for running a driver training centre - 6 hours.<\/li>\n<li>Driving technique and tactics - 2 hours + 5 hours (ODTJ)<\/li>\n<li>instructor practice - 4 hours + 50-85 hours.<\/li>\n<\/ul>\n<hr \/>\n<p>After completing the course and obtaining the instructor's licence (extension of the licence) there is a possibility of employment in OSK SZA\u0141<\/p>\n<\/div><\/div><div class=\"w-separator size_medium with_line width_default thick_1 style_solid color_border align_center\"><div class=\"w-separator-h\"><\/div><\/div><p class=\"w-text us_custom_d203d329\"><span class=\"w-text-h\"><span class=\"w-text-value\">Gallery<\/span><\/span><\/p><\/div><\/div><\/div><\/div><div class=\"w-gallery us_custom_bac9cef1 fit_cover type_grid action_popup_image ratio_1x1 count_1\" style=\"--columns:4;--items-gap:10px;\"><div class=\"w-gallery-list\"><div class=\"w-gallery-item\"><div class=\"w-gallery-item-img\"><img loading=\"lazy\" decoding=\"async\" width=\"1024\" height=\"680\" src=\"https:\/\/szal.bialystok.pl\/wp-content\/uploads\/2025\/01\/szkolenia-zawodowe-1024x680.png\" class=\"attachment-large size-large\" alt=\"training room\" srcset=\"https:\/\/szal.bialystok.pl\/wp-content\/uploads\/2025\/01\/szkolenia-zawodowe-1024x680.png 1024w, https:\/\/szal.bialystok.pl\/wp-content\/uploads\/2025\/01\/szkolenia-zawodowe-300x199.png 300w, https:\/\/szal.bialystok.pl\/wp-content\/uploads\/2025\/01\/szkolenia-zawodowe.png 1600w\" sizes=\"auto, (max-width: 1024px) 100vw, 1024px\" \/><\/div><a class=\"w-gallery-item-link\" aria-label=\"training room\" href=\"https:\/\/szal.bialystok.pl\/wp-content\/uploads\/2025\/01\/szkolenia-zawodowe.png\"><\/a><\/div><\/div><\/div><\/div><\/div><\/div><\/div><\/div><\/section>","protected":false},"excerpt":{"rendered":"Kurs z automatyczn\u0105 skrzyni\u0105 bieg\u00f3wWybierz kurs Kategoria AM Kategoria A1 Kategoria A2 Kategoria A Kategoria B Kategoria B1 Kategoria B+E Kategoria C Kategoria C+E Kategoria D Kwalifikacja wst\u0119pna, szkolenia okresowe &#8211; kod 95 Warsztaty doskonalenia zawodowego instruktor\u00f3w Kurs instruktora nauki jazdy Kursy prawa jazdy w j\u0119zyku angielskim Kursy prawa jazdy dla os\u00f3b z niepe\u0142nosprawno\u015bci\u0105 Kurs...","protected":false},"author":7,"featured_media":187,"parent":145,"menu_order":0,"comment_status":"closed","ping_status":"closed","template":"","meta":{"_acf_changed":false,"footnotes":""},"class_list":["post-186","page","type-page","status-publish","has-post-thumbnail","hentry"],"acf":[],"yoast_head":"<!-- This site is optimized with the Yoast SEO plugin v25.0 - https:\/\/yoast.com\/wordpress\/plugins\/seo\/ -->\n<title>Kurs instruktora nauki jazdy - OSK Sza\u0142 Bia\u0142ystok<\/title>\n<meta name=\"robots\" content=\"index, follow, max-snippet:-1, max-image-preview:large, max-video-preview:-1\" \/>\n<link rel=\"canonical\" href=\"https:\/\/szal.bialystok.pl\/en\/course\/driving-instructor-course\/\" \/>\n<meta property=\"og:locale\" content=\"en_GB\" \/>\n<meta property=\"og:type\" content=\"article\" \/>\n<meta property=\"og:title\" content=\"Kurs instruktora nauki jazdy - OSK Sza\u0142 Bia\u0142ystok\" \/>\n<meta property=\"og:url\" content=\"https:\/\/szal.bialystok.pl\/en\/course\/driving-instructor-course\/\" \/>\n<meta property=\"og:site_name\" content=\"OSK Sza\u0142 Bia\u0142ystok\" \/>\n<meta property=\"article:modified_time\" content=\"2025-12-22T14:13:03+00:00\" \/>\n<meta property=\"og:image\" content=\"https:\/\/szal.bialystok.pl\/wp-content\/uploads\/2025\/01\/driving-instructor-showing-vehicle-dashboard-buttons-student-taking-driving-lessons.png\" \/>\n\t<meta property=\"og:image:width\" content=\"160\" \/>\n\t<meta property=\"og:image:height\" content=\"160\" \/>\n\t<meta property=\"og:image:type\" content=\"image\/png\" \/>\n<meta name=\"twitter:card\" content=\"summary_large_image\" \/>\n<meta name=\"twitter:label1\" content=\"Estimated reading time\" \/>\n\t<meta name=\"twitter:data1\" content=\"3 minutes\" \/>\n<script type=\"application\/ld+json\" class=\"yoast-schema-graph\">{\"@context\":\"https:\/\/schema.org\",\"@graph\":[{\"@type\":\"WebPage\",\"@id\":\"https:\/\/szal.bialystok.pl\/kurs\/kurs-instruktora-nauki-jazdy\/\",\"url\":\"https:\/\/szal.bialystok.pl\/kurs\/kurs-instruktora-nauki-jazdy\/\",\"name\":\"Kurs instruktora nauki jazdy - OSK Sza\u0142 Bia\u0142ystok\",\"isPartOf\":{\"@id\":\"https:\/\/szal.bialystok.pl\/#website\"},\"primaryImageOfPage\":{\"@id\":\"https:\/\/szal.bialystok.pl\/kurs\/kurs-instruktora-nauki-jazdy\/#primaryimage\"},\"image\":{\"@id\":\"https:\/\/szal.bialystok.pl\/kurs\/kurs-instruktora-nauki-jazdy\/#primaryimage\"},\"thumbnailUrl\":\"https:\/\/szal.bialystok.pl\/wp-content\/uploads\/2025\/01\/driving-instructor-showing-vehicle-dashboard-buttons-student-taking-driving-lessons.png\",\"datePublished\":\"2025-01-17T08:45:17+00:00\",\"dateModified\":\"2025-12-22T14:13:03+00:00\",\"breadcrumb\":{\"@id\":\"https:\/\/szal.bialystok.pl\/kurs\/kurs-instruktora-nauki-jazdy\/#breadcrumb\"},\"inLanguage\":\"en-GB\",\"potentialAction\":[{\"@type\":\"ReadAction\",\"target\":[\"https:\/\/szal.bialystok.pl\/kurs\/kurs-instruktora-nauki-jazdy\/\"]}]},{\"@type\":\"ImageObject\",\"inLanguage\":\"en-GB\",\"@id\":\"https:\/\/szal.bialystok.pl\/kurs\/kurs-instruktora-nauki-jazdy\/#primaryimage\",\"url\":\"https:\/\/szal.bialystok.pl\/wp-content\/uploads\/2025\/01\/driving-instructor-showing-vehicle-dashboard-buttons-student-taking-driving-lessons.png\",\"contentUrl\":\"https:\/\/szal.bialystok.pl\/wp-content\/uploads\/2025\/01\/driving-instructor-showing-vehicle-dashboard-buttons-student-taking-driving-lessons.png\",\"width\":160,\"height\":160,\"caption\":\"Kobieta w trakcie lekcji nauki jazdy\"},{\"@type\":\"BreadcrumbList\",\"@id\":\"https:\/\/szal.bialystok.pl\/kurs\/kurs-instruktora-nauki-jazdy\/#breadcrumb\",\"itemListElement\":[{\"@type\":\"ListItem\",\"position\":1,\"name\":\"Strona g\u0142\u00f3wna\",\"item\":\"https:\/\/szal.bialystok.pl\/\"},{\"@type\":\"ListItem\",\"position\":2,\"name\":\"Kursy\",\"item\":\"https:\/\/szal.bialystok.pl\/kurs\/\"},{\"@type\":\"ListItem\",\"position\":3,\"name\":\"Kurs instruktora nauki jazdy\"}]},{\"@type\":\"WebSite\",\"@id\":\"https:\/\/szal.bialystok.pl\/#website\",\"url\":\"https:\/\/szal.bialystok.pl\/\",\"name\":\"O\u015brodek szkolenia kierowc\u00f3w - Sza\u0142\",\"description\":\"O\u015brodek szkolenia kierowc\u00f3w - Sza\u0142\",\"publisher\":{\"@id\":\"https:\/\/szal.bialystok.pl\/#organization\"},\"potentialAction\":[{\"@type\":\"SearchAction\",\"target\":{\"@type\":\"EntryPoint\",\"urlTemplate\":\"https:\/\/szal.bialystok.pl\/?s={search_term_string}\"},\"query-input\":{\"@type\":\"PropertyValueSpecification\",\"valueRequired\":true,\"valueName\":\"search_term_string\"}}],\"inLanguage\":\"en-GB\"},{\"@type\":\"Organization\",\"@id\":\"https:\/\/szal.bialystok.pl\/#organization\",\"name\":\"O\u015brodek szkolenia kierowc\u00f3w - Sza\u0142\",\"url\":\"https:\/\/szal.bialystok.pl\/\",\"logo\":{\"@type\":\"ImageObject\",\"inLanguage\":\"en-GB\",\"@id\":\"https:\/\/szal.bialystok.pl\/#\/schema\/logo\/image\/\",\"url\":\"https:\/\/szal.bialystok.pl\/wp-content\/uploads\/2025\/01\/logo-szal-kontakt.png\",\"contentUrl\":\"https:\/\/szal.bialystok.pl\/wp-content\/uploads\/2025\/01\/logo-szal-kontakt.png\",\"width\":354,\"height\":101,\"caption\":\"O\u015brodek szkolenia kierowc\u00f3w - Sza\u0142\"},\"image\":{\"@id\":\"https:\/\/szal.bialystok.pl\/#\/schema\/logo\/image\/\"}}]}<\/script>\n<!-- \/ Yoast SEO plugin. -->","yoast_head_json":{"title":"Kurs instruktora nauki jazdy - OSK Sza\u0142 Bia\u0142ystok","robots":{"index":"index","follow":"follow","max-snippet":"max-snippet:-1","max-image-preview":"max-image-preview:large","max-video-preview":"max-video-preview:-1"},"canonical":"https:\/\/szal.bialystok.pl\/en\/course\/driving-instructor-course\/","og_locale":"en_GB","og_type":"article","og_title":"Kurs instruktora nauki jazdy - OSK Sza\u0142 Bia\u0142ystok","og_url":"https:\/\/szal.bialystok.pl\/en\/course\/driving-instructor-course\/","og_site_name":"OSK Sza\u0142 Bia\u0142ystok","article_modified_time":"2025-12-22T14:13:03+00:00","og_image":[{"width":160,"height":160,"url":"https:\/\/szal.bialystok.pl\/wp-content\/uploads\/2025\/01\/driving-instructor-showing-vehicle-dashboard-buttons-student-taking-driving-lessons.png","type":"image\/png"}],"twitter_card":"summary_large_image","twitter_misc":{"Estimated reading time":"3 minutes"},"schema":{"@context":"https:\/\/schema.org","@graph":[{"@type":"WebPage","@id":"https:\/\/szal.bialystok.pl\/kurs\/kurs-instruktora-nauki-jazdy\/","url":"https:\/\/szal.bialystok.pl\/kurs\/kurs-instruktora-nauki-jazdy\/","name":"Kurs instruktora nauki jazdy - OSK Sza\u0142 Bia\u0142ystok","isPartOf":{"@id":"https:\/\/szal.bialystok.pl\/#website"},"primaryImageOfPage":{"@id":"https:\/\/szal.bialystok.pl\/kurs\/kurs-instruktora-nauki-jazdy\/#primaryimage"},"image":{"@id":"https:\/\/szal.bialystok.pl\/kurs\/kurs-instruktora-nauki-jazdy\/#primaryimage"},"thumbnailUrl":"https:\/\/szal.bialystok.pl\/wp-content\/uploads\/2025\/01\/driving-instructor-showing-vehicle-dashboard-buttons-student-taking-driving-lessons.png","datePublished":"2025-01-17T08:45:17+00:00","dateModified":"2025-12-22T14:13:03+00:00","breadcrumb":{"@id":"https:\/\/szal.bialystok.pl\/kurs\/kurs-instruktora-nauki-jazdy\/#breadcrumb"},"inLanguage":"en-GB","potentialAction":[{"@type":"ReadAction","target":["https:\/\/szal.bialystok.pl\/kurs\/kurs-instruktora-nauki-jazdy\/"]}]},{"@type":"ImageObject","inLanguage":"en-GB","@id":"https:\/\/szal.bialystok.pl\/kurs\/kurs-instruktora-nauki-jazdy\/#primaryimage","url":"https:\/\/szal.bialystok.pl\/wp-content\/uploads\/2025\/01\/driving-instructor-showing-vehicle-dashboard-buttons-student-taking-driving-lessons.png","contentUrl":"https:\/\/szal.bialystok.pl\/wp-content\/uploads\/2025\/01\/driving-instructor-showing-vehicle-dashboard-buttons-student-taking-driving-lessons.png","width":160,"height":160,"caption":"Kobieta w trakcie lekcji nauki jazdy"},{"@type":"BreadcrumbList","@id":"https:\/\/szal.bialystok.pl\/kurs\/kurs-instruktora-nauki-jazdy\/#breadcrumb","itemListElement":[{"@type":"ListItem","position":1,"name":"Strona g\u0142\u00f3wna","item":"https:\/\/szal.bialystok.pl\/"},{"@type":"ListItem","position":2,"name":"Kursy","item":"https:\/\/szal.bialystok.pl\/kurs\/"},{"@type":"ListItem","position":3,"name":"Kurs instruktora nauki jazdy"}]},{"@type":"WebSite","@id":"https:\/\/szal.bialystok.pl\/#website","url":"https:\/\/szal.bialystok.pl\/","name":"O\u015brodek szkolenia kierowc\u00f3w - Sza\u0142","description":"O\u015brodek szkolenia kierowc\u00f3w - Sza\u0142","publisher":{"@id":"https:\/\/szal.bialystok.pl\/#organization"},"potentialAction":[{"@type":"SearchAction","target":{"@type":"EntryPoint","urlTemplate":"https:\/\/szal.bialystok.pl\/?s={search_term_string}"},"query-input":{"@type":"PropertyValueSpecification","valueRequired":true,"valueName":"search_term_string"}}],"inLanguage":"en-GB"},{"@type":"Organization","@id":"https:\/\/szal.bialystok.pl\/#organization","name":"O\u015brodek szkolenia kierowc\u00f3w - Sza\u0142","url":"https:\/\/szal.bialystok.pl\/","logo":{"@type":"ImageObject","inLanguage":"en-GB","@id":"https:\/\/szal.bialystok.pl\/#\/schema\/logo\/image\/","url":"https:\/\/szal.bialystok.pl\/wp-content\/uploads\/2025\/01\/logo-szal-kontakt.png","contentUrl":"https:\/\/szal.bialystok.pl\/wp-content\/uploads\/2025\/01\/logo-szal-kontakt.png","width":354,"height":101,"caption":"O\u015brodek szkolenia kierowc\u00f3w - Sza\u0142"},"image":{"@id":"https:\/\/szal.bialystok.pl\/#\/schema\/logo\/image\/"}}]}},"_links":{"self":[{"href":"https:\/\/szal.bialystok.pl\/en\/wp-json\/wp\/v2\/pages\/186","targetHints":{"allow":["GET"]}}],"collection":[{"href":"https:\/\/szal.bialystok.pl\/en\/wp-json\/wp\/v2\/pages"}],"about":[{"href":"https:\/\/szal.bialystok.pl\/en\/wp-json\/wp\/v2\/types\/page"}],"author":[{"embeddable":true,"href":"https:\/\/szal.bialystok.pl\/en\/wp-json\/wp\/v2\/users\/7"}],"replies":[{"embeddable":true,"href":"https:\/\/szal.bialystok.pl\/en\/wp-json\/wp\/v2\/comments?post=186"}],"version-history":[{"count":10,"href":"https:\/\/szal.bialystok.pl\/en\/wp-json\/wp\/v2\/pages\/186\/revisions"}],"predecessor-version":[{"id":1408,"href":"https:\/\/szal.bialystok.pl\/en\/wp-json\/wp\/v2\/pages\/186\/revisions\/1408"}],"up":[{"embeddable":true,"href":"https:\/\/szal.bialystok.pl\/en\/wp-json\/wp\/v2\/pages\/145"}],"wp:featuredmedia":[{"embeddable":true,"href":"https:\/\/szal.bialystok.pl\/en\/wp-json\/wp\/v2\/media\/187"}],"wp:attachment":[{"href":"https:\/\/szal.bialystok.pl\/en\/wp-json\/wp\/v2\/media?parent=186"}],"curies":[{"name":"wp","href":"https:\/\/api.w.org\/{rel}","templated":true}]}}