{"id":454,"date":"2025-01-21T10:09:04","date_gmt":"2025-01-21T09:09:04","guid":{"rendered":"https:\/\/szal.bialystok.pl\/?page_id=454"},"modified":"2025-01-21T16:04:07","modified_gmt":"2025-01-21T15:04:07","slug":"poradnik","status":"publish","type":"page","link":"https:\/\/szal.bialystok.pl\/en\/guide\/","title":{"rendered":"Guide"},"content":{"rendered":"<section class=\"l-section wpb_row height_medium width_full with_img\"><div class=\"l-section-img\" role=\"img\" data-img-width=\"1440\" data-img-height=\"292\" style=\"background-image: url(https:\/\/szal.bialystok.pl\/wp-content\/uploads\/2025\/01\/image-3-2.png);background-repeat: no-repeat;\"><\/div><div class=\"l-section-h i-cf\"><div class=\"g-cols vc_row via_flex valign_top type_default stacking_default\"><div class=\"vc_col-sm-12 wpb_column vc_column_container\"><div class=\"vc_column-inner\"><div class=\"wpb_wrapper\"><\/div><\/div><\/div><\/div><\/div><\/section><section class=\"l-section wpb_row height_medium width_full\"><div class=\"l-section-h i-cf\"><div class=\"g-cols vc_row via_flex valign_top type_default stacking_default\"><div class=\"vc_col-sm-12 wpb_column vc_column_container\"><div class=\"vc_column-inner\"><div class=\"wpb_wrapper\"><h1 class=\"w-text us_custom_fdd2a3e2 hr-lines\"><span class=\"w-text-h\"><span class=\"w-text-value\">Guide<\/span><\/span><\/h1><div class=\"w-image align_center\"><div class=\"w-image-h\"><img decoding=\"async\" width=\"1280\" height=\"1024\" src=\"https:\/\/szal.bialystok.pl\/wp-content\/uploads\/2025\/01\/poradnik.jpg\" class=\"attachment-full size-full\" alt=\"guide\" loading=\"lazy\" srcset=\"https:\/\/szal.bialystok.pl\/wp-content\/uploads\/2025\/01\/poradnik.jpg 1280w, https:\/\/szal.bialystok.pl\/wp-content\/uploads\/2025\/01\/poradnik-300x240.jpg 300w, https:\/\/szal.bialystok.pl\/wp-content\/uploads\/2025\/01\/poradnik-1024x819.jpg 1024w\" sizes=\"auto, (max-width: 1280px) 100vw, 1280px\" \/><\/div><\/div><div class=\"w-separator size_medium\"><\/div><\/div><\/div><\/div><\/div><\/div><\/section><section class=\"l-section wpb_row height_medium width_full\"><div class=\"l-section-h i-cf\"><div class=\"g-cols vc_row via_flex valign_top type_default stacking_default\"><div class=\"vc_col-sm-12 wpb_column vc_column_container\"><div class=\"vc_column-inner\"><div class=\"wpb_wrapper\"><div class=\"w-grid us_custom_06689292 us_post_list type_grid layout_blog_1 cols_4 with_css_animation\" id=\"us_post_list_m158\" style=\"--gap:1.5rem;\" data-filterable=\"true\"><style>@media (max-width:1024px){#us_post_list_m158 .w-grid-item{width:50%}}@media (max-width:600px){#us_post_list_m158 .w-grid-list{margin:0}#us_post_list_m158 .w-grid-item{width:100%;padding:0;margin-bottom:var(--gap,0px)}}@media (min-width:1024px){#us_post_list_m158 .w-post-elm.post_title{font-size:18px!important}}.layout_blog_1 .w-grid-item-h{}.layout_blog_1 .usg_post_image_1{margin-bottom:0.5rem!important}.layout_blog_1 .usg_post_title_1{font-size:1rem!important}<\/style><div class=\"w-grid-list\">\t<article class=\"w-grid-item us_animate_afl size_1x1 post-615 post type-post status-publish format-standard has-post-thumbnail hentry category-poradnik\" data-id=\"615\" style=\"animation-delay:0s\">\r\n\t\t<div class=\"w-grid-item-h\">\r\n\t\t\t\t\t\t<div class=\"w-post-elm post_image usg_post_image_1 stretched\"><a href=\"https:\/\/szal.bialystok.pl\/en\/profile-of-the-candidate-driver\/\" aria-label=\"Profile of the Driver Candidate\"><img loading=\"lazy\" decoding=\"async\" width=\"1024\" height=\"682\" src=\"https:\/\/szal.bialystok.pl\/wp-content\/uploads\/2025\/01\/DST_9324-1024x682.png\" class=\"attachment-large size-large wp-post-image\" alt=\"white and green school training car Frenzy\" srcset=\"https:\/\/szal.bialystok.pl\/wp-content\/uploads\/2025\/01\/DST_9324-1024x682.png 1024w, https:\/\/szal.bialystok.pl\/wp-content\/uploads\/2025\/01\/DST_9324-300x200.png 300w, https:\/\/szal.bialystok.pl\/wp-content\/uploads\/2025\/01\/DST_9324.png 1600w\" sizes=\"auto, (max-width: 1024px) 100vw, 1024px\" \/><\/a><\/div><h2 class=\"w-post-elm post_title usg_post_title_1 entry-title color_link_inherit\"><a href=\"https:\/\/szal.bialystok.pl\/en\/profile-of-the-candidate-driver\/\">Profile of the Driver Candidate<\/a><\/h2>\t\t<\/div>\r\n\t\t\t<\/article>\r\n\t<article class=\"w-grid-item us_animate_afl size_1x1 post-613 post type-post status-publish format-standard has-post-thumbnail hentry category-poradnik\" data-id=\"613\" style=\"animation-delay:0.1s\">\r\n\t\t<div class=\"w-grid-item-h\">\r\n\t\t\t\t\t\t<div class=\"w-post-elm post_image usg_post_image_1 stretched\"><a href=\"https:\/\/szal.bialystok.pl\/en\/film-guides\/\" aria-label=\"Film guides\"><img loading=\"lazy\" decoding=\"async\" width=\"1024\" height=\"682\" src=\"https:\/\/szal.bialystok.pl\/wp-content\/uploads\/2025\/01\/DST_9346-1024x682.png\" class=\"attachment-large size-large wp-post-image\" alt=\"Grey and black school car craze\" srcset=\"https:\/\/szal.bialystok.pl\/wp-content\/uploads\/2025\/01\/DST_9346-1024x682.png 1024w, https:\/\/szal.bialystok.pl\/wp-content\/uploads\/2025\/01\/DST_9346-300x200.png 300w, https:\/\/szal.bialystok.pl\/wp-content\/uploads\/2025\/01\/DST_9346.png 1600w\" sizes=\"auto, (max-width: 1024px) 100vw, 1024px\" \/><\/a><\/div><h2 class=\"w-post-elm post_title usg_post_title_1 entry-title color_link_inherit\"><a href=\"https:\/\/szal.bialystok.pl\/en\/film-guides\/\">Film guides<\/a><\/h2>\t\t<\/div>\r\n\t\t\t<\/article>\r\n\t<article class=\"w-grid-item us_animate_afl size_1x1 post-611 post type-post status-publish format-standard has-post-thumbnail hentry category-poradnik\" data-id=\"611\" style=\"animation-delay:0.2s\">\r\n\t\t<div class=\"w-grid-item-h\">\r\n\t\t\t\t\t\t<div class=\"w-post-elm post_image usg_post_image_1 stretched\"><a href=\"https:\/\/szal.bialystok.pl\/en\/eco-driving\/\" aria-label=\"Eco-driving\"><img loading=\"lazy\" decoding=\"async\" width=\"1024\" height=\"682\" src=\"https:\/\/szal.bialystok.pl\/wp-content\/uploads\/2025\/01\/DST_9340-1024x682.png\" class=\"attachment-large size-large wp-post-image\" alt=\"red yellow training vehicle of the school Frenzy\" srcset=\"https:\/\/szal.bialystok.pl\/wp-content\/uploads\/2025\/01\/DST_9340-1024x682.png 1024w, https:\/\/szal.bialystok.pl\/wp-content\/uploads\/2025\/01\/DST_9340-300x200.png 300w, https:\/\/szal.bialystok.pl\/wp-content\/uploads\/2025\/01\/DST_9340.png 1600w\" sizes=\"auto, (max-width: 1024px) 100vw, 1024px\" \/><\/a><\/div><h2 class=\"w-post-elm post_title usg_post_title_1 entry-title color_link_inherit\"><a href=\"https:\/\/szal.bialystok.pl\/en\/eco-driving\/\">Eco-driving<\/a><\/h2>\t\t<\/div>\r\n\t\t\t<\/article>\r\n\t<article class=\"w-grid-item us_animate_afl size_1x1 post-598 post type-post status-publish format-standard has-post-thumbnail hentry category-poradnik\" data-id=\"598\" style=\"animation-delay:0.3s\">\r\n\t\t<div class=\"w-grid-item-h\">\r\n\t\t\t\t\t\t<div class=\"w-post-elm post_image usg_post_image_1 stretched\"><a href=\"https:\/\/szal.bialystok.pl\/en\/profile-of-the-professional-driver\/\" aria-label=\"Profile of a professional driver\"><img loading=\"lazy\" decoding=\"async\" width=\"1024\" height=\"683\" src=\"https:\/\/szal.bialystok.pl\/wp-content\/uploads\/2025\/01\/B-15-1-1024x683.png\" class=\"attachment-large size-large wp-post-image\" alt=\"\" srcset=\"https:\/\/szal.bialystok.pl\/wp-content\/uploads\/2025\/01\/B-15-1-1024x683.png 1024w, https:\/\/szal.bialystok.pl\/wp-content\/uploads\/2025\/01\/B-15-1-300x200.png 300w, https:\/\/szal.bialystok.pl\/wp-content\/uploads\/2025\/01\/B-15-1.png 1600w\" sizes=\"auto, (max-width: 1024px) 100vw, 1024px\" \/><\/a><\/div><h2 class=\"w-post-elm post_title usg_post_title_1 entry-title color_link_inherit\"><a href=\"https:\/\/szal.bialystok.pl\/en\/profile-of-the-professional-driver\/\">Profile of a professional driver<\/a><\/h2>\t\t<\/div>\r\n\t\t\t<\/article>\r\n\t<article class=\"w-grid-item us_animate_afl size_1x1 post-608 post type-post status-publish format-standard has-post-thumbnail hentry category-poradnik\" data-id=\"608\" style=\"animation-delay:0.4s\">\r\n\t\t<div class=\"w-grid-item-h\">\r\n\t\t\t\t\t\t<div class=\"w-post-elm post_image usg_post_image_1 stretched\"><a href=\"https:\/\/szal.bialystok.pl\/en\/online-driving-licence-course\/\" aria-label=\"Online driving licence course\"><img loading=\"lazy\" decoding=\"async\" width=\"800\" height=\"537\" src=\"https:\/\/szal.bialystok.pl\/wp-content\/uploads\/2025\/01\/automat-niepelnosprawni-1.png\" class=\"attachment-large size-large wp-post-image\" alt=\"Car with automatic transmission adapted for disabled persons\" srcset=\"https:\/\/szal.bialystok.pl\/wp-content\/uploads\/2025\/01\/automat-niepelnosprawni-1.png 800w, https:\/\/szal.bialystok.pl\/wp-content\/uploads\/2025\/01\/automat-niepelnosprawni-1-300x201.png 300w\" sizes=\"auto, (max-width: 800px) 100vw, 800px\" \/><\/a><\/div><h2 class=\"w-post-elm post_title usg_post_title_1 entry-title color_link_inherit\"><a href=\"https:\/\/szal.bialystok.pl\/en\/online-driving-licence-course\/\">Online driving licence course<\/a><\/h2>\t\t<\/div>\r\n\t\t\t<\/article>\r\n\t<article class=\"w-grid-item us_animate_afl size_1x1 post-1208 post type-post status-publish format-standard has-post-thumbnail hentry category-poradnik\" data-id=\"1208\" style=\"animation-delay:0.5s\">\r\n\t\t<div class=\"w-grid-item-h\">\r\n\t\t\t\t\t\t<div class=\"w-post-elm post_image usg_post_image_1 stretched\"><a href=\"https:\/\/szal.bialystok.pl\/en\/jakie-sa-najczestsze-bledy-podczas-kursow-prawa-jazdy-i-jak-ich-uniknac\/\" aria-label=\"Jakie s\u0105 najcz\u0119stsze b\u0142\u0119dy podczas kurs\u00f3w prawa jazdy i jak ich unikn\u0105\u0107?\"><img loading=\"lazy\" decoding=\"async\" width=\"1024\" height=\"683\" src=\"https:\/\/szal.bialystok.pl\/wp-content\/uploads\/2025\/09\/uczestnicy-kurs-prawa-jazdy-egzamin-1024x683.jpg\" class=\"attachment-large size-large wp-post-image\" alt=\"Grupa os\u00f3b uczestniczy w szkoleniu teoretycznym dotycz\u0105cym kurs\u00f3w prawa jazdy w sali z komputerami.\" srcset=\"https:\/\/szal.bialystok.pl\/wp-content\/uploads\/2025\/09\/uczestnicy-kurs-prawa-jazdy-egzamin-1024x683.jpg 1024w, https:\/\/szal.bialystok.pl\/wp-content\/uploads\/2025\/09\/uczestnicy-kurs-prawa-jazdy-egzamin-300x200.jpg 300w, https:\/\/szal.bialystok.pl\/wp-content\/uploads\/2025\/09\/uczestnicy-kurs-prawa-jazdy-egzamin-18x12.jpg 18w, https:\/\/szal.bialystok.pl\/wp-content\/uploads\/2025\/09\/uczestnicy-kurs-prawa-jazdy-egzamin.jpg 1200w\" sizes=\"auto, (max-width: 1024px) 100vw, 1024px\" \/><\/a><\/div><h2 class=\"w-post-elm post_title usg_post_title_1 entry-title color_link_inherit\"><a href=\"https:\/\/szal.bialystok.pl\/en\/jakie-sa-najczestsze-bledy-podczas-kursow-prawa-jazdy-i-jak-ich-uniknac\/\">Jakie s\u0105 najcz\u0119stsze b\u0142\u0119dy podczas kurs\u00f3w prawa jazdy i jak ich unikn\u0105\u0107?<\/a><\/h2>\t\t<\/div>\r\n\t\t\t<\/article>\r\n\t<article class=\"w-grid-item us_animate_afl size_1x1 post-1390 post type-post status-publish format-standard has-post-thumbnail hentry category-poradnik\" data-id=\"1390\" style=\"animation-delay:0.6s\">\r\n\t\t<div class=\"w-grid-item-h\">\r\n\t\t\t\t\t\t<div class=\"w-post-elm post_image usg_post_image_1 stretched\"><a href=\"https:\/\/szal.bialystok.pl\/en\/czy-prawo-jazdy-a2-to-dobry-wybor-dla-mlodych-milosnikow-motocykli\/\" aria-label=\"Czy prawo jazdy A2 to dobry wyb\u00f3r dla m\u0142odych mi\u0142o\u015bnik\u00f3w motocykli?\"><img loading=\"lazy\" decoding=\"async\" width=\"1024\" height=\"683\" src=\"https:\/\/szal.bialystok.pl\/wp-content\/uploads\/2025\/12\/motocykl-kurs-na-prawo-jazdy-a2-1024x683.jpg\" class=\"attachment-large size-large wp-post-image\" alt=\"Osoba na motocyklu \u0107wiczy manewry na kurs na prawo jazdy A2.\" srcset=\"https:\/\/szal.bialystok.pl\/wp-content\/uploads\/2025\/12\/motocykl-kurs-na-prawo-jazdy-a2-1024x683.jpg 1024w, https:\/\/szal.bialystok.pl\/wp-content\/uploads\/2025\/12\/motocykl-kurs-na-prawo-jazdy-a2-300x200.jpg 300w, https:\/\/szal.bialystok.pl\/wp-content\/uploads\/2025\/12\/motocykl-kurs-na-prawo-jazdy-a2-18x12.jpg 18w, https:\/\/szal.bialystok.pl\/wp-content\/uploads\/2025\/12\/motocykl-kurs-na-prawo-jazdy-a2.jpg 1200w\" sizes=\"auto, (max-width: 1024px) 100vw, 1024px\" \/><\/a><\/div><h2 class=\"w-post-elm post_title usg_post_title_1 entry-title color_link_inherit\"><a href=\"https:\/\/szal.bialystok.pl\/en\/czy-prawo-jazdy-a2-to-dobry-wybor-dla-mlodych-milosnikow-motocykli\/\">Czy prawo jazdy A2 to dobry wyb\u00f3r dla m\u0142odych mi\u0142o\u015bnik\u00f3w motocykli?<\/a><\/h2>\t\t<\/div>\r\n\t\t\t<\/article>\r\n<\/div><div class=\"g-loadmore hidden\"><div class=\"g-preloader type_1\"><div><\/div><\/div><\/div><div class=\"w-grid-list-json hidden\" onclick='return {&quot;max_num_pages&quot;:0,&quot;pagination&quot;:&quot;none&quot;,&quot;paged&quot;:1,&quot;ajaxData&quot;:{&quot;_nonce&quot;:&quot;6f952ee627&quot;,&quot;action&quot;:&quot;us_ajax_post_list&quot;,&quot;template_vars&quot;:{&quot;paged&quot;:1,&quot;max_num_pages&quot;:0,&quot;no_results&quot;:false,&quot;source&quot;:&quot;all&quot;,&quot;custom_field_name&quot;:&quot;&quot;,&quot;ids&quot;:&quot;&quot;,&quot;post_type&quot;:&quot;post&quot;,&quot;post_author&quot;:&quot;any&quot;,&quot;post_author_ids&quot;:&quot;&quot;,&quot;exclude_children&quot;:0,&quot;exclude_current_post&quot;:1,&quot;exclude_prev_posts&quot;:0,&quot;apply_url_params&quot;:0,&quot;tax_query_relation&quot;:&quot;AND&quot;,&quot;tax_query&quot;:&quot;%5B%7B%22operator%22%3A%22IN%22%2C%22taxonomy%22%3A%22category%22%2C%22terms%22%3A%223%22%2C%22include_children%22%3A%220%22%7D%5D&quot;,&quot;meta_query_relation&quot;:&quot;none&quot;,&quot;meta_query&quot;:[{&quot;key&quot;:&quot;custom_field_name&quot;,&quot;compare&quot;:&quot;=&quot;,&quot;value&quot;:&quot;&quot;}],&quot;orderby&quot;:&quot;modified&quot;,&quot;orderby_custom_field&quot;:&quot;&quot;,&quot;orderby_custom_type&quot;:0,&quot;order_invert&quot;:0,&quot;show_all&quot;:&quot;1&quot;,&quot;quantity&quot;:&quot;12&quot;,&quot;no_items_action&quot;:&quot;message&quot;,&quot;no_items_message&quot;:&quot;No results found.&quot;,&quot;no_items_page_block&quot;:&quot;&quot;,&quot;pagination&quot;:&quot;none&quot;,&quot;pagination_style&quot;:&quot;&quot;,&quot;pagination_btn_text&quot;:&quot;Load More&quot;,&quot;pagination_btn_size&quot;:&quot;&quot;,&quot;pagination_btn_style&quot;:&quot;1&quot;,&quot;pagination_btn_fullwidth&quot;:0,&quot;items_layout&quot;:&quot;blog_1&quot;,&quot;type&quot;:&quot;grid&quot;,&quot;items_valign&quot;:0,&quot;ignore_items_size&quot;:0,&quot;load_animation&quot;:&quot;afl&quot;,&quot;columns&quot;:&quot;4&quot;,&quot;items_gap&quot;:&quot;1.5rem&quot;,&quot;img_size&quot;:&quot;default&quot;,&quot;title_size&quot;:&quot;18px&quot;,&quot;items_ratio&quot;:&quot;default&quot;,&quot;items_ratio_width&quot;:&quot;21&quot;,&quot;items_ratio_height&quot;:&quot;9&quot;,&quot;overriding_link&quot;:&quot;%7B%22url%22%3A%22%22%7D&quot;,&quot;popup_width&quot;:&quot;&quot;,&quot;popup_arrows&quot;:1,&quot;breakpoint_1_width&quot;:&quot;1281px&quot;,&quot;breakpoint_1_cols&quot;:&quot;default&quot;,&quot;breakpoint_1_gap&quot;:&quot;&quot;,&quot;breakpoint_2_width&quot;:&quot;1025px&quot;,&quot;breakpoint_2_cols&quot;:&quot;2&quot;,&quot;breakpoint_2_gap&quot;:&quot;&quot;,&quot;breakpoint_3_width&quot;:&quot;601px&quot;,&quot;breakpoint_3_cols&quot;:&quot;1&quot;,&quot;breakpoint_3_gap&quot;:&quot;&quot;,&quot;conditions_operator&quot;:&quot;always&quot;,&quot;conditions&quot;:[],&quot;css&quot;:&quot;%7B%22default%22%3A%7B%22padding-left%22%3A%2210rem%22%2C%22padding-right%22%3A%2210rem%22%7D%2C%22laptops%22%3A%7B%22padding-left%22%3A%2210rem%22%2C%22padding-right%22%3A%2210rem%22%7D%2C%22tablets%22%3A%7B%22padding-left%22%3A%2210rem%22%2C%22padding-right%22%3A%2210rem%22%7D%2C%22mobiles%22%3A%7B%22padding-left%22%3A%222rem%22%2C%22padding-right%22%3A%222rem%22%7D%7D&quot;,&quot;el_class&quot;:&quot;&quot;,&quot;el_id&quot;:&quot;&quot;,&quot;enable_custom_html_atts&quot;:0,&quot;custom_html_atts&quot;:null,&quot;hide_on_states&quot;:&quot;&quot;,&quot;hide_for_sticky&quot;:0,&quot;hide_for_not_sticky&quot;:0,&quot;hide_below&quot;:&quot;0px&quot;,&quot;hide_above&quot;:&quot;0px&quot;,&quot;classes&quot;:&quot; us_custom_06689292&quot;,&quot;design_css_class&quot;:&quot;us_custom_06689292&quot;}}}'><\/div><\/div><\/div><\/div><\/div><\/div><\/div><\/section>","protected":false},"excerpt":{"rendered":"Spis tre\u015bci Czy m\u0142odzi mi\u0142o\u015bnicy motocykli powinni rozwa\u017cy\u0107 kurs na prawo jazdy A2? Czy prawo jazdy A2 daje wystarczaj\u0105ce mo\u017cliwo\u015bci? Jak wygl\u0105da kurs na prawo jazdy A2 z perspektywy m\u0142odych? Czy warto inwestowa\u0107 w kurs na prawo jazdy A2? Czy kurs na prawo jazdy A2 jest spe\u0142nieniem marze\u0144 dla m\u0142odzie\u017cy? Najpopularniejsze pytania i odpowiedzi Czy...","protected":false},"author":7,"featured_media":0,"parent":0,"menu_order":0,"comment_status":"closed","ping_status":"closed","template":"","meta":{"_acf_changed":false,"footnotes":""},"class_list":["post-454","page","type-page","status-publish","hentry"],"acf":[],"yoast_head":"<!-- This site is optimized with the Yoast SEO plugin v25.0 - https:\/\/yoast.com\/wordpress\/plugins\/seo\/ -->\n<title>Poradnik - OSK Sza\u0142 Bia\u0142ystok<\/title>\n<meta name=\"robots\" content=\"noindex, nofollow\" \/>\n<meta property=\"og:locale\" content=\"en_GB\" \/>\n<meta property=\"og:type\" content=\"article\" \/>\n<meta property=\"og:title\" content=\"Poradnik - OSK Sza\u0142 Bia\u0142ystok\" \/>\n<meta property=\"og:url\" content=\"https:\/\/szal.bialystok.pl\/en\/guide\/\" \/>\n<meta property=\"og:site_name\" content=\"OSK Sza\u0142 Bia\u0142ystok\" \/>\n<meta property=\"article:modified_time\" content=\"2025-01-21T15:04:07+00:00\" \/>\n<meta name=\"twitter:card\" content=\"summary_large_image\" \/>\n<meta name=\"twitter:label1\" content=\"Estimated reading time\" \/>\n\t<meta name=\"twitter:data1\" content=\"1 minute\" \/>\n<script type=\"application\/ld+json\" class=\"yoast-schema-graph\">{\"@context\":\"https:\/\/schema.org\",\"@graph\":[{\"@type\":\"WebPage\",\"@id\":\"https:\/\/szal.bialystok.pl\/poradnik\/\",\"url\":\"https:\/\/szal.bialystok.pl\/poradnik\/\",\"name\":\"Poradnik - OSK Sza\u0142 Bia\u0142ystok\",\"isPartOf\":{\"@id\":\"https:\/\/szal.bialystok.pl\/#website\"},\"datePublished\":\"2025-01-21T09:09:04+00:00\",\"dateModified\":\"2025-01-21T15:04:07+00:00\",\"breadcrumb\":{\"@id\":\"https:\/\/szal.bialystok.pl\/poradnik\/#breadcrumb\"},\"inLanguage\":\"en-GB\",\"potentialAction\":[{\"@type\":\"ReadAction\",\"target\":[\"https:\/\/szal.bialystok.pl\/poradnik\/\"]}]},{\"@type\":\"BreadcrumbList\",\"@id\":\"https:\/\/szal.bialystok.pl\/poradnik\/#breadcrumb\",\"itemListElement\":[{\"@type\":\"ListItem\",\"position\":1,\"name\":\"Strona g\u0142\u00f3wna\",\"item\":\"https:\/\/szal.bialystok.pl\/\"},{\"@type\":\"ListItem\",\"position\":2,\"name\":\"Poradnik\"}]},{\"@type\":\"WebSite\",\"@id\":\"https:\/\/szal.bialystok.pl\/#website\",\"url\":\"https:\/\/szal.bialystok.pl\/\",\"name\":\"O\u015brodek szkolenia kierowc\u00f3w - Sza\u0142\",\"description\":\"O\u015brodek szkolenia kierowc\u00f3w - Sza\u0142\",\"publisher\":{\"@id\":\"https:\/\/szal.bialystok.pl\/#organization\"},\"potentialAction\":[{\"@type\":\"SearchAction\",\"target\":{\"@type\":\"EntryPoint\",\"urlTemplate\":\"https:\/\/szal.bialystok.pl\/?s={search_term_string}\"},\"query-input\":{\"@type\":\"PropertyValueSpecification\",\"valueRequired\":true,\"valueName\":\"search_term_string\"}}],\"inLanguage\":\"en-GB\"},{\"@type\":\"Organization\",\"@id\":\"https:\/\/szal.bialystok.pl\/#organization\",\"name\":\"O\u015brodek szkolenia kierowc\u00f3w - Sza\u0142\",\"url\":\"https:\/\/szal.bialystok.pl\/\",\"logo\":{\"@type\":\"ImageObject\",\"inLanguage\":\"en-GB\",\"@id\":\"https:\/\/szal.bialystok.pl\/#\/schema\/logo\/image\/\",\"url\":\"https:\/\/szal.bialystok.pl\/wp-content\/uploads\/2025\/01\/logo-szal-kontakt.png\",\"contentUrl\":\"https:\/\/szal.bialystok.pl\/wp-content\/uploads\/2025\/01\/logo-szal-kontakt.png\",\"width\":354,\"height\":101,\"caption\":\"O\u015brodek szkolenia kierowc\u00f3w - Sza\u0142\"},\"image\":{\"@id\":\"https:\/\/szal.bialystok.pl\/#\/schema\/logo\/image\/\"}}]}<\/script>\n<!-- \/ Yoast SEO plugin. -->","yoast_head_json":{"title":"Poradnik - OSK Sza\u0142 Bia\u0142ystok","robots":{"index":"noindex","follow":"nofollow"},"og_locale":"en_GB","og_type":"article","og_title":"Poradnik - OSK Sza\u0142 Bia\u0142ystok","og_url":"https:\/\/szal.bialystok.pl\/en\/guide\/","og_site_name":"OSK Sza\u0142 Bia\u0142ystok","article_modified_time":"2025-01-21T15:04:07+00:00","twitter_card":"summary_large_image","twitter_misc":{"Estimated reading time":"1 minute"},"schema":{"@context":"https:\/\/schema.org","@graph":[{"@type":"WebPage","@id":"https:\/\/szal.bialystok.pl\/poradnik\/","url":"https:\/\/szal.bialystok.pl\/poradnik\/","name":"Poradnik - OSK Sza\u0142 Bia\u0142ystok","isPartOf":{"@id":"https:\/\/szal.bialystok.pl\/#website"},"datePublished":"2025-01-21T09:09:04+00:00","dateModified":"2025-01-21T15:04:07+00:00","breadcrumb":{"@id":"https:\/\/szal.bialystok.pl\/poradnik\/#breadcrumb"},"inLanguage":"en-GB","potentialAction":[{"@type":"ReadAction","target":["https:\/\/szal.bialystok.pl\/poradnik\/"]}]},{"@type":"BreadcrumbList","@id":"https:\/\/szal.bialystok.pl\/poradnik\/#breadcrumb","itemListElement":[{"@type":"ListItem","position":1,"name":"Strona g\u0142\u00f3wna","item":"https:\/\/szal.bialystok.pl\/"},{"@type":"ListItem","position":2,"name":"Poradnik"}]},{"@type":"WebSite","@id":"https:\/\/szal.bialystok.pl\/#website","url":"https:\/\/szal.bialystok.pl\/","name":"O\u015brodek szkolenia kierowc\u00f3w - Sza\u0142","description":"O\u015brodek szkolenia kierowc\u00f3w - Sza\u0142","publisher":{"@id":"https:\/\/szal.bialystok.pl\/#organization"},"potentialAction":[{"@type":"SearchAction","target":{"@type":"EntryPoint","urlTemplate":"https:\/\/szal.bialystok.pl\/?s={search_term_string}"},"query-input":{"@type":"PropertyValueSpecification","valueRequired":true,"valueName":"search_term_string"}}],"inLanguage":"en-GB"},{"@type":"Organization","@id":"https:\/\/szal.bialystok.pl\/#organization","name":"O\u015brodek szkolenia kierowc\u00f3w - Sza\u0142","url":"https:\/\/szal.bialystok.pl\/","logo":{"@type":"ImageObject","inLanguage":"en-GB","@id":"https:\/\/szal.bialystok.pl\/#\/schema\/logo\/image\/","url":"https:\/\/szal.bialystok.pl\/wp-content\/uploads\/2025\/01\/logo-szal-kontakt.png","contentUrl":"https:\/\/szal.bialystok.pl\/wp-content\/uploads\/2025\/01\/logo-szal-kontakt.png","width":354,"height":101,"caption":"O\u015brodek szkolenia kierowc\u00f3w - Sza\u0142"},"image":{"@id":"https:\/\/szal.bialystok.pl\/#\/schema\/logo\/image\/"}}]}},"_links":{"self":[{"href":"https:\/\/szal.bialystok.pl\/en\/wp-json\/wp\/v2\/pages\/454","targetHints":{"allow":["GET"]}}],"collection":[{"href":"https:\/\/szal.bialystok.pl\/en\/wp-json\/wp\/v2\/pages"}],"about":[{"href":"https:\/\/szal.bialystok.pl\/en\/wp-json\/wp\/v2\/types\/page"}],"author":[{"embeddable":true,"href":"https:\/\/szal.bialystok.pl\/en\/wp-json\/wp\/v2\/users\/7"}],"replies":[{"embeddable":true,"href":"https:\/\/szal.bialystok.pl\/en\/wp-json\/wp\/v2\/comments?post=454"}],"version-history":[{"count":9,"href":"https:\/\/szal.bialystok.pl\/en\/wp-json\/wp\/v2\/pages\/454\/revisions"}],"predecessor-version":[{"id":620,"href":"https:\/\/szal.bialystok.pl\/en\/wp-json\/wp\/v2\/pages\/454\/revisions\/620"}],"wp:attachment":[{"href":"https:\/\/szal.bialystok.pl\/en\/wp-json\/wp\/v2\/media?parent=454"}],"curies":[{"name":"wp","href":"https:\/\/api.w.org\/{rel}","templated":true}]}}