{"id":653,"date":"2025-01-22T08:57:18","date_gmt":"2025-01-22T07:57:18","guid":{"rendered":"https:\/\/szal.bialystok.pl\/?page_id=653"},"modified":"2025-02-26T14:29:17","modified_gmt":"2025-02-26T13:29:17","slug":"kadra","status":"publish","type":"page","link":"https:\/\/szal.bialystok.pl\/en\/staff\/","title":{"rendered":"Staff"},"content":{"rendered":"<section class=\"l-section wpb_row height_medium width_full with_img\"><div class=\"l-section-img\" role=\"img\" data-img-width=\"1440\" data-img-height=\"292\" style=\"background-image: url(https:\/\/szal.bialystok.pl\/wp-content\/uploads\/2025\/01\/image-3-2.png);background-repeat: no-repeat;\"><\/div><div class=\"l-section-h i-cf\"><div class=\"g-cols vc_row via_flex valign_top type_default stacking_default\"><div class=\"vc_col-sm-12 wpb_column vc_column_container\"><div class=\"vc_column-inner\"><div class=\"wpb_wrapper\"><\/div><\/div><\/div><\/div><\/div><\/section><section class=\"l-section wpb_row height_medium width_full\"><div class=\"l-section-h i-cf\"><div class=\"g-cols vc_row via_flex valign_top type_default stacking_default\"><div class=\"vc_col-sm-12 wpb_column vc_column_container\"><div class=\"vc_column-inner\"><div class=\"wpb_wrapper\"><h1 class=\"w-text us_custom_fdd2a3e2 hr-lines\"><span class=\"w-text-h\"><span class=\"w-text-value\">Staff<\/span><\/span><\/h1><\/div><\/div><\/div><\/div><\/div><\/section><section class=\"l-section wpb_row us_custom_deb5246e height_medium width_full\"><div class=\"l-section-h i-cf\"><div class=\"g-cols vc_row via_flex valign_top type_default stacking_default\"><div class=\"vc_col-sm-12 wpb_column vc_column_container\"><div class=\"vc_column-inner\"><div class=\"wpb_wrapper\"><div class=\"g-cols wpb_row us_custom_9a801057 via_flex valign_top type_default stacking_default\"><div class=\"vc_col-sm-3 wpb_column vc_column_container\"><div class=\"vc_column-inner\"><div class=\"wpb_wrapper\"><p class=\"w-text us_custom_1c4fc795\"><span class=\"w-text-h\"><span class=\"w-text-value\">Miroslaw Czaplejewicz<\/span><\/span><\/p><div class=\"w-text\"><span class=\"w-text-h\"><span class=\"w-text-value\">instruktor kat. B<\/span><\/span><\/div><\/div><\/div><\/div><div class=\"vc_col-sm-3 wpb_column vc_column_container\"><div class=\"vc_column-inner\"><div class=\"wpb_wrapper\"><p class=\"w-text us_custom_1c4fc795\"><span class=\"w-text-h\"><span class=\"w-text-value\">Tadeusz Kasianowicz<\/span><\/span><\/p><p class=\"w-text\"><span class=\"w-text-h\"><span class=\"w-text-value\">driving instructor cat. B<\/span><\/span><\/p><\/div><\/div><\/div><div class=\"vc_col-sm-3 wpb_column vc_column_container\"><div class=\"vc_column-inner\"><div class=\"wpb_wrapper\"><p class=\"w-text us_custom_1c4fc795\"><span class=\"w-text-h\"><span class=\"w-text-value\">Kacper \u0141agoda<\/span><\/span><\/p><p class=\"w-text\"><span class=\"w-text-h\"><span class=\"w-text-value\">Cat B instructor<\/span><\/span><\/p><\/div><\/div><\/div><div class=\"vc_col-sm-3 wpb_column vc_column_container\"><div class=\"vc_column-inner\"><div class=\"wpb_wrapper\"><p class=\"w-text us_custom_1c4fc795\"><span class=\"w-text-h\"><span class=\"w-text-value\">Pawe\u0142 Rozumek<\/span><\/span><\/p><p class=\"w-text\"><span class=\"w-text-h\"><span class=\"w-text-value\">Cat B instructor<\/span><\/span><\/p><\/div><\/div><\/div><\/div><div class=\"g-cols wpb_row us_custom_4e0caaa4 via_flex valign_top type_default stacking_default\"><div class=\"vc_col-sm-3 wpb_column vc_column_container\"><div class=\"vc_column-inner\"><div class=\"wpb_wrapper\"><p class=\"w-text us_custom_1c4fc795\"><span class=\"w-text-h\"><span class=\"w-text-value\">Kamil Suchodolski<\/span><\/span><\/p><p class=\"w-text\"><span class=\"w-text-h\"><span class=\"w-text-value\">Cat B instructor, lecturer<\/span><\/span><\/p><\/div><\/div><\/div><div class=\"vc_col-sm-3 wpb_column vc_column_container\"><div class=\"vc_column-inner\"><div class=\"wpb_wrapper\"><p class=\"w-text us_custom_1c4fc795\"><span class=\"w-text-h\"><span class=\"w-text-value\">Rafa\u0142 Choru\u017cy<\/span><\/span><\/p><p class=\"w-text\"><span class=\"w-text-h\"><span class=\"w-text-value\">Cat B instructor<\/span><\/span><\/p><\/div><\/div><\/div><div class=\"vc_col-sm-3 wpb_column vc_column_container\"><div class=\"vc_column-inner\"><div class=\"wpb_wrapper\"><p class=\"w-text us_custom_1c4fc795\"><span class=\"w-text-h\"><span class=\"w-text-value\">Zdzis\u0142aw Wrzesi\u0144ski<\/span><\/span><\/p><p class=\"w-text\"><span class=\"w-text-h\"><span class=\"w-text-value\">Cat B instructor<\/span><\/span><\/p><\/div><\/div><\/div><div class=\"vc_col-sm-3 wpb_column vc_column_container\"><div class=\"vc_column-inner\"><div class=\"wpb_wrapper\"><p class=\"w-text us_custom_1c4fc795\"><span class=\"w-text-h\"><span class=\"w-text-value\">Zbigniew Perkowski<\/span><\/span><\/p><p class=\"w-text\"><span class=\"w-text-h\"><span class=\"w-text-value\">instructor cat. AM,A1,A2,A,B1<\/span><\/span><\/p><\/div><\/div><\/div><\/div><div class=\"g-cols wpb_row us_custom_4e0caaa4 via_flex valign_top type_default stacking_default\"><div class=\"vc_col-sm-3 wpb_column vc_column_container\"><div class=\"vc_column-inner\"><div class=\"wpb_wrapper\"><p class=\"w-text us_custom_1c4fc795\"><span class=\"w-text-h\"><span class=\"w-text-value\">Piotr Pleszuk<\/span><\/span><\/p><p class=\"w-text\"><span class=\"w-text-h\"><span class=\"w-text-value\">instructor cat. B,C,C+E,D<\/span><\/span><\/p><\/div><\/div><\/div><div class=\"vc_col-sm-3 wpb_column vc_column_container\"><div class=\"vc_column-inner\"><div class=\"wpb_wrapper\"><p class=\"w-text us_custom_1c4fc795\"><span class=\"w-text-h\"><span class=\"w-text-value\">Anna Bielewicz<\/span><\/span><\/p><p class=\"w-text\"><span class=\"w-text-h\"><span class=\"w-text-value\">Cat B instructor<\/span><\/span><\/p><\/div><\/div><\/div><div class=\"vc_col-sm-3 wpb_column vc_column_container\"><div class=\"vc_column-inner\"><div class=\"wpb_wrapper\"><p class=\"w-text us_custom_1c4fc795\"><span class=\"w-text-h\"><span class=\"w-text-value\">Krzysztof Kopycinski<\/span><\/span><\/p><p class=\"w-text\"><span class=\"w-text-h\"><span class=\"w-text-value\">Cat B instructor<\/span><\/span><\/p><\/div><\/div><\/div><div class=\"vc_col-sm-3 wpb_column vc_column_container\"><div class=\"vc_column-inner\"><div class=\"wpb_wrapper\"><p class=\"w-text us_custom_1c4fc795\"><span class=\"w-text-h\"><span class=\"w-text-value\">Ewa Szcz\u0119sna<\/span><\/span><\/p><p class=\"w-text\"><span class=\"w-text-h\"><span class=\"w-text-value\">Cat B instructor<\/span><\/span><\/p><\/div><\/div><\/div><\/div><div class=\"g-cols wpb_row us_custom_4e0caaa4 via_flex valign_top type_default stacking_default\"><div class=\"vc_col-sm-3 wpb_column vc_column_container\"><div class=\"vc_column-inner\"><div class=\"wpb_wrapper\"><p class=\"w-text us_custom_1c4fc795\"><span class=\"w-text-h\"><span class=\"w-text-value\">Szczepan \u0141agoda<\/span><\/span><\/p><p class=\"w-text\"><span class=\"w-text-h\"><span class=\"w-text-value\">Cat A, B instructor, owner<\/span><\/span><\/p><\/div><\/div><\/div><div class=\"vc_col-sm-3 wpb_column vc_column_container\"><div class=\"vc_column-inner\"><div class=\"wpb_wrapper\"><p class=\"w-text us_custom_1c4fc795\"><span class=\"w-text-h\"><span class=\"w-text-value\">Adam Tylman<\/span><\/span><\/p><p class=\"w-text\"><span class=\"w-text-h\"><span class=\"w-text-value\">Lecturer<\/span><\/span><\/p><\/div><\/div><\/div><div class=\"vc_col-sm-3 wpb_column vc_column_container\"><div class=\"vc_column-inner\"><div class=\"wpb_wrapper\"><p class=\"w-text us_custom_1c4fc795\"><span class=\"w-text-h\"><span class=\"w-text-value\">Pawe\u0142 \u0141agoda<\/span><\/span><\/p><p class=\"w-text\"><span class=\"w-text-h\"><span class=\"w-text-value\">Instructor for cat. AM,A1,A2, A, B, C, C+E<\/span><\/span><\/p><\/div><\/div><\/div><div class=\"vc_col-sm-3 wpb_column vc_column_container\"><div class=\"vc_column-inner\"><div class=\"wpb_wrapper\"><div class=\"w-text\"><span class=\"w-text-h\"><span class=\"w-text-value\">Katarzyna Kubicka<\/span><\/span><\/div><div class=\"w-text\"><span class=\"w-text-h\"><span class=\"w-text-value\">instruktor kat. B<\/span><\/span><\/div><\/div><\/div><\/div><\/div><div class=\"g-cols wpb_row us_custom_4e0caaa4 via_flex valign_top type_default stacking_default\"><div class=\"vc_col-sm-3 wpb_column vc_column_container\"><div class=\"vc_column-inner\"><div class=\"wpb_wrapper\"><div class=\"w-text\"><span class=\"w-text-h\"><span class=\"w-text-value\">Daniel Grygorczuk<\/span><\/span><\/div><div class=\"w-text\"><span class=\"w-text-h\"><span class=\"w-text-value\">instruktor kat. AM,A1,A2,A,C,C+E,D<\/span><\/span><\/div><\/div><\/div><\/div><div class=\"vc_col-sm-3 wpb_column vc_column_container\"><div class=\"vc_column-inner\"><div class=\"wpb_wrapper\"><div class=\"w-text\"><span class=\"w-text-h\"><span class=\"w-text-value\">Kamil Szmigielski<\/span><\/span><\/div><div class=\"w-text\"><span class=\"w-text-h\"><span class=\"w-text-value\">instruktor kat. AM,A1,A2,A,C,C+E,D<\/span><\/span><\/div><\/div><\/div><\/div><div class=\"vc_col-sm-3 wpb_column vc_column_container\"><div class=\"vc_column-inner\"><div class=\"wpb_wrapper\"><div class=\"w-text\"><span class=\"w-text-h\"><span class=\"w-text-value\">Piotr Pleszuk<\/span><\/span><\/div><div class=\"w-text\"><span class=\"w-text-h\"><span class=\"w-text-value\">instructor cat. B,C,C+E,D<\/span><\/span><\/div><\/div><\/div><\/div><div class=\"vc_col-sm-3 wpb_column vc_column_container\"><div class=\"vc_column-inner\"><div class=\"wpb_wrapper\"><div class=\"w-text\"><span class=\"w-text-h\"><span class=\"w-text-value\">Adam Tylman<\/span><\/span><\/div><div class=\"w-text\"><span class=\"w-text-h\"><span class=\"w-text-value\">wyk\u0142adowca<\/span><\/span><\/div><\/div><\/div><\/div><\/div><div class=\"g-cols wpb_row us_custom_4e0caaa4 via_flex valign_top type_default stacking_default\"><div class=\"vc_col-sm-3 wpb_column vc_column_container\"><div class=\"vc_column-inner\"><div class=\"wpb_wrapper\"><div class=\"w-text\"><span class=\"w-text-h\"><span class=\"w-text-value\">Jan Tichoniuk<\/span><\/span><\/div><div class=\"w-text\"><span class=\"w-text-h\"><span class=\"w-text-value\">instruktor kat. B<\/span><\/span><\/div><\/div><\/div><\/div><div class=\"vc_col-sm-3 wpb_column vc_column_container\"><div class=\"vc_column-inner\"><div class=\"wpb_wrapper\"><div class=\"w-text\"><span class=\"w-text-h\"><span class=\"w-text-value\">Andrzej Jarosz<\/span><\/span><\/div><div class=\"w-text\"><span class=\"w-text-h\"><span class=\"w-text-value\">wyk\u0142adowca<\/span><\/span><\/div><\/div><\/div><\/div><div class=\"vc_col-sm-3 wpb_column vc_column_container\"><div class=\"vc_column-inner\"><div class=\"wpb_wrapper\"><div class=\"w-text\"><span class=\"w-text-h\"><span class=\"w-text-value\">Mieczys\u0142aw Stalbowski<\/span><\/span><\/div><div class=\"w-text\"><span class=\"w-text-h\"><span class=\"w-text-value\">wyk\u0142adowca<\/span><\/span><\/div><\/div><\/div><\/div><div class=\"vc_col-sm-3 wpb_column vc_column_container\"><div class=\"vc_column-inner\"><div class=\"wpb_wrapper\"><div class=\"w-text\"><span class=\"w-text-h\"><span class=\"w-text-value\">Dariusz Oniszczuk<\/span><\/span><\/div><div class=\"w-text\"><span class=\"w-text-h\"><span class=\"w-text-value\">wyk\u0142adowca<\/span><\/span><\/div><\/div><\/div><\/div><\/div><\/div><\/div><\/div><\/div><\/div><\/section>","protected":false},"excerpt":{"rendered":"KadraMiros\u0142aw Czaplejewiczinstruktor kat. BTadeusz Kasianowiczinstruktor nauki jazdy kat. BKacper \u0141agodaInstruktor kat. BPawe\u0142 RozumekInstruktor kat. BKamil SuchodolskiInstruktor kat. B, wyk\u0142adowcaRafa\u0142 Choru\u017cyInstruktor kat. BZdzis\u0142aw Wrzesi\u0144skiInstruktor kat. BZbigniew Perkowskiinstruktor kat. AM,A1,A2,A,B1Piotr Pleszukinstruktor kat. B,C,C+E,DAnna BielewiczInstruktor kat. BKrzysztof Kopyci\u0144skiInstruktor kat. BEwa Szcz\u0119snaInstruktor kat. BSzczepan \u0141agodaInstruktor kat. A, B, w\u0142a\u015bcicielAdam TylmanWyk\u0142adowcaPawe\u0142 \u0141agodaInstruktor kat. AM,A1,A2, A, B, C, C+EKatarzyna Kubickainstruktor kat....","protected":false},"author":7,"featured_media":0,"parent":0,"menu_order":0,"comment_status":"closed","ping_status":"closed","template":"","meta":{"_acf_changed":false,"footnotes":""},"class_list":["post-653","page","type-page","status-publish","hentry"],"acf":[],"yoast_head":"<!-- This site is optimized with the Yoast SEO plugin v25.0 - https:\/\/yoast.com\/wordpress\/plugins\/seo\/ -->\n<title>Kadra - OSK Sza\u0142 Bia\u0142ystok<\/title>\n<meta name=\"robots\" content=\"index, follow, max-snippet:-1, max-image-preview:large, max-video-preview:-1\" \/>\n<link rel=\"canonical\" href=\"https:\/\/szal.bialystok.pl\/en\/staff\/\" \/>\n<meta property=\"og:locale\" content=\"en_GB\" \/>\n<meta property=\"og:type\" content=\"article\" \/>\n<meta property=\"og:title\" content=\"Kadra - OSK Sza\u0142 Bia\u0142ystok\" \/>\n<meta property=\"og:url\" content=\"https:\/\/szal.bialystok.pl\/en\/staff\/\" \/>\n<meta property=\"og:site_name\" content=\"OSK Sza\u0142 Bia\u0142ystok\" \/>\n<meta property=\"article:modified_time\" content=\"2025-02-26T13:29:17+00:00\" \/>\n<meta name=\"twitter:card\" content=\"summary_large_image\" \/>\n<meta name=\"twitter:label1\" content=\"Estimated reading time\" \/>\n\t<meta name=\"twitter:data1\" content=\"8 minutes\" \/>\n<script type=\"application\/ld+json\" class=\"yoast-schema-graph\">{\"@context\":\"https:\/\/schema.org\",\"@graph\":[{\"@type\":\"WebPage\",\"@id\":\"https:\/\/szal.bialystok.pl\/kadra\/\",\"url\":\"https:\/\/szal.bialystok.pl\/kadra\/\",\"name\":\"Kadra - OSK Sza\u0142 Bia\u0142ystok\",\"isPartOf\":{\"@id\":\"https:\/\/szal.bialystok.pl\/#website\"},\"datePublished\":\"2025-01-22T07:57:18+00:00\",\"dateModified\":\"2025-02-26T13:29:17+00:00\",\"breadcrumb\":{\"@id\":\"https:\/\/szal.bialystok.pl\/kadra\/#breadcrumb\"},\"inLanguage\":\"en-GB\",\"potentialAction\":[{\"@type\":\"ReadAction\",\"target\":[\"https:\/\/szal.bialystok.pl\/kadra\/\"]}]},{\"@type\":\"BreadcrumbList\",\"@id\":\"https:\/\/szal.bialystok.pl\/kadra\/#breadcrumb\",\"itemListElement\":[{\"@type\":\"ListItem\",\"position\":1,\"name\":\"Strona g\u0142\u00f3wna\",\"item\":\"https:\/\/szal.bialystok.pl\/\"},{\"@type\":\"ListItem\",\"position\":2,\"name\":\"Kadra\"}]},{\"@type\":\"WebSite\",\"@id\":\"https:\/\/szal.bialystok.pl\/#website\",\"url\":\"https:\/\/szal.bialystok.pl\/\",\"name\":\"O\u015brodek szkolenia kierowc\u00f3w - Sza\u0142\",\"description\":\"O\u015brodek szkolenia kierowc\u00f3w - Sza\u0142\",\"publisher\":{\"@id\":\"https:\/\/szal.bialystok.pl\/#organization\"},\"potentialAction\":[{\"@type\":\"SearchAction\",\"target\":{\"@type\":\"EntryPoint\",\"urlTemplate\":\"https:\/\/szal.bialystok.pl\/?s={search_term_string}\"},\"query-input\":{\"@type\":\"PropertyValueSpecification\",\"valueRequired\":true,\"valueName\":\"search_term_string\"}}],\"inLanguage\":\"en-GB\"},{\"@type\":\"Organization\",\"@id\":\"https:\/\/szal.bialystok.pl\/#organization\",\"name\":\"O\u015brodek szkolenia kierowc\u00f3w - Sza\u0142\",\"url\":\"https:\/\/szal.bialystok.pl\/\",\"logo\":{\"@type\":\"ImageObject\",\"inLanguage\":\"en-GB\",\"@id\":\"https:\/\/szal.bialystok.pl\/#\/schema\/logo\/image\/\",\"url\":\"https:\/\/szal.bialystok.pl\/wp-content\/uploads\/2025\/01\/logo-szal-kontakt.png\",\"contentUrl\":\"https:\/\/szal.bialystok.pl\/wp-content\/uploads\/2025\/01\/logo-szal-kontakt.png\",\"width\":354,\"height\":101,\"caption\":\"O\u015brodek szkolenia kierowc\u00f3w - Sza\u0142\"},\"image\":{\"@id\":\"https:\/\/szal.bialystok.pl\/#\/schema\/logo\/image\/\"}}]}<\/script>\n<!-- \/ Yoast SEO plugin. -->","yoast_head_json":{"title":"Kadra - OSK Sza\u0142 Bia\u0142ystok","robots":{"index":"index","follow":"follow","max-snippet":"max-snippet:-1","max-image-preview":"max-image-preview:large","max-video-preview":"max-video-preview:-1"},"canonical":"https:\/\/szal.bialystok.pl\/en\/staff\/","og_locale":"en_GB","og_type":"article","og_title":"Kadra - OSK Sza\u0142 Bia\u0142ystok","og_url":"https:\/\/szal.bialystok.pl\/en\/staff\/","og_site_name":"OSK Sza\u0142 Bia\u0142ystok","article_modified_time":"2025-02-26T13:29:17+00:00","twitter_card":"summary_large_image","twitter_misc":{"Estimated reading time":"8 minutes"},"schema":{"@context":"https:\/\/schema.org","@graph":[{"@type":"WebPage","@id":"https:\/\/szal.bialystok.pl\/kadra\/","url":"https:\/\/szal.bialystok.pl\/kadra\/","name":"Kadra - OSK Sza\u0142 Bia\u0142ystok","isPartOf":{"@id":"https:\/\/szal.bialystok.pl\/#website"},"datePublished":"2025-01-22T07:57:18+00:00","dateModified":"2025-02-26T13:29:17+00:00","breadcrumb":{"@id":"https:\/\/szal.bialystok.pl\/kadra\/#breadcrumb"},"inLanguage":"en-GB","potentialAction":[{"@type":"ReadAction","target":["https:\/\/szal.bialystok.pl\/kadra\/"]}]},{"@type":"BreadcrumbList","@id":"https:\/\/szal.bialystok.pl\/kadra\/#breadcrumb","itemListElement":[{"@type":"ListItem","position":1,"name":"Strona g\u0142\u00f3wna","item":"https:\/\/szal.bialystok.pl\/"},{"@type":"ListItem","position":2,"name":"Kadra"}]},{"@type":"WebSite","@id":"https:\/\/szal.bialystok.pl\/#website","url":"https:\/\/szal.bialystok.pl\/","name":"O\u015brodek szkolenia kierowc\u00f3w - Sza\u0142","description":"O\u015brodek szkolenia kierowc\u00f3w - Sza\u0142","publisher":{"@id":"https:\/\/szal.bialystok.pl\/#organization"},"potentialAction":[{"@type":"SearchAction","target":{"@type":"EntryPoint","urlTemplate":"https:\/\/szal.bialystok.pl\/?s={search_term_string}"},"query-input":{"@type":"PropertyValueSpecification","valueRequired":true,"valueName":"search_term_string"}}],"inLanguage":"en-GB"},{"@type":"Organization","@id":"https:\/\/szal.bialystok.pl\/#organization","name":"O\u015brodek szkolenia kierowc\u00f3w - Sza\u0142","url":"https:\/\/szal.bialystok.pl\/","logo":{"@type":"ImageObject","inLanguage":"en-GB","@id":"https:\/\/szal.bialystok.pl\/#\/schema\/logo\/image\/","url":"https:\/\/szal.bialystok.pl\/wp-content\/uploads\/2025\/01\/logo-szal-kontakt.png","contentUrl":"https:\/\/szal.bialystok.pl\/wp-content\/uploads\/2025\/01\/logo-szal-kontakt.png","width":354,"height":101,"caption":"O\u015brodek szkolenia kierowc\u00f3w - Sza\u0142"},"image":{"@id":"https:\/\/szal.bialystok.pl\/#\/schema\/logo\/image\/"}}]}},"_links":{"self":[{"href":"https:\/\/szal.bialystok.pl\/en\/wp-json\/wp\/v2\/pages\/653","targetHints":{"allow":["GET"]}}],"collection":[{"href":"https:\/\/szal.bialystok.pl\/en\/wp-json\/wp\/v2\/pages"}],"about":[{"href":"https:\/\/szal.bialystok.pl\/en\/wp-json\/wp\/v2\/types\/page"}],"author":[{"embeddable":true,"href":"https:\/\/szal.bialystok.pl\/en\/wp-json\/wp\/v2\/users\/7"}],"replies":[{"embeddable":true,"href":"https:\/\/szal.bialystok.pl\/en\/wp-json\/wp\/v2\/comments?post=653"}],"version-history":[{"count":10,"href":"https:\/\/szal.bialystok.pl\/en\/wp-json\/wp\/v2\/pages\/653\/revisions"}],"predecessor-version":[{"id":949,"href":"https:\/\/szal.bialystok.pl\/en\/wp-json\/wp\/v2\/pages\/653\/revisions\/949"}],"wp:attachment":[{"href":"https:\/\/szal.bialystok.pl\/en\/wp-json\/wp\/v2\/media?parent=653"}],"curies":[{"name":"wp","href":"https:\/\/api.w.org\/{rel}","templated":true}]}}