{"id":718,"date":"2025-01-29T09:33:30","date_gmt":"2025-01-29T08:33:30","guid":{"rendered":"https:\/\/szal.bialystok.pl\/?page_id=718"},"modified":"2026-01-28T14:28:11","modified_gmt":"2026-01-28T13:28:11","slug":"dofinansowania","status":"publish","type":"page","link":"https:\/\/szal.bialystok.pl\/en\/subsidies\/","title":{"rendered":"Subsidies"},"content":{"rendered":"<section class=\"l-section wpb_row height_medium width_full with_img\"><div class=\"l-section-img\" role=\"img\" data-img-width=\"1440\" data-img-height=\"292\" style=\"background-image: url(https:\/\/szal.bialystok.pl\/wp-content\/uploads\/2025\/01\/szal.bialystok.pl-1084682741956766.png);background-repeat: no-repeat;\"><\/div><div class=\"l-section-h i-cf\"><div class=\"g-cols vc_row via_flex valign_top type_default stacking_default\"><div class=\"vc_col-sm-12 wpb_column vc_column_container\"><div class=\"vc_column-inner\"><div class=\"wpb_wrapper\"><\/div><\/div><\/div><\/div><\/div><\/section><section class=\"l-section wpb_row height_medium width_full\"><div class=\"l-section-h i-cf\"><div class=\"g-cols vc_row via_flex valign_top type_default stacking_default\"><div class=\"vc_col-sm-12 wpb_column vc_column_container\"><div class=\"vc_column-inner\"><div class=\"wpb_wrapper\"><h1 class=\"w-text us_custom_37cc23fd hr-lines\"><span class=\"w-text-h\"><span class=\"w-text-value\">Subsidies<\/span><\/span><\/h1><h2 class=\"w-text us_custom_9bab5194 hr-lines-left\"><span class=\"w-text-h\"><span class=\"w-text-value\">CURRENT POSSIBLE FORMS OF FUNDING<br \/>\nDRIVING LICENCE AND VOCATIONAL DRIVER TRAINING COURSES<\/span><\/span><\/h2><div class=\"w-separator us_custom_e59614df size_small\"><\/div><div class=\"wpb_text_column us_custom_06689292\"><div class=\"wpb_wrapper\"><h3>PROFESSIONAL STAFF OF PODLASIA - support for the development of qualifications of the inhabitants of the Bia\u0142ystok sub-region<\/h3>\n<p>The target group of the project consists of people who are interested in improving their skills or acquiring qualifications on their own initiative, especially:<\/p>\n<ul>\n<li>low-skilled persons<\/li>\n<li>people aged 50 and over<\/li>\n<li>economically inactive women<\/li>\n<li>Ukrainian citizens who found employment in the Podlaskie Voivodeship after the outbreak of war<\/li>\n<li>long-term care workers<\/li>\n<\/ul>\n<p>Amount of funding - up to PLN 7350<br \/>\nProject participant's own contribution 5% or 10% of the development service price<\/p>\n<p>More information about the project <a href=\"https:\/\/pkp.iph.bialystok.pl\/\" rel=\"nofollow\">https:\/\/pkp.iph.bialystok.pl\/<\/a><\/p>\n<p>Development Services Database <a href=\"https:\/\/uslugirozwojowe.parp.gov.pl\/wyszukiwarka\/uslugi\/szukaj?dostawcyUslug%5B%5D=12333&amp;mozliwoscDofinansowania=0\" rel=\"nofollow\">https:\/\/uslugirozwojowe.parp.gov.pl\/<\/a><\/p>\n<p>Please contact us in advance to tailor the service to the participant's needs.<\/p>\n<\/div><\/div><div class=\"w-separator us_custom_e59614df size_small with_line width_default thick_1 style_solid color_border align_center\"><div class=\"w-separator-h\"><\/div><\/div><div class=\"wpb_text_column us_custom_bac9cef1\"><div class=\"wpb_wrapper\"><h3>Poviat Labour Office in Bialystok<\/h3>\n<p>TRAINING AND TRAINING VOUCHERS<\/p>\n<p>Within the framework of the training voucher, the starost finances the unemployed person up to the amount of 100% of the average salary in force on the day the training voucher was granted. The starost finances the costs of training, medical examinations and travel and accommodation up to the amount specified in the training voucher, and the unemployed person covers costs exceeding this limit.<\/p>\n<p>More information : <a href=\"https:\/\/bialystok.praca.gov.pl\/-\/nabor-wnioskow-o-przyznanie-bonu-na-ksztalcenie-ustawiczne\">https:\/\/bialystok.praca.gov.pl\/-\/nabor-wnioskow-o-przyznanie-bonu-na-ksztalcenie-ustawiczne<\/a><\/p>\n<\/div><\/div><div class=\"wpb_text_column us_custom_bac9cef1\"><div class=\"wpb_wrapper\"><p><span style=\"font-size: medium;\">SUBSIDISATION OF CONTINUING TRAINING COSTS UNDER THE NATIONAL TRAINING FUND<\/span><\/p>\n<p>The National Training Fund is a separate part of the Labour Fund dedicated to subsidising lifelong learning for employees and employers.<br \/>\nAn employer seeking funding for the costs of continuing education must make an own contribution of 20% of the costs, while 80% of the costs of continuing education will be funded by the KFS. In the case of a micro-enterprise, i.e. an employer with up to 10 employees, 100% of the costs of continuing training can be financed by the KFS. However, the total co-financing from KFS funds cannot exceed 300% of the average salary in a given year per participant.<\/p>\n<p>&nbsp;<\/p>\n<\/div><\/div><div class=\"w-separator us_custom_e59614df size_small with_line width_default thick_1 style_solid color_border align_center\"><div class=\"w-separator-h\"><\/div><\/div><\/div><\/div><\/div><\/div><\/div><\/section>","protected":false},"excerpt":{"rendered":"DofinansowaniaAKTUALNE MO\u017bLIWE FORMY DOFINANSOWANIA KURS\u00d3W PRAWA JAZDY I SZKOLE\u0143 ZAWODOWYCH KIEROWC\u00d3WPROFESJONALNE KADRY PODLASIA \u2013 wsparcie rozwoju kwalifikacji mieszka\u0144c\u00f3w subregionu bia\u0142ostockiego Grup\u0119 docelow\u0105 projektu stanowi\u0105 osoby, kt\u00f3re z w\u0142asnej inicjatywy s\u0105 zainteresowane podniesieniem swoich umiej\u0119tno\u015bci lub nabyciem kwalifikacji, szczeg\u00f3lnie: osoby o niskich kwalifikacjach osoby w wieku 50 lat i wi\u0119cej kobiety bierne zawodowo obywatele Ukrainy, kt\u00f3rzy...","protected":false},"author":7,"featured_media":0,"parent":0,"menu_order":0,"comment_status":"closed","ping_status":"closed","template":"","meta":{"_acf_changed":false,"footnotes":""},"class_list":["post-718","page","type-page","status-publish","hentry"],"acf":[],"yoast_head":"<!-- This site is optimized with the Yoast SEO plugin v25.0 - https:\/\/yoast.com\/wordpress\/plugins\/seo\/ -->\n<title>Dofinansowania - OSK Sza\u0142 Bia\u0142ystok<\/title>\n<meta name=\"robots\" content=\"index, follow, max-snippet:-1, max-image-preview:large, max-video-preview:-1\" \/>\n<link rel=\"canonical\" href=\"https:\/\/szal.bialystok.pl\/en\/subsidies\/\" \/>\n<meta property=\"og:locale\" content=\"en_GB\" \/>\n<meta property=\"og:type\" content=\"article\" \/>\n<meta property=\"og:title\" content=\"Dofinansowania - OSK Sza\u0142 Bia\u0142ystok\" \/>\n<meta property=\"og:url\" content=\"https:\/\/szal.bialystok.pl\/en\/subsidies\/\" \/>\n<meta property=\"og:site_name\" content=\"OSK Sza\u0142 Bia\u0142ystok\" \/>\n<meta property=\"article:modified_time\" content=\"2026-01-28T13:28:11+00:00\" \/>\n<meta name=\"twitter:card\" content=\"summary_large_image\" \/>\n<meta name=\"twitter:label1\" content=\"Estimated reading time\" \/>\n\t<meta name=\"twitter:data1\" content=\"4 minutes\" \/>\n<script type=\"application\/ld+json\" class=\"yoast-schema-graph\">{\"@context\":\"https:\/\/schema.org\",\"@graph\":[{\"@type\":\"WebPage\",\"@id\":\"https:\/\/szal.bialystok.pl\/dofinansowania\/\",\"url\":\"https:\/\/szal.bialystok.pl\/dofinansowania\/\",\"name\":\"Dofinansowania - OSK Sza\u0142 Bia\u0142ystok\",\"isPartOf\":{\"@id\":\"https:\/\/szal.bialystok.pl\/#website\"},\"datePublished\":\"2025-01-29T08:33:30+00:00\",\"dateModified\":\"2026-01-28T13:28:11+00:00\",\"breadcrumb\":{\"@id\":\"https:\/\/szal.bialystok.pl\/dofinansowania\/#breadcrumb\"},\"inLanguage\":\"en-GB\",\"potentialAction\":[{\"@type\":\"ReadAction\",\"target\":[\"https:\/\/szal.bialystok.pl\/dofinansowania\/\"]}]},{\"@type\":\"BreadcrumbList\",\"@id\":\"https:\/\/szal.bialystok.pl\/dofinansowania\/#breadcrumb\",\"itemListElement\":[{\"@type\":\"ListItem\",\"position\":1,\"name\":\"Strona g\u0142\u00f3wna\",\"item\":\"https:\/\/szal.bialystok.pl\/\"},{\"@type\":\"ListItem\",\"position\":2,\"name\":\"Dofinansowania\"}]},{\"@type\":\"WebSite\",\"@id\":\"https:\/\/szal.bialystok.pl\/#website\",\"url\":\"https:\/\/szal.bialystok.pl\/\",\"name\":\"O\u015brodek szkolenia kierowc\u00f3w - Sza\u0142\",\"description\":\"O\u015brodek szkolenia kierowc\u00f3w - Sza\u0142\",\"publisher\":{\"@id\":\"https:\/\/szal.bialystok.pl\/#organization\"},\"potentialAction\":[{\"@type\":\"SearchAction\",\"target\":{\"@type\":\"EntryPoint\",\"urlTemplate\":\"https:\/\/szal.bialystok.pl\/?s={search_term_string}\"},\"query-input\":{\"@type\":\"PropertyValueSpecification\",\"valueRequired\":true,\"valueName\":\"search_term_string\"}}],\"inLanguage\":\"en-GB\"},{\"@type\":\"Organization\",\"@id\":\"https:\/\/szal.bialystok.pl\/#organization\",\"name\":\"O\u015brodek szkolenia kierowc\u00f3w - Sza\u0142\",\"url\":\"https:\/\/szal.bialystok.pl\/\",\"logo\":{\"@type\":\"ImageObject\",\"inLanguage\":\"en-GB\",\"@id\":\"https:\/\/szal.bialystok.pl\/#\/schema\/logo\/image\/\",\"url\":\"https:\/\/szal.bialystok.pl\/wp-content\/uploads\/2025\/01\/logo-szal-kontakt.png\",\"contentUrl\":\"https:\/\/szal.bialystok.pl\/wp-content\/uploads\/2025\/01\/logo-szal-kontakt.png\",\"width\":354,\"height\":101,\"caption\":\"O\u015brodek szkolenia kierowc\u00f3w - Sza\u0142\"},\"image\":{\"@id\":\"https:\/\/szal.bialystok.pl\/#\/schema\/logo\/image\/\"}}]}<\/script>\n<!-- \/ Yoast SEO plugin. -->","yoast_head_json":{"title":"Dofinansowania - OSK Sza\u0142 Bia\u0142ystok","robots":{"index":"index","follow":"follow","max-snippet":"max-snippet:-1","max-image-preview":"max-image-preview:large","max-video-preview":"max-video-preview:-1"},"canonical":"https:\/\/szal.bialystok.pl\/en\/subsidies\/","og_locale":"en_GB","og_type":"article","og_title":"Dofinansowania - OSK Sza\u0142 Bia\u0142ystok","og_url":"https:\/\/szal.bialystok.pl\/en\/subsidies\/","og_site_name":"OSK Sza\u0142 Bia\u0142ystok","article_modified_time":"2026-01-28T13:28:11+00:00","twitter_card":"summary_large_image","twitter_misc":{"Estimated reading time":"4 minutes"},"schema":{"@context":"https:\/\/schema.org","@graph":[{"@type":"WebPage","@id":"https:\/\/szal.bialystok.pl\/dofinansowania\/","url":"https:\/\/szal.bialystok.pl\/dofinansowania\/","name":"Dofinansowania - OSK Sza\u0142 Bia\u0142ystok","isPartOf":{"@id":"https:\/\/szal.bialystok.pl\/#website"},"datePublished":"2025-01-29T08:33:30+00:00","dateModified":"2026-01-28T13:28:11+00:00","breadcrumb":{"@id":"https:\/\/szal.bialystok.pl\/dofinansowania\/#breadcrumb"},"inLanguage":"en-GB","potentialAction":[{"@type":"ReadAction","target":["https:\/\/szal.bialystok.pl\/dofinansowania\/"]}]},{"@type":"BreadcrumbList","@id":"https:\/\/szal.bialystok.pl\/dofinansowania\/#breadcrumb","itemListElement":[{"@type":"ListItem","position":1,"name":"Strona g\u0142\u00f3wna","item":"https:\/\/szal.bialystok.pl\/"},{"@type":"ListItem","position":2,"name":"Dofinansowania"}]},{"@type":"WebSite","@id":"https:\/\/szal.bialystok.pl\/#website","url":"https:\/\/szal.bialystok.pl\/","name":"O\u015brodek szkolenia kierowc\u00f3w - Sza\u0142","description":"O\u015brodek szkolenia kierowc\u00f3w - Sza\u0142","publisher":{"@id":"https:\/\/szal.bialystok.pl\/#organization"},"potentialAction":[{"@type":"SearchAction","target":{"@type":"EntryPoint","urlTemplate":"https:\/\/szal.bialystok.pl\/?s={search_term_string}"},"query-input":{"@type":"PropertyValueSpecification","valueRequired":true,"valueName":"search_term_string"}}],"inLanguage":"en-GB"},{"@type":"Organization","@id":"https:\/\/szal.bialystok.pl\/#organization","name":"O\u015brodek szkolenia kierowc\u00f3w - Sza\u0142","url":"https:\/\/szal.bialystok.pl\/","logo":{"@type":"ImageObject","inLanguage":"en-GB","@id":"https:\/\/szal.bialystok.pl\/#\/schema\/logo\/image\/","url":"https:\/\/szal.bialystok.pl\/wp-content\/uploads\/2025\/01\/logo-szal-kontakt.png","contentUrl":"https:\/\/szal.bialystok.pl\/wp-content\/uploads\/2025\/01\/logo-szal-kontakt.png","width":354,"height":101,"caption":"O\u015brodek szkolenia kierowc\u00f3w - Sza\u0142"},"image":{"@id":"https:\/\/szal.bialystok.pl\/#\/schema\/logo\/image\/"}}]}},"_links":{"self":[{"href":"https:\/\/szal.bialystok.pl\/en\/wp-json\/wp\/v2\/pages\/718","targetHints":{"allow":["GET"]}}],"collection":[{"href":"https:\/\/szal.bialystok.pl\/en\/wp-json\/wp\/v2\/pages"}],"about":[{"href":"https:\/\/szal.bialystok.pl\/en\/wp-json\/wp\/v2\/types\/page"}],"author":[{"embeddable":true,"href":"https:\/\/szal.bialystok.pl\/en\/wp-json\/wp\/v2\/users\/7"}],"replies":[{"embeddable":true,"href":"https:\/\/szal.bialystok.pl\/en\/wp-json\/wp\/v2\/comments?post=718"}],"version-history":[{"count":18,"href":"https:\/\/szal.bialystok.pl\/en\/wp-json\/wp\/v2\/pages\/718\/revisions"}],"predecessor-version":[{"id":1449,"href":"https:\/\/szal.bialystok.pl\/en\/wp-json\/wp\/v2\/pages\/718\/revisions\/1449"}],"wp:attachment":[{"href":"https:\/\/szal.bialystok.pl\/en\/wp-json\/wp\/v2\/media?parent=718"}],"curies":[{"name":"wp","href":"https:\/\/api.w.org\/{rel}","templated":true}]}}