{"id":643,"date":"2025-01-21T16:36:44","date_gmt":"2025-01-21T15:36:44","guid":{"rendered":"https:\/\/szal.bialystok.pl\/?page_id=643"},"modified":"2025-12-11T16:17:06","modified_gmt":"2025-12-11T15:17:06","slug":"wyroznienia","status":"publish","type":"page","link":"https:\/\/szal.bialystok.pl\/ru\/\u043d\u0430\u0433\u0440\u0430\u0434\u044b\/","title":{"rendered":"\u041d\u0430\u0433\u0440\u0430\u0434\u044b"},"content":{"rendered":"<section class=\"l-section wpb_row height_medium width_full with_img\"><div class=\"l-section-img\" role=\"img\" data-img-width=\"1440\" data-img-height=\"292\" style=\"background-image: url(https:\/\/szal.bialystok.pl\/wp-content\/uploads\/2025\/01\/szal.bialystok.pl-1084682741956766.png);background-repeat: no-repeat;\"><\/div><div class=\"l-section-h i-cf\"><div class=\"g-cols vc_row via_flex valign_top type_default stacking_default\"><div class=\"vc_col-sm-12 wpb_column vc_column_container\"><div class=\"vc_column-inner\"><div class=\"wpb_wrapper\"><\/div><\/div><\/div><\/div><\/div><\/section><section class=\"l-section wpb_row height_medium width_full\"><div class=\"l-section-h i-cf\"><div class=\"g-cols vc_row via_flex valign_top type_default stacking_default\"><div class=\"vc_col-sm-12 wpb_column vc_column_container\"><div class=\"vc_column-inner\"><div class=\"wpb_wrapper\"><h1 class=\"w-text us_custom_fdd2a3e2 hr-lines\"><span class=\"w-text-h\"><span class=\"w-text-value\">\u0420\u0430\u0437\u043b\u0438\u0447\u0438\u044f<\/span><\/span><\/h1><div class=\"w-separator size_medium\"><\/div><div class=\"w-gallery us_custom_bac9cef1 fit_cover type_grid action_popup_image ratio_1x1 count_5\" style=\"--columns:4;--items-gap:10px;\"><div class=\"w-gallery-list\"><div class=\"w-gallery-item\"><div class=\"w-gallery-item-img\"><img loading=\"lazy\" decoding=\"async\" width=\"506\" height=\"721\" src=\"https:\/\/szal.bialystok.pl\/wp-content\/uploads\/2025\/12\/ISO-szal.png\" class=\"attachment-large size-large\" alt=\"\" srcset=\"https:\/\/szal.bialystok.pl\/wp-content\/uploads\/2025\/12\/ISO-szal.png 506w, https:\/\/szal.bialystok.pl\/wp-content\/uploads\/2025\/12\/ISO-szal-211x300.png 211w, https:\/\/szal.bialystok.pl\/wp-content\/uploads\/2025\/12\/ISO-szal-8x12.png 8w\" sizes=\"auto, (max-width: 506px) 100vw, 506px\" \/><\/div><a class=\"w-gallery-item-link\" aria-label=\"ISO sza\u0142\" href=\"https:\/\/szal.bialystok.pl\/wp-content\/uploads\/2025\/12\/ISO-szal.png\"><\/a><\/div><div class=\"w-gallery-item\"><div class=\"w-gallery-item-img\"><img loading=\"lazy\" decoding=\"async\" width=\"577\" height=\"800\" src=\"https:\/\/szal.bialystok.pl\/wp-content\/uploads\/2025\/01\/akredytacja.jpg\" class=\"attachment-large size-large\" alt=\"\" srcset=\"https:\/\/szal.bialystok.pl\/wp-content\/uploads\/2025\/01\/akredytacja.jpg 577w, https:\/\/szal.bialystok.pl\/wp-content\/uploads\/2025\/01\/akredytacja-216x300.jpg 216w\" sizes=\"auto, (max-width: 577px) 100vw, 577px\" \/><\/div><a class=\"w-gallery-item-link\" aria-label=\"\u0430\u043a\u043a\u0440\u0435\u0434\u0438\u0442\u0430\u0446\u0438\u044f\" href=\"https:\/\/szal.bialystok.pl\/wp-content\/uploads\/2025\/01\/akredytacja.jpg\"><\/a><\/div><div class=\"w-gallery-item\"><div class=\"w-gallery-item-img\"><img loading=\"lazy\" decoding=\"async\" width=\"554\" height=\"768\" src=\"https:\/\/szal.bialystok.pl\/wp-content\/uploads\/2025\/01\/dyplom.jpg\" class=\"attachment-large size-large\" alt=\"\" srcset=\"https:\/\/szal.bialystok.pl\/wp-content\/uploads\/2025\/01\/dyplom.jpg 554w, https:\/\/szal.bialystok.pl\/wp-content\/uploads\/2025\/01\/dyplom-216x300.jpg 216w\" sizes=\"auto, (max-width: 554px) 100vw, 554px\" \/><\/div><a class=\"w-gallery-item-link\" aria-label=\"\u0434\u0438\u043f\u043b\u043e\u043c\" href=\"https:\/\/szal.bialystok.pl\/wp-content\/uploads\/2025\/01\/dyplom.jpg\"><\/a><\/div><div class=\"w-gallery-item\"><div class=\"w-gallery-item-img\"><img loading=\"lazy\" decoding=\"async\" width=\"1020\" height=\"768\" src=\"https:\/\/szal.bialystok.pl\/wp-content\/uploads\/2025\/01\/PodziekowanieSzczepanowiLagodzie.jpg\" class=\"attachment-large size-large\" alt=\"\" srcset=\"https:\/\/szal.bialystok.pl\/wp-content\/uploads\/2025\/01\/PodziekowanieSzczepanowiLagodzie.jpg 1020w, https:\/\/szal.bialystok.pl\/wp-content\/uploads\/2025\/01\/PodziekowanieSzczepanowiLagodzie-300x226.jpg 300w\" sizes=\"auto, (max-width: 1020px) 100vw, 1020px\" \/><\/div><a class=\"w-gallery-item-link\" aria-label=\"\u0421\u043f\u0430\u0441\u0438\u0431\u043e\u0421\u0447\u0435\u043f\u0430\u043d\u041b\u0430\u0433\u043e\u0434\u0430\" href=\"https:\/\/szal.bialystok.pl\/wp-content\/uploads\/2025\/01\/PodziekowanieSzczepanowiLagodzie.jpg\"><\/a><\/div><div class=\"w-gallery-item\"><div class=\"w-gallery-item-img\"><img loading=\"lazy\" decoding=\"async\" width=\"554\" height=\"768\" src=\"https:\/\/szal.bialystok.pl\/wp-content\/uploads\/2025\/01\/zawiadomienie.jpg\" class=\"attachment-large size-large\" alt=\"\" srcset=\"https:\/\/szal.bialystok.pl\/wp-content\/uploads\/2025\/01\/zawiadomienie.jpg 554w, https:\/\/szal.bialystok.pl\/wp-content\/uploads\/2025\/01\/zawiadomienie-216x300.jpg 216w\" sizes=\"auto, (max-width: 554px) 100vw, 554px\" \/><\/div><a class=\"w-gallery-item-link\" aria-label=\"\u0443\u0432\u0435\u0434\u043e\u043c\u043b\u0435\u043d\u0438\u0435\" href=\"https:\/\/szal.bialystok.pl\/wp-content\/uploads\/2025\/01\/zawiadomienie.jpg\"><\/a><\/div><\/div><\/div><\/div><\/div><\/div><\/div><\/div><\/section>","protected":false},"excerpt":{"rendered":"\u0420\u0430\u0437\u043b\u0438\u0447\u0438\u044f","protected":false},"author":7,"featured_media":0,"parent":0,"menu_order":0,"comment_status":"closed","ping_status":"closed","template":"","meta":{"_acf_changed":false,"footnotes":""},"class_list":["post-643","page","type-page","status-publish","hentry"],"acf":[],"yoast_head":"<!-- This site is optimized with the Yoast SEO plugin v25.0 - https:\/\/yoast.com\/wordpress\/plugins\/seo\/ -->\n<title>Wyr\u00f3znienia - OSK Sza\u0142 Bia\u0142ystok<\/title>\n<meta name=\"robots\" content=\"index, follow, max-snippet:-1, max-image-preview:large, max-video-preview:-1\" \/>\n<link rel=\"canonical\" href=\"https:\/\/szal.bialystok.pl\/ru\/\u043d\u0430\u0433\u0440\u0430\u0434\u044b\/\" \/>\n<meta property=\"og:locale\" content=\"ru_RU\" \/>\n<meta property=\"og:type\" content=\"article\" \/>\n<meta property=\"og:title\" content=\"Wyr\u00f3znienia - OSK Sza\u0142 Bia\u0142ystok\" \/>\n<meta property=\"og:url\" content=\"https:\/\/szal.bialystok.pl\/ru\/\u043d\u0430\u0433\u0440\u0430\u0434\u044b\/\" \/>\n<meta property=\"og:site_name\" content=\"OSK Sza\u0142 Bia\u0142ystok\" \/>\n<meta property=\"article:modified_time\" content=\"2025-12-11T15:17:06+00:00\" \/>\n<meta name=\"twitter:card\" content=\"summary_large_image\" \/>\n<meta name=\"twitter:label1\" content=\"\u041f\u0440\u0438\u043c\u0435\u0440\u043d\u043e\u0435 \u0432\u0440\u0435\u043c\u044f \u0434\u043b\u044f \u0447\u0442\u0435\u043d\u0438\u044f\" \/>\n\t<meta name=\"twitter:data1\" content=\"1 \u043c\u0438\u043d\u0443\u0442\u0430\" \/>\n<script type=\"application\/ld+json\" class=\"yoast-schema-graph\">{\"@context\":\"https:\/\/schema.org\",\"@graph\":[{\"@type\":\"WebPage\",\"@id\":\"https:\/\/szal.bialystok.pl\/wyroznienia\/\",\"url\":\"https:\/\/szal.bialystok.pl\/wyroznienia\/\",\"name\":\"Wyr\u00f3znienia - OSK Sza\u0142 Bia\u0142ystok\",\"isPartOf\":{\"@id\":\"https:\/\/szal.bialystok.pl\/#website\"},\"datePublished\":\"2025-01-21T15:36:44+00:00\",\"dateModified\":\"2025-12-11T15:17:06+00:00\",\"breadcrumb\":{\"@id\":\"https:\/\/szal.bialystok.pl\/wyroznienia\/#breadcrumb\"},\"inLanguage\":\"ru-RU\",\"potentialAction\":[{\"@type\":\"ReadAction\",\"target\":[\"https:\/\/szal.bialystok.pl\/wyroznienia\/\"]}]},{\"@type\":\"BreadcrumbList\",\"@id\":\"https:\/\/szal.bialystok.pl\/wyroznienia\/#breadcrumb\",\"itemListElement\":[{\"@type\":\"ListItem\",\"position\":1,\"name\":\"Strona g\u0142\u00f3wna\",\"item\":\"https:\/\/szal.bialystok.pl\/\"},{\"@type\":\"ListItem\",\"position\":2,\"name\":\"Wyr\u00f3znienia\"}]},{\"@type\":\"WebSite\",\"@id\":\"https:\/\/szal.bialystok.pl\/#website\",\"url\":\"https:\/\/szal.bialystok.pl\/\",\"name\":\"O\u015brodek szkolenia kierowc\u00f3w - Sza\u0142\",\"description\":\"O\u015brodek szkolenia kierowc\u00f3w - Sza\u0142\",\"publisher\":{\"@id\":\"https:\/\/szal.bialystok.pl\/#organization\"},\"potentialAction\":[{\"@type\":\"SearchAction\",\"target\":{\"@type\":\"EntryPoint\",\"urlTemplate\":\"https:\/\/szal.bialystok.pl\/?s={search_term_string}\"},\"query-input\":{\"@type\":\"PropertyValueSpecification\",\"valueRequired\":true,\"valueName\":\"search_term_string\"}}],\"inLanguage\":\"ru-RU\"},{\"@type\":\"Organization\",\"@id\":\"https:\/\/szal.bialystok.pl\/#organization\",\"name\":\"O\u015brodek szkolenia kierowc\u00f3w - Sza\u0142\",\"url\":\"https:\/\/szal.bialystok.pl\/\",\"logo\":{\"@type\":\"ImageObject\",\"inLanguage\":\"ru-RU\",\"@id\":\"https:\/\/szal.bialystok.pl\/#\/schema\/logo\/image\/\",\"url\":\"https:\/\/szal.bialystok.pl\/wp-content\/uploads\/2025\/01\/logo-szal-kontakt.png\",\"contentUrl\":\"https:\/\/szal.bialystok.pl\/wp-content\/uploads\/2025\/01\/logo-szal-kontakt.png\",\"width\":354,\"height\":101,\"caption\":\"O\u015brodek szkolenia kierowc\u00f3w - Sza\u0142\"},\"image\":{\"@id\":\"https:\/\/szal.bialystok.pl\/#\/schema\/logo\/image\/\"}}]}<\/script>\n<!-- \/ Yoast SEO plugin. -->","yoast_head_json":{"title":"Wyr\u00f3znienia - OSK Sza\u0142 Bia\u0142ystok","robots":{"index":"index","follow":"follow","max-snippet":"max-snippet:-1","max-image-preview":"max-image-preview:large","max-video-preview":"max-video-preview:-1"},"canonical":"https:\/\/szal.bialystok.pl\/ru\/\u043d\u0430\u0433\u0440\u0430\u0434\u044b\/","og_locale":"ru_RU","og_type":"article","og_title":"Wyr\u00f3znienia - OSK Sza\u0142 Bia\u0142ystok","og_url":"https:\/\/szal.bialystok.pl\/ru\/\u043d\u0430\u0433\u0440\u0430\u0434\u044b\/","og_site_name":"OSK Sza\u0142 Bia\u0142ystok","article_modified_time":"2025-12-11T15:17:06+00:00","twitter_card":"summary_large_image","twitter_misc":{"\u041f\u0440\u0438\u043c\u0435\u0440\u043d\u043e\u0435 \u0432\u0440\u0435\u043c\u044f \u0434\u043b\u044f \u0447\u0442\u0435\u043d\u0438\u044f":"1 \u043c\u0438\u043d\u0443\u0442\u0430"},"schema":{"@context":"https:\/\/schema.org","@graph":[{"@type":"WebPage","@id":"https:\/\/szal.bialystok.pl\/wyroznienia\/","url":"https:\/\/szal.bialystok.pl\/wyroznienia\/","name":"Wyr\u00f3znienia - OSK Sza\u0142 Bia\u0142ystok","isPartOf":{"@id":"https:\/\/szal.bialystok.pl\/#website"},"datePublished":"2025-01-21T15:36:44+00:00","dateModified":"2025-12-11T15:17:06+00:00","breadcrumb":{"@id":"https:\/\/szal.bialystok.pl\/wyroznienia\/#breadcrumb"},"inLanguage":"ru-RU","potentialAction":[{"@type":"ReadAction","target":["https:\/\/szal.bialystok.pl\/wyroznienia\/"]}]},{"@type":"BreadcrumbList","@id":"https:\/\/szal.bialystok.pl\/wyroznienia\/#breadcrumb","itemListElement":[{"@type":"ListItem","position":1,"name":"Strona g\u0142\u00f3wna","item":"https:\/\/szal.bialystok.pl\/"},{"@type":"ListItem","position":2,"name":"Wyr\u00f3znienia"}]},{"@type":"WebSite","@id":"https:\/\/szal.bialystok.pl\/#website","url":"https:\/\/szal.bialystok.pl\/","name":"O\u015brodek szkolenia kierowc\u00f3w - Sza\u0142","description":"O\u015brodek szkolenia kierowc\u00f3w - Sza\u0142","publisher":{"@id":"https:\/\/szal.bialystok.pl\/#organization"},"potentialAction":[{"@type":"SearchAction","target":{"@type":"EntryPoint","urlTemplate":"https:\/\/szal.bialystok.pl\/?s={search_term_string}"},"query-input":{"@type":"PropertyValueSpecification","valueRequired":true,"valueName":"search_term_string"}}],"inLanguage":"ru-RU"},{"@type":"Organization","@id":"https:\/\/szal.bialystok.pl\/#organization","name":"O\u015brodek szkolenia kierowc\u00f3w - Sza\u0142","url":"https:\/\/szal.bialystok.pl\/","logo":{"@type":"ImageObject","inLanguage":"ru-RU","@id":"https:\/\/szal.bialystok.pl\/#\/schema\/logo\/image\/","url":"https:\/\/szal.bialystok.pl\/wp-content\/uploads\/2025\/01\/logo-szal-kontakt.png","contentUrl":"https:\/\/szal.bialystok.pl\/wp-content\/uploads\/2025\/01\/logo-szal-kontakt.png","width":354,"height":101,"caption":"O\u015brodek szkolenia kierowc\u00f3w - Sza\u0142"},"image":{"@id":"https:\/\/szal.bialystok.pl\/#\/schema\/logo\/image\/"}}]}},"_links":{"self":[{"href":"https:\/\/szal.bialystok.pl\/ru\/wp-json\/wp\/v2\/pages\/643","targetHints":{"allow":["GET"]}}],"collection":[{"href":"https:\/\/szal.bialystok.pl\/ru\/wp-json\/wp\/v2\/pages"}],"about":[{"href":"https:\/\/szal.bialystok.pl\/ru\/wp-json\/wp\/v2\/types\/page"}],"author":[{"embeddable":true,"href":"https:\/\/szal.bialystok.pl\/ru\/wp-json\/wp\/v2\/users\/7"}],"replies":[{"embeddable":true,"href":"https:\/\/szal.bialystok.pl\/ru\/wp-json\/wp\/v2\/comments?post=643"}],"version-history":[{"count":6,"href":"https:\/\/szal.bialystok.pl\/ru\/wp-json\/wp\/v2\/pages\/643\/revisions"}],"predecessor-version":[{"id":1403,"href":"https:\/\/szal.bialystok.pl\/ru\/wp-json\/wp\/v2\/pages\/643\/revisions\/1403"}],"wp:attachment":[{"href":"https:\/\/szal.bialystok.pl\/ru\/wp-json\/wp\/v2\/media?parent=643"}],"curies":[{"name":"wp","href":"https:\/\/api.w.org\/{rel}","templated":true}]}}