{"id":3,"date":"2021-10-14T13:05:18","date_gmt":"2021-10-14T11:05:18","guid":{"rendered":"https:\/\/szal.bialystok.pl\/?page_id=3"},"modified":"2025-02-04T09:00:52","modified_gmt":"2025-02-04T08:00:52","slug":"polityka-plikow-cookies","status":"publish","type":"page","link":"https:\/\/szal.bialystok.pl\/uk\/\u043f\u043e\u043b\u0456\u0442\u0438\u043a\u0430-\u0432\u0438\u043a\u043e\u0440\u0438\u0441\u0442\u0430\u043d\u043d\u044f-\u0444\u0430\u0439\u043b\u0456\u0432-cookie\/","title":{"rendered":"\u041f\u043e\u043b\u0456\u0442\u0438\u043a\u0430 \u0449\u043e\u0434\u043e \u0444\u0430\u0439\u043b\u0456\u0432 cookie"},"content":{"rendered":"<h3>\u0429\u043e \u0442\u0430\u043a\u0435 \u0444\u0430\u0439\u043b\u0438 cookie?<\/h3>\n<p>\u0424\u0430\u0439\u043b\u0438 cookie (\u0442\u0430\u043a \u0437\u0432\u0430\u043d\u0456 \"\u043a\u0443\u043a\u0438\") \u0432\u0438\u043a\u043e\u0440\u0438\u0441\u0442\u043e\u0432\u0443\u044e\u0442\u044c\u0441\u044f \u0434\u043b\u044f \u0437\u0431\u0435\u0440\u0456\u0433\u0430\u043d\u043d\u044f \u0406\u0422-\u0434\u0430\u043d\u0438\u0445, \u0437\u0430\u0437\u0432\u0438\u0447\u0430\u0439 \u0443 \u0432\u0438\u0433\u043b\u044f\u0434\u0456 \u0442\u0435\u043a\u0441\u0442\u043e\u0432\u0438\u0445 \u0444\u0430\u0439\u043b\u0456\u0432, \u043d\u0430 \u043a\u0456\u043d\u0446\u0435\u0432\u043e\u043c\u0443 \u043f\u0440\u0438\u0441\u0442\u0440\u043e\u0457 \u043a\u043e\u0440\u0438\u0441\u0442\u0443\u0432\u0430\u0447\u0430 (\u043d\u0430\u043f\u0440\u0438\u043a\u043b\u0430\u0434, \u043a\u043e\u043c\u043f'\u044e\u0442\u0435\u0440\u0456, \u043d\u043e\u0443\u0442\u0431\u0443\u0446\u0456, \u0441\u043c\u0430\u0440\u0442\u0444\u043e\u043d\u0456). \u0424\u0430\u0439\u043b\u0438 cookie \u0437\u0430\u0437\u0432\u0438\u0447\u0430\u0439 \u043c\u0456\u0441\u0442\u044f\u0442\u044c \u043d\u0430\u0437\u0432\u0443 \u0432\u0435\u0431-\u0441\u0430\u0439\u0442\u0443, \u0437 \u044f\u043a\u043e\u0433\u043e \u0432\u043e\u043d\u0438 \u043f\u0440\u0438\u0439\u0448\u043b\u0438, \u0447\u0430\u0441 \u0457\u0445 \u0437\u0431\u0435\u0440\u0456\u0433\u0430\u043d\u043d\u044f \u043d\u0430 \u043a\u0456\u043d\u0446\u0435\u0432\u043e\u043c\u0443 \u043f\u0440\u0438\u0441\u0442\u0440\u043e\u0457 \u0442\u0430 \u0443\u043d\u0456\u043a\u0430\u043b\u044c\u043d\u0438\u0439 \u043d\u043e\u043c\u0435\u0440.<\/p>\n<h3>\u0422\u0438\u043f\u0438 \u0432\u0438\u043a\u043e\u0440\u0438\u0441\u0442\u043e\u0432\u0443\u0432\u0430\u043d\u0438\u0445 \u0444\u0430\u0439\u043b\u0456\u0432 cookie<\/h3>\n<p><strong>\u0421\u0435\u0441\u0456\u0439\u043d\u0456 \u0444\u0430\u0439\u043b\u0438 cookie<\/strong><\/p>\n<p>\u0412\u043e\u043d\u0438 \u0432\u0438\u043a\u043e\u0440\u0438\u0441\u0442\u043e\u0432\u0443\u044e\u0442\u044c\u0441\u044f \u0434\u043b\u044f \u0437\u0430\u043f\u0430\u043c'\u044f\u0442\u043e\u0432\u0443\u0432\u0430\u043d\u043d\u044f \u0432\u0438\u0431\u043e\u0440\u0443, \u0437\u0440\u043e\u0431\u043b\u0435\u043d\u043e\u0433\u043e \u043a\u043e\u0440\u0438\u0441\u0442\u0443\u0432\u0430\u0447\u0435\u043c, \u0437\u043e\u043a\u0440\u0435\u043c\u0430, \u043f\u0440\u0438 \u0432\u0445\u043e\u0434\u0456 \u0432 \u0441\u0438\u0441\u0442\u0435\u043c\u0443. \u0412\u043e\u043d\u0438 \u0437\u0430\u043b\u0438\u0448\u0430\u044e\u0442\u044c\u0441\u044f \u043d\u0430 \u043f\u0440\u0438\u0441\u0442\u0440\u043e\u0457 \u043a\u043e\u0440\u0438\u0441\u0442\u0443\u0432\u0430\u0447\u0430 \u0434\u043e\u0442\u0438, \u0434\u043e\u043a\u0438 \u0432\u0456\u043d \u043d\u0435 \u0432\u0438\u0439\u0434\u0435 \u0437 \u0432\u0435\u0431-\u0441\u0430\u0439\u0442\u0443 \u0430\u0431\u043e \u043d\u0435 \u0437\u0430\u043a\u0440\u0438\u0454 \u0431\u0440\u0430\u0443\u0437\u0435\u0440.<\/p>\n<p><strong>\u0410\u043d\u0430\u043b\u0456\u0442\u0438\u0447\u043d\u0456 \u0444\u0430\u0439\u043b\u0438 cookie<\/strong><\/p>\n<p>\u0424\u0430\u0439\u043b\u0438 cookie \u0434\u043b\u044f \u0437\u0431\u043e\u0440\u0443 \u0434\u0430\u043d\u0438\u0445, \u043f\u043e\u0432'\u044f\u0437\u0430\u043d\u0438\u0445 \u0437 \u0432\u0438\u043a\u043e\u0440\u0438\u0441\u0442\u0430\u043d\u043d\u044f\u043c \u0432\u0435\u0431-\u0441\u0430\u0439\u0442\u0443, \u0432\u043a\u043b\u044e\u0447\u0430\u044e\u0447\u0438 \u0432\u043c\u0456\u0441\u0442, \u043d\u0430 \u044f\u043a\u0438\u0439 \u043a\u043e\u0440\u0438\u0441\u0442\u0443\u0432\u0430\u0447 \u043d\u0430\u0442\u0438\u0441\u043a\u0430\u0432 \u043f\u0456\u0434 \u0447\u0430\u0441 \u043f\u0435\u0440\u0435\u0433\u043b\u044f\u0434\u0443 \u0432\u0435\u0431-\u0441\u0430\u0439\u0442\u0443.<\/p>\n<h3>\u0412\u0438\u043a\u043e\u0440\u0438\u0441\u0442\u0430\u043d\u043d\u044f \u0444\u0430\u0439\u043b\u0456\u0432 cookie<\/h3>\n<p>\u0424\u0430\u0439\u043b\u0438 cookie \u0432\u0438\u043a\u043e\u0440\u0438\u0441\u0442\u043e\u0432\u0443\u044e\u0442\u044c\u0441\u044f \u0434\u043b\u044f \u0437\u0431\u0435\u0440\u0435\u0436\u0435\u043d\u043d\u044f \u0432\u0430\u0448\u0438\u0445 \u043d\u0430\u043b\u0430\u0448\u0442\u0443\u0432\u0430\u043d\u044c \u0456 \u0430\u0434\u0430\u043f\u0442\u0430\u0446\u0456\u0457 \u0432\u043c\u0456\u0441\u0442\u0443 \u0432\u0435\u0431-\u0441\u0430\u0439\u0442\u0456\u0432 \u0434\u043e \u0432\u0430\u0448\u0438\u0445 \u0443\u043f\u043e\u0434\u043e\u0431\u0430\u043d\u044c. \u0412\u043e\u043d\u0438 \u0442\u0430\u043a\u043e\u0436 \u0432\u0438\u043a\u043e\u0440\u0438\u0441\u0442\u043e\u0432\u0443\u044e\u0442\u044c\u0441\u044f \u0434\u043b\u044f \u0441\u0442\u0432\u043e\u0440\u0435\u043d\u043d\u044f \u0430\u043d\u043e\u043d\u0456\u043c\u043d\u043e\u0457 \u0441\u0442\u0430\u0442\u0438\u0441\u0442\u0438\u043a\u0438, \u044f\u043a\u0430 \u0434\u043e\u043f\u043e\u043c\u0430\u0433\u0430\u0454 \u0437\u0440\u043e\u0437\u0443\u043c\u0456\u0442\u0438, \u044f\u043a \u043a\u043e\u0440\u0438\u0441\u0442\u0443\u0432\u0430\u0447\u0456 \u0432\u0438\u043a\u043e\u0440\u0438\u0441\u0442\u043e\u0432\u0443\u044e\u0442\u044c \u0432\u0435\u0431-\u0441\u0430\u0439\u0442\u0438. \u0426\u0435 \u0434\u0430\u0454 \u043c\u043e\u0436\u043b\u0438\u0432\u0456\u0441\u0442\u044c \u043f\u043e\u043a\u0440\u0430\u0449\u0438\u0442\u0438 \u0457\u0445\u043d\u044e \u0441\u0442\u0440\u0443\u043a\u0442\u0443\u0440\u0443 \u0442\u0430 \u0437\u043c\u0456\u0441\u0442. \u0424\u0430\u0439\u043b\u0438 cookie \u043d\u0435 \u0432\u0438\u043a\u043e\u0440\u0438\u0441\u0442\u043e\u0432\u0443\u044e\u0442\u044c\u0441\u044f \u0434\u043b\u044f \u0432\u0430\u0448\u043e\u0457 \u043e\u0441\u043e\u0431\u0438\u0441\u0442\u043e\u0457 \u0456\u0434\u0435\u043d\u0442\u0438\u0444\u0456\u043a\u0430\u0446\u0456\u0457, \u0456 \u0432\u0430\u0448\u0430 \u043e\u0441\u043e\u0431\u0438\u0441\u0442\u0456\u0441\u0442\u044c \u043d\u0435 \u043c\u043e\u0436\u0435 \u0431\u0443\u0442\u0438 \u0432\u0438\u0437\u043d\u0430\u0447\u0435\u043d\u0430 \u043d\u0430 \u0457\u0445 \u043e\u0441\u043d\u043e\u0432\u0456.<\/p>\n<h3>\u0412\u0438\u0434\u0430\u043b\u0435\u043d\u043d\u044f \u0444\u0430\u0439\u043b\u0456\u0432 cookie<\/h3>\n<p>\u0421\u043f\u043e\u0441\u0456\u0431 \u0431\u043b\u043e\u043a\u0443\u0432\u0430\u043d\u043d\u044f \u0430\u0431\u043e \u0432\u0438\u0434\u0430\u043b\u0435\u043d\u043d\u044f \u0444\u0430\u0439\u043b\u0456\u0432 cookie \u0437\u0430\u043b\u0435\u0436\u0438\u0442\u044c \u0432\u0456\u0434 \u0432\u0435\u0431-\u0431\u0440\u0430\u0443\u0437\u0435\u0440\u0430, \u044f\u043a\u0438\u043c \u0432\u0438 \u043a\u043e\u0440\u0438\u0441\u0442\u0443\u0454\u0442\u0435\u0441\u044f. \u0414\u043b\u044f \u043e\u0442\u0440\u0438\u043c\u0430\u043d\u043d\u044f \u0434\u043e\u0434\u0430\u0442\u043a\u043e\u0432\u043e\u0457 \u0456\u043d\u0444\u043e\u0440\u043c\u0430\u0446\u0456\u0457 \u043f\u0440\u043e \u0442\u0435, \u044f\u043a \u043a\u0435\u0440\u0443\u0432\u0430\u0442\u0438 \u0444\u0430\u0439\u043b\u0430\u043c\u0438 cookie, \u0437\u0432\u0435\u0440\u043d\u0456\u0442\u044c\u0441\u044f \u0434\u043e \u0434\u043e\u0432\u0456\u0434\u043a\u0438 \u0432\u0430\u0448\u043e\u0433\u043e \u0432\u0435\u0431-\u0431\u0440\u0430\u0443\u0437\u0435\u0440\u0430.<\/p>","protected":false},"excerpt":{"rendered":"<p>Czym s\u0105 pliki \u201ecookies\u201d? Pliki cookies (tzw. ciasteczka) s\u0142u\u017c\u0105 do przechowywania danych informatycznych, najcz\u0119\u015bciej w formie plik\u00f3w tekstowych, w urz\u0105dzeniu ko\u0144cowym u\u017cytkownika (np. komputerze, laptopie, smartfonie). Cookies zazwyczaj zawieraj\u0105 nazw\u0119 strony internetowej z kt\u00f3rej pochodz\u0105, czas przechowywania ich na urz\u0105dzeniu ko\u0144cowym oraz unikalny numer. Rodzaje u\u017cywanych plik\u00f3w \u201ecookies\u201d Sesyjne pliki cookies S\u0142u\u017c\u0105 do zapami\u0119tania wybor\u00f3w&#8230;<\/p>","protected":false},"author":1,"featured_media":0,"parent":0,"menu_order":0,"comment_status":"closed","ping_status":"closed","template":"","meta":{"_acf_changed":false,"footnotes":""},"class_list":["post-3","page","type-page","status-publish","hentry"],"acf":[],"yoast_head":"<!-- This site is optimized with the Yoast SEO plugin v25.0 - https:\/\/yoast.com\/wordpress\/plugins\/seo\/ -->\n<title>Polityka plik\u00f3w cookies - OSK Sza\u0142 Bia\u0142ystok<\/title>\n<meta name=\"robots\" content=\"noindex, follow\" \/>\n<meta property=\"og:locale\" content=\"uk_UA\" \/>\n<meta property=\"og:type\" content=\"article\" \/>\n<meta property=\"og:title\" content=\"Polityka plik\u00f3w cookies - OSK Sza\u0142 Bia\u0142ystok\" \/>\n<meta property=\"og:description\" content=\"Czym s\u0105 pliki \u201ecookies\u201d? Pliki cookies (tzw. ciasteczka) s\u0142u\u017c\u0105 do przechowywania danych informatycznych, najcz\u0119\u015bciej w formie plik\u00f3w tekstowych, w urz\u0105dzeniu ko\u0144cowym u\u017cytkownika (np. komputerze, laptopie, smartfonie). Cookies zazwyczaj zawieraj\u0105 nazw\u0119 strony internetowej z kt\u00f3rej pochodz\u0105, czas przechowywania ich na urz\u0105dzeniu ko\u0144cowym oraz unikalny numer. Rodzaje u\u017cywanych plik\u00f3w \u201ecookies\u201d Sesyjne pliki cookies S\u0142u\u017c\u0105 do zapami\u0119tania wybor\u00f3w...\" \/>\n<meta property=\"og:url\" content=\"https:\/\/szal.bialystok.pl\/uk\/\u043f\u043e\u043b\u0456\u0442\u0438\u043a\u0430-\u0432\u0438\u043a\u043e\u0440\u0438\u0441\u0442\u0430\u043d\u043d\u044f-\u0444\u0430\u0439\u043b\u0456\u0432-cookie\/\" \/>\n<meta property=\"og:site_name\" content=\"OSK Sza\u0142 Bia\u0142ystok\" \/>\n<meta property=\"article:modified_time\" content=\"2025-02-04T08:00:52+00:00\" \/>\n<meta name=\"twitter:card\" content=\"summary_large_image\" \/>\n<meta name=\"twitter:label1\" content=\"\u041f\u0440\u0438\u0431\u043b. \u0447\u0430\u0441 \u0447\u0438\u0442\u0430\u043d\u043d\u044f\" \/>\n\t<meta name=\"twitter:data1\" content=\"1 \u0445\u0432\u0438\u043b\u0438\u043d\u0430\" \/>\n<script type=\"application\/ld+json\" class=\"yoast-schema-graph\">{\"@context\":\"https:\/\/schema.org\",\"@graph\":[{\"@type\":\"WebPage\",\"@id\":\"https:\/\/szal.bialystok.pl\/polityka-plikow-cookies\/\",\"url\":\"https:\/\/szal.bialystok.pl\/polityka-plikow-cookies\/\",\"name\":\"Polityka plik\u00f3w cookies - OSK Sza\u0142 Bia\u0142ystok\",\"isPartOf\":{\"@id\":\"https:\/\/szal.bialystok.pl\/#website\"},\"datePublished\":\"2021-10-14T11:05:18+00:00\",\"dateModified\":\"2025-02-04T08:00:52+00:00\",\"breadcrumb\":{\"@id\":\"https:\/\/szal.bialystok.pl\/polityka-plikow-cookies\/#breadcrumb\"},\"inLanguage\":\"uk\",\"potentialAction\":[{\"@type\":\"ReadAction\",\"target\":[\"https:\/\/szal.bialystok.pl\/polityka-plikow-cookies\/\"]}]},{\"@type\":\"BreadcrumbList\",\"@id\":\"https:\/\/szal.bialystok.pl\/polityka-plikow-cookies\/#breadcrumb\",\"itemListElement\":[{\"@type\":\"ListItem\",\"position\":1,\"name\":\"Strona g\u0142\u00f3wna\",\"item\":\"https:\/\/szal.bialystok.pl\/\"},{\"@type\":\"ListItem\",\"position\":2,\"name\":\"Polityka plik\u00f3w cookies\"}]},{\"@type\":\"WebSite\",\"@id\":\"https:\/\/szal.bialystok.pl\/#website\",\"url\":\"https:\/\/szal.bialystok.pl\/\",\"name\":\"O\u015brodek szkolenia kierowc\u00f3w - Sza\u0142\",\"description\":\"O\u015brodek szkolenia kierowc\u00f3w - Sza\u0142\",\"publisher\":{\"@id\":\"https:\/\/szal.bialystok.pl\/#organization\"},\"potentialAction\":[{\"@type\":\"SearchAction\",\"target\":{\"@type\":\"EntryPoint\",\"urlTemplate\":\"https:\/\/szal.bialystok.pl\/?s={search_term_string}\"},\"query-input\":{\"@type\":\"PropertyValueSpecification\",\"valueRequired\":true,\"valueName\":\"search_term_string\"}}],\"inLanguage\":\"uk\"},{\"@type\":\"Organization\",\"@id\":\"https:\/\/szal.bialystok.pl\/#organization\",\"name\":\"O\u015brodek szkolenia kierowc\u00f3w - Sza\u0142\",\"url\":\"https:\/\/szal.bialystok.pl\/\",\"logo\":{\"@type\":\"ImageObject\",\"inLanguage\":\"uk\",\"@id\":\"https:\/\/szal.bialystok.pl\/#\/schema\/logo\/image\/\",\"url\":\"https:\/\/szal.bialystok.pl\/wp-content\/uploads\/2025\/01\/logo-szal-kontakt.png\",\"contentUrl\":\"https:\/\/szal.bialystok.pl\/wp-content\/uploads\/2025\/01\/logo-szal-kontakt.png\",\"width\":354,\"height\":101,\"caption\":\"O\u015brodek szkolenia kierowc\u00f3w - Sza\u0142\"},\"image\":{\"@id\":\"https:\/\/szal.bialystok.pl\/#\/schema\/logo\/image\/\"}}]}<\/script>\n<!-- \/ Yoast SEO plugin. -->","yoast_head_json":{"title":"Polityka plik\u00f3w cookies - OSK Sza\u0142 Bia\u0142ystok","robots":{"index":"noindex","follow":"follow"},"og_locale":"uk_UA","og_type":"article","og_title":"Polityka plik\u00f3w cookies - OSK Sza\u0142 Bia\u0142ystok","og_description":"Czym s\u0105 pliki \u201ecookies\u201d? Pliki cookies (tzw. ciasteczka) s\u0142u\u017c\u0105 do przechowywania danych informatycznych, najcz\u0119\u015bciej w formie plik\u00f3w tekstowych, w urz\u0105dzeniu ko\u0144cowym u\u017cytkownika (np. komputerze, laptopie, smartfonie). Cookies zazwyczaj zawieraj\u0105 nazw\u0119 strony internetowej z kt\u00f3rej pochodz\u0105, czas przechowywania ich na urz\u0105dzeniu ko\u0144cowym oraz unikalny numer. Rodzaje u\u017cywanych plik\u00f3w \u201ecookies\u201d Sesyjne pliki cookies S\u0142u\u017c\u0105 do zapami\u0119tania wybor\u00f3w...","og_url":"https:\/\/szal.bialystok.pl\/uk\/\u043f\u043e\u043b\u0456\u0442\u0438\u043a\u0430-\u0432\u0438\u043a\u043e\u0440\u0438\u0441\u0442\u0430\u043d\u043d\u044f-\u0444\u0430\u0439\u043b\u0456\u0432-cookie\/","og_site_name":"OSK Sza\u0142 Bia\u0142ystok","article_modified_time":"2025-02-04T08:00:52+00:00","twitter_card":"summary_large_image","twitter_misc":{"\u041f\u0440\u0438\u0431\u043b. \u0447\u0430\u0441 \u0447\u0438\u0442\u0430\u043d\u043d\u044f":"1 \u0445\u0432\u0438\u043b\u0438\u043d\u0430"},"schema":{"@context":"https:\/\/schema.org","@graph":[{"@type":"WebPage","@id":"https:\/\/szal.bialystok.pl\/polityka-plikow-cookies\/","url":"https:\/\/szal.bialystok.pl\/polityka-plikow-cookies\/","name":"Polityka plik\u00f3w cookies - OSK Sza\u0142 Bia\u0142ystok","isPartOf":{"@id":"https:\/\/szal.bialystok.pl\/#website"},"datePublished":"2021-10-14T11:05:18+00:00","dateModified":"2025-02-04T08:00:52+00:00","breadcrumb":{"@id":"https:\/\/szal.bialystok.pl\/polityka-plikow-cookies\/#breadcrumb"},"inLanguage":"uk","potentialAction":[{"@type":"ReadAction","target":["https:\/\/szal.bialystok.pl\/polityka-plikow-cookies\/"]}]},{"@type":"BreadcrumbList","@id":"https:\/\/szal.bialystok.pl\/polityka-plikow-cookies\/#breadcrumb","itemListElement":[{"@type":"ListItem","position":1,"name":"Strona g\u0142\u00f3wna","item":"https:\/\/szal.bialystok.pl\/"},{"@type":"ListItem","position":2,"name":"Polityka plik\u00f3w cookies"}]},{"@type":"WebSite","@id":"https:\/\/szal.bialystok.pl\/#website","url":"https:\/\/szal.bialystok.pl\/","name":"O\u015brodek szkolenia kierowc\u00f3w - Sza\u0142","description":"O\u015brodek szkolenia kierowc\u00f3w - Sza\u0142","publisher":{"@id":"https:\/\/szal.bialystok.pl\/#organization"},"potentialAction":[{"@type":"SearchAction","target":{"@type":"EntryPoint","urlTemplate":"https:\/\/szal.bialystok.pl\/?s={search_term_string}"},"query-input":{"@type":"PropertyValueSpecification","valueRequired":true,"valueName":"search_term_string"}}],"inLanguage":"uk"},{"@type":"Organization","@id":"https:\/\/szal.bialystok.pl\/#organization","name":"O\u015brodek szkolenia kierowc\u00f3w - Sza\u0142","url":"https:\/\/szal.bialystok.pl\/","logo":{"@type":"ImageObject","inLanguage":"uk","@id":"https:\/\/szal.bialystok.pl\/#\/schema\/logo\/image\/","url":"https:\/\/szal.bialystok.pl\/wp-content\/uploads\/2025\/01\/logo-szal-kontakt.png","contentUrl":"https:\/\/szal.bialystok.pl\/wp-content\/uploads\/2025\/01\/logo-szal-kontakt.png","width":354,"height":101,"caption":"O\u015brodek szkolenia kierowc\u00f3w - Sza\u0142"},"image":{"@id":"https:\/\/szal.bialystok.pl\/#\/schema\/logo\/image\/"}}]}},"_links":{"self":[{"href":"https:\/\/szal.bialystok.pl\/uk\/wp-json\/wp\/v2\/pages\/3","targetHints":{"allow":["GET"]}}],"collection":[{"href":"https:\/\/szal.bialystok.pl\/uk\/wp-json\/wp\/v2\/pages"}],"about":[{"href":"https:\/\/szal.bialystok.pl\/uk\/wp-json\/wp\/v2\/types\/page"}],"author":[{"embeddable":true,"href":"https:\/\/szal.bialystok.pl\/uk\/wp-json\/wp\/v2\/users\/1"}],"replies":[{"embeddable":true,"href":"https:\/\/szal.bialystok.pl\/uk\/wp-json\/wp\/v2\/comments?post=3"}],"version-history":[{"count":1,"href":"https:\/\/szal.bialystok.pl\/uk\/wp-json\/wp\/v2\/pages\/3\/revisions"}],"predecessor-version":[{"id":23,"href":"https:\/\/szal.bialystok.pl\/uk\/wp-json\/wp\/v2\/pages\/3\/revisions\/23"}],"wp:attachment":[{"href":"https:\/\/szal.bialystok.pl\/uk\/wp-json\/wp\/v2\/media?parent=3"}],"curies":[{"name":"wp","href":"https:\/\/api.w.org\/{rel}","templated":true}]}}