{"id":424,"date":"2025-01-21T09:54:04","date_gmt":"2025-01-21T08:54:04","guid":{"rendered":"https:\/\/szal.bialystok.pl\/?page_id=424"},"modified":"2025-01-30T12:44:01","modified_gmt":"2025-01-30T11:44:01","slug":"galeria","status":"publish","type":"page","link":"https:\/\/szal.bialystok.pl\/uk\/\u0433\u0430\u043b\u0435\u0440\u0435\u044f\/","title":{"rendered":"\u0413\u0430\u043b\u0435\u0440\u0435\u044f"},"content":{"rendered":"<section class=\"l-section wpb_row height_medium width_full\"><div class=\"l-section-h i-cf\"><div class=\"g-cols vc_row via_flex valign_top type_default stacking_default\"><div class=\"vc_col-sm-12 wpb_column vc_column_container\"><div class=\"vc_column-inner\"><div class=\"wpb_wrapper\"><h1 class=\"w-text us_custom_fdd2a3e2 hr-lines\"><span class=\"w-text-h\"><span class=\"w-text-value\">\u0413\u0430\u043b\u0435\u0440\u0435\u044f<\/span><\/span><\/h1><div class=\"w-separator size_medium\"><\/div><div class=\"w-gallery us_custom_06689292 fit_cover type_grid action_popup_image ratio_1x1 count_46\" style=\"--columns:4;--items-gap:10px;\"><div class=\"w-gallery-list\"><div class=\"w-gallery-item\"><div class=\"w-gallery-item-img\"><img loading=\"lazy\" decoding=\"async\" width=\"1024\" height=\"685\" src=\"https:\/\/szal.bialystok.pl\/wp-content\/uploads\/2025\/01\/Flota-1024x685.png\" class=\"attachment-large size-large\" alt=\"\" srcset=\"https:\/\/szal.bialystok.pl\/wp-content\/uploads\/2025\/01\/Flota-1024x685.png 1024w, https:\/\/szal.bialystok.pl\/wp-content\/uploads\/2025\/01\/Flota-300x201.png 300w, https:\/\/szal.bialystok.pl\/wp-content\/uploads\/2025\/01\/Flota-18x12.png 18w, https:\/\/szal.bialystok.pl\/wp-content\/uploads\/2025\/01\/Flota.png 1600w\" sizes=\"auto, (max-width: 1024px) 100vw, 1024px\" \/><\/div><a class=\"w-gallery-item-link\" aria-label=\"\u0424\u043b\u043e\u0442\" href=\"https:\/\/szal.bialystok.pl\/wp-content\/uploads\/2025\/01\/Flota.png\"><\/a><\/div><div class=\"w-gallery-item\"><div class=\"w-gallery-item-img\"><img loading=\"lazy\" decoding=\"async\" width=\"1024\" height=\"682\" src=\"https:\/\/szal.bialystok.pl\/wp-content\/uploads\/2025\/01\/AM-4-1024x682.png\" class=\"attachment-large size-large\" alt=\"\" srcset=\"https:\/\/szal.bialystok.pl\/wp-content\/uploads\/2025\/01\/AM-4-1024x682.png 1024w, https:\/\/szal.bialystok.pl\/wp-content\/uploads\/2025\/01\/AM-4-300x200.png 300w, https:\/\/szal.bialystok.pl\/wp-content\/uploads\/2025\/01\/AM-4-18x12.png 18w, https:\/\/szal.bialystok.pl\/wp-content\/uploads\/2025\/01\/AM-4.png 1600w\" sizes=\"auto, (max-width: 1024px) 100vw, 1024px\" \/><\/div><a class=\"w-gallery-item-link\" aria-label=\"AM (4)\" href=\"https:\/\/szal.bialystok.pl\/wp-content\/uploads\/2025\/01\/AM-4.png\"><\/a><\/div><div class=\"w-gallery-item\"><div class=\"w-gallery-item-img\"><img loading=\"lazy\" decoding=\"async\" width=\"768\" height=\"1024\" src=\"https:\/\/szal.bialystok.pl\/wp-content\/uploads\/2025\/01\/AM-8-768x1024.jpg\" class=\"attachment-large size-large\" alt=\"\" srcset=\"https:\/\/szal.bialystok.pl\/wp-content\/uploads\/2025\/01\/AM-8-768x1024.jpg 768w, https:\/\/szal.bialystok.pl\/wp-content\/uploads\/2025\/01\/AM-8-225x300.jpg 225w, https:\/\/szal.bialystok.pl\/wp-content\/uploads\/2025\/01\/AM-8-9x12.jpg 9w, https:\/\/szal.bialystok.pl\/wp-content\/uploads\/2025\/01\/AM-8.jpg 1200w\" sizes=\"auto, (max-width: 768px) 100vw, 768px\" \/><\/div><a class=\"w-gallery-item-link\" aria-label=\"AM (8)\" href=\"https:\/\/szal.bialystok.pl\/wp-content\/uploads\/2025\/01\/AM-8.jpg\"><\/a><\/div><div class=\"w-gallery-item\"><div class=\"w-gallery-item-img\"><img loading=\"lazy\" decoding=\"async\" width=\"1024\" height=\"919\" src=\"https:\/\/szal.bialystok.pl\/wp-content\/uploads\/2025\/01\/A-7-1024x919.jpg\" class=\"attachment-large size-large\" alt=\"\" srcset=\"https:\/\/szal.bialystok.pl\/wp-content\/uploads\/2025\/01\/A-7-1024x919.jpg 1024w, https:\/\/szal.bialystok.pl\/wp-content\/uploads\/2025\/01\/A-7-300x269.jpg 300w, https:\/\/szal.bialystok.pl\/wp-content\/uploads\/2025\/01\/A-7-13x12.jpg 13w, https:\/\/szal.bialystok.pl\/wp-content\/uploads\/2025\/01\/A-7.jpg 1224w\" sizes=\"auto, (max-width: 1024px) 100vw, 1024px\" \/><\/div><a class=\"w-gallery-item-link\" aria-label=\"A (7)\" href=\"https:\/\/szal.bialystok.pl\/wp-content\/uploads\/2025\/01\/A-7.jpg\"><\/a><\/div><div class=\"w-gallery-item\"><div class=\"w-gallery-item-img\"><img loading=\"lazy\" decoding=\"async\" width=\"640\" height=\"480\" src=\"https:\/\/szal.bialystok.pl\/wp-content\/uploads\/2025\/01\/AM.jpg\" class=\"attachment-large size-large\" alt=\"\" srcset=\"https:\/\/szal.bialystok.pl\/wp-content\/uploads\/2025\/01\/AM.jpg 640w, https:\/\/szal.bialystok.pl\/wp-content\/uploads\/2025\/01\/AM-300x225.jpg 300w, https:\/\/szal.bialystok.pl\/wp-content\/uploads\/2025\/01\/AM-16x12.jpg 16w\" sizes=\"auto, (max-width: 640px) 100vw, 640px\" \/><\/div><a class=\"w-gallery-item-link\" aria-label=\"AM\" href=\"https:\/\/szal.bialystok.pl\/wp-content\/uploads\/2025\/01\/AM.jpg\"><\/a><\/div><div class=\"w-gallery-item\"><div class=\"w-gallery-item-img\"><img loading=\"lazy\" decoding=\"async\" width=\"660\" height=\"1024\" src=\"https:\/\/szal.bialystok.pl\/wp-content\/uploads\/2025\/01\/mot-A2-660x1024.jpeg\" class=\"attachment-large size-large\" alt=\"\" srcset=\"https:\/\/szal.bialystok.pl\/wp-content\/uploads\/2025\/01\/mot-A2-660x1024.jpeg 660w, https:\/\/szal.bialystok.pl\/wp-content\/uploads\/2025\/01\/mot-A2-193x300.jpeg 193w, https:\/\/szal.bialystok.pl\/wp-content\/uploads\/2025\/01\/mot-A2-8x12.jpeg 8w, https:\/\/szal.bialystok.pl\/wp-content\/uploads\/2025\/01\/mot-A2.jpeg 1170w\" sizes=\"auto, (max-width: 660px) 100vw, 660px\" \/><\/div><a class=\"w-gallery-item-link\" aria-label=\"mot A2\" href=\"https:\/\/szal.bialystok.pl\/wp-content\/uploads\/2025\/01\/mot-A2.jpeg\"><\/a><\/div><div class=\"w-gallery-item\"><div class=\"w-gallery-item-img\"><img loading=\"lazy\" decoding=\"async\" width=\"1024\" height=\"683\" src=\"https:\/\/szal.bialystok.pl\/wp-content\/uploads\/2025\/01\/PP_Austin-1024x683.jpg\" class=\"attachment-large size-large\" alt=\"\" srcset=\"https:\/\/szal.bialystok.pl\/wp-content\/uploads\/2025\/01\/PP_Austin-1024x683.jpg 1024w, https:\/\/szal.bialystok.pl\/wp-content\/uploads\/2025\/01\/PP_Austin-300x200.jpg 300w, https:\/\/szal.bialystok.pl\/wp-content\/uploads\/2025\/01\/PP_Austin-18x12.jpg 18w, https:\/\/szal.bialystok.pl\/wp-content\/uploads\/2025\/01\/PP_Austin-scaled.jpg 1920w\" sizes=\"auto, (max-width: 1024px) 100vw, 1024px\" \/><\/div><a class=\"w-gallery-item-link\" aria-label=\"PP_Austin\" href=\"https:\/\/szal.bialystok.pl\/wp-content\/uploads\/2025\/01\/PP_Austin-scaled.jpg\"><\/a><\/div><div class=\"w-gallery-item\"><div class=\"w-gallery-item-img\"><img loading=\"lazy\" decoding=\"async\" width=\"1024\" height=\"683\" src=\"https:\/\/szal.bialystok.pl\/wp-content\/uploads\/2025\/01\/B-24-1024x683.jpg\" class=\"attachment-large size-large\" alt=\"\" srcset=\"https:\/\/szal.bialystok.pl\/wp-content\/uploads\/2025\/01\/B-24-1024x683.jpg 1024w, https:\/\/szal.bialystok.pl\/wp-content\/uploads\/2025\/01\/B-24-300x200.jpg 300w, https:\/\/szal.bialystok.pl\/wp-content\/uploads\/2025\/01\/B-24-18x12.jpg 18w, https:\/\/szal.bialystok.pl\/wp-content\/uploads\/2025\/01\/B-24-scaled.jpg 1920w\" sizes=\"auto, (max-width: 1024px) 100vw, 1024px\" \/><\/div><a class=\"w-gallery-item-link\" aria-label=\"B (24)\" href=\"https:\/\/szal.bialystok.pl\/wp-content\/uploads\/2025\/01\/B-24-scaled.jpg\"><\/a><\/div><div class=\"w-gallery-item\"><div class=\"w-gallery-item-img\"><img loading=\"lazy\" decoding=\"async\" width=\"1024\" height=\"683\" src=\"https:\/\/szal.bialystok.pl\/wp-content\/uploads\/2025\/01\/B-22-1024x683.png\" class=\"attachment-large size-large\" alt=\"\" srcset=\"https:\/\/szal.bialystok.pl\/wp-content\/uploads\/2025\/01\/B-22-1024x683.png 1024w, https:\/\/szal.bialystok.pl\/wp-content\/uploads\/2025\/01\/B-22-300x200.png 300w, https:\/\/szal.bialystok.pl\/wp-content\/uploads\/2025\/01\/B-22-18x12.png 18w, https:\/\/szal.bialystok.pl\/wp-content\/uploads\/2025\/01\/B-22.png 1600w\" sizes=\"auto, (max-width: 1024px) 100vw, 1024px\" \/><\/div><a class=\"w-gallery-item-link\" aria-label=\"B (22)\" href=\"https:\/\/szal.bialystok.pl\/wp-content\/uploads\/2025\/01\/B-22.png\"><\/a><\/div><div class=\"w-gallery-item\"><div class=\"w-gallery-item-img\"><img loading=\"lazy\" decoding=\"async\" width=\"1024\" height=\"683\" src=\"https:\/\/szal.bialystok.pl\/wp-content\/uploads\/2025\/01\/PP_Austin_10-1024x683.jpg\" class=\"attachment-large size-large\" alt=\"\" srcset=\"https:\/\/szal.bialystok.pl\/wp-content\/uploads\/2025\/01\/PP_Austin_10-1024x683.jpg 1024w, https:\/\/szal.bialystok.pl\/wp-content\/uploads\/2025\/01\/PP_Austin_10-300x200.jpg 300w, https:\/\/szal.bialystok.pl\/wp-content\/uploads\/2025\/01\/PP_Austin_10-18x12.jpg 18w, https:\/\/szal.bialystok.pl\/wp-content\/uploads\/2025\/01\/PP_Austin_10-scaled.jpg 1920w\" sizes=\"auto, (max-width: 1024px) 100vw, 1024px\" \/><\/div><a class=\"w-gallery-item-link\" aria-label=\"PP_Austin_10\" href=\"https:\/\/szal.bialystok.pl\/wp-content\/uploads\/2025\/01\/PP_Austin_10-scaled.jpg\"><\/a><\/div><div class=\"w-gallery-item\"><div class=\"w-gallery-item-img\"><img loading=\"lazy\" decoding=\"async\" width=\"1024\" height=\"688\" src=\"https:\/\/szal.bialystok.pl\/wp-content\/uploads\/2025\/01\/A2-3-1024x688.jpg\" class=\"attachment-large size-large\" alt=\"\" srcset=\"https:\/\/szal.bialystok.pl\/wp-content\/uploads\/2025\/01\/A2-3-1024x688.jpg 1024w, https:\/\/szal.bialystok.pl\/wp-content\/uploads\/2025\/01\/A2-3-300x202.jpg 300w, https:\/\/szal.bialystok.pl\/wp-content\/uploads\/2025\/01\/A2-3-18x12.jpg 18w, https:\/\/szal.bialystok.pl\/wp-content\/uploads\/2025\/01\/A2-3.jpg 1419w\" sizes=\"auto, (max-width: 1024px) 100vw, 1024px\" \/><\/div><a class=\"w-gallery-item-link\" aria-label=\"A2 (3)\" href=\"https:\/\/szal.bialystok.pl\/wp-content\/uploads\/2025\/01\/A2-3.jpg\"><\/a><\/div><div class=\"w-gallery-item\"><div class=\"w-gallery-item-img\"><img loading=\"lazy\" decoding=\"async\" width=\"1024\" height=\"687\" src=\"https:\/\/szal.bialystok.pl\/wp-content\/uploads\/2025\/01\/automat-niepelnosprawni-1-1-1024x687.png\" class=\"attachment-large size-large\" alt=\"\" srcset=\"https:\/\/szal.bialystok.pl\/wp-content\/uploads\/2025\/01\/automat-niepelnosprawni-1-1-1024x687.png 1024w, https:\/\/szal.bialystok.pl\/wp-content\/uploads\/2025\/01\/automat-niepelnosprawni-1-1-300x201.png 300w, https:\/\/szal.bialystok.pl\/wp-content\/uploads\/2025\/01\/automat-niepelnosprawni-1-1-18x12.png 18w, https:\/\/szal.bialystok.pl\/wp-content\/uploads\/2025\/01\/automat-niepelnosprawni-1-1.png 1600w\" sizes=\"auto, (max-width: 1024px) 100vw, 1024px\" \/><\/div><a class=\"w-gallery-item-link\" aria-label=\"\u0430\u0432\u0442\u043e\u043c\u0430\u0442\u0438\u0447\u043d\u043e \u0432\u0438\u043c\u043a\u043d\u0435\u043d\u043e (1)\" href=\"https:\/\/szal.bialystok.pl\/wp-content\/uploads\/2025\/01\/automat-niepelnosprawni-1-1.png\"><\/a><\/div><\/div><div class=\"w-gallery-loadmore\" style=\"--btn-indent:1.5em\"><div class=\"g-preloader type_1\"><div><\/div><\/div><\/div><div class=\"w-gallery-json hidden\"  onclick='return {&quot;action&quot;:&quot;us_ajax_gallery&quot;,&quot;template_vars&quot;:{&quot;ids&quot;:[752,751,750,749,748,747,746,745,744,743,742,741,539,527,519,510,509,503,502,486,484,483,473,472,471,464,444,443,442,441,440,439,438,437,436,435,434,433,432,431,430,429,428,427,426,425],&quot;img_size&quot;:&quot;large&quot;,&quot;items_click_action&quot;:&quot;popup_image&quot;,&quot;items_link&quot;:&quot;{\\&quot;url\\&quot;:\\&quot;\\&quot;}&quot;,&quot;items_title&quot;:0,&quot;max_num_pages&quot;:4,&quot;quantity&quot;:&quot;12&quot;,&quot;pagination&quot;:&quot;load_on_scroll&quot;}}'><\/div><\/div><\/div><\/div><\/div><\/div><\/div><\/section>","protected":false},"excerpt":{"rendered":"\u0413\u0430\u043b\u0435\u0440\u0435\u044f","protected":false},"author":7,"featured_media":0,"parent":0,"menu_order":0,"comment_status":"closed","ping_status":"closed","template":"","meta":{"_acf_changed":false,"footnotes":""},"class_list":["post-424","page","type-page","status-publish","hentry"],"acf":[],"yoast_head":"<!-- This site is optimized with the Yoast SEO plugin v25.0 - https:\/\/yoast.com\/wordpress\/plugins\/seo\/ -->\n<title>Galeria - OSK Sza\u0142 Bia\u0142ystok<\/title>\n<meta name=\"robots\" content=\"index, follow, max-snippet:-1, max-image-preview:large, max-video-preview:-1\" \/>\n<link rel=\"canonical\" href=\"https:\/\/szal.bialystok.pl\/uk\/\u0433\u0430\u043b\u0435\u0440\u0435\u044f\/\" \/>\n<meta property=\"og:locale\" content=\"uk_UA\" \/>\n<meta property=\"og:type\" content=\"article\" \/>\n<meta property=\"og:title\" content=\"Galeria - OSK Sza\u0142 Bia\u0142ystok\" \/>\n<meta property=\"og:url\" content=\"https:\/\/szal.bialystok.pl\/uk\/\u0433\u0430\u043b\u0435\u0440\u0435\u044f\/\" \/>\n<meta property=\"og:site_name\" content=\"OSK Sza\u0142 Bia\u0142ystok\" \/>\n<meta property=\"article:modified_time\" content=\"2025-01-30T11:44:01+00:00\" \/>\n<meta name=\"twitter:card\" content=\"summary_large_image\" \/>\n<meta name=\"twitter:label1\" content=\"\u041f\u0440\u0438\u0431\u043b. \u0447\u0430\u0441 \u0447\u0438\u0442\u0430\u043d\u043d\u044f\" \/>\n\t<meta name=\"twitter:data1\" content=\"1 \u0445\u0432\u0438\u043b\u0438\u043d\u0430\" \/>\n<script type=\"application\/ld+json\" class=\"yoast-schema-graph\">{\"@context\":\"https:\/\/schema.org\",\"@graph\":[{\"@type\":\"WebPage\",\"@id\":\"https:\/\/szal.bialystok.pl\/galeria\/\",\"url\":\"https:\/\/szal.bialystok.pl\/galeria\/\",\"name\":\"Galeria - OSK Sza\u0142 Bia\u0142ystok\",\"isPartOf\":{\"@id\":\"https:\/\/szal.bialystok.pl\/#website\"},\"datePublished\":\"2025-01-21T08:54:04+00:00\",\"dateModified\":\"2025-01-30T11:44:01+00:00\",\"breadcrumb\":{\"@id\":\"https:\/\/szal.bialystok.pl\/galeria\/#breadcrumb\"},\"inLanguage\":\"uk\",\"potentialAction\":[{\"@type\":\"ReadAction\",\"target\":[\"https:\/\/szal.bialystok.pl\/galeria\/\"]}]},{\"@type\":\"BreadcrumbList\",\"@id\":\"https:\/\/szal.bialystok.pl\/galeria\/#breadcrumb\",\"itemListElement\":[{\"@type\":\"ListItem\",\"position\":1,\"name\":\"Strona g\u0142\u00f3wna\",\"item\":\"https:\/\/szal.bialystok.pl\/\"},{\"@type\":\"ListItem\",\"position\":2,\"name\":\"Galeria\"}]},{\"@type\":\"WebSite\",\"@id\":\"https:\/\/szal.bialystok.pl\/#website\",\"url\":\"https:\/\/szal.bialystok.pl\/\",\"name\":\"O\u015brodek szkolenia kierowc\u00f3w - Sza\u0142\",\"description\":\"O\u015brodek szkolenia kierowc\u00f3w - Sza\u0142\",\"publisher\":{\"@id\":\"https:\/\/szal.bialystok.pl\/#organization\"},\"potentialAction\":[{\"@type\":\"SearchAction\",\"target\":{\"@type\":\"EntryPoint\",\"urlTemplate\":\"https:\/\/szal.bialystok.pl\/?s={search_term_string}\"},\"query-input\":{\"@type\":\"PropertyValueSpecification\",\"valueRequired\":true,\"valueName\":\"search_term_string\"}}],\"inLanguage\":\"uk\"},{\"@type\":\"Organization\",\"@id\":\"https:\/\/szal.bialystok.pl\/#organization\",\"name\":\"O\u015brodek szkolenia kierowc\u00f3w - Sza\u0142\",\"url\":\"https:\/\/szal.bialystok.pl\/\",\"logo\":{\"@type\":\"ImageObject\",\"inLanguage\":\"uk\",\"@id\":\"https:\/\/szal.bialystok.pl\/#\/schema\/logo\/image\/\",\"url\":\"https:\/\/szal.bialystok.pl\/wp-content\/uploads\/2025\/01\/logo-szal-kontakt.png\",\"contentUrl\":\"https:\/\/szal.bialystok.pl\/wp-content\/uploads\/2025\/01\/logo-szal-kontakt.png\",\"width\":354,\"height\":101,\"caption\":\"O\u015brodek szkolenia kierowc\u00f3w - Sza\u0142\"},\"image\":{\"@id\":\"https:\/\/szal.bialystok.pl\/#\/schema\/logo\/image\/\"}}]}<\/script>\n<!-- \/ Yoast SEO plugin. -->","yoast_head_json":{"title":"Galeria - OSK Sza\u0142 Bia\u0142ystok","robots":{"index":"index","follow":"follow","max-snippet":"max-snippet:-1","max-image-preview":"max-image-preview:large","max-video-preview":"max-video-preview:-1"},"canonical":"https:\/\/szal.bialystok.pl\/uk\/\u0433\u0430\u043b\u0435\u0440\u0435\u044f\/","og_locale":"uk_UA","og_type":"article","og_title":"Galeria - OSK Sza\u0142 Bia\u0142ystok","og_url":"https:\/\/szal.bialystok.pl\/uk\/\u0433\u0430\u043b\u0435\u0440\u0435\u044f\/","og_site_name":"OSK Sza\u0142 Bia\u0142ystok","article_modified_time":"2025-01-30T11:44:01+00:00","twitter_card":"summary_large_image","twitter_misc":{"\u041f\u0440\u0438\u0431\u043b. \u0447\u0430\u0441 \u0447\u0438\u0442\u0430\u043d\u043d\u044f":"1 \u0445\u0432\u0438\u043b\u0438\u043d\u0430"},"schema":{"@context":"https:\/\/schema.org","@graph":[{"@type":"WebPage","@id":"https:\/\/szal.bialystok.pl\/galeria\/","url":"https:\/\/szal.bialystok.pl\/galeria\/","name":"Galeria - OSK Sza\u0142 Bia\u0142ystok","isPartOf":{"@id":"https:\/\/szal.bialystok.pl\/#website"},"datePublished":"2025-01-21T08:54:04+00:00","dateModified":"2025-01-30T11:44:01+00:00","breadcrumb":{"@id":"https:\/\/szal.bialystok.pl\/galeria\/#breadcrumb"},"inLanguage":"uk","potentialAction":[{"@type":"ReadAction","target":["https:\/\/szal.bialystok.pl\/galeria\/"]}]},{"@type":"BreadcrumbList","@id":"https:\/\/szal.bialystok.pl\/galeria\/#breadcrumb","itemListElement":[{"@type":"ListItem","position":1,"name":"Strona g\u0142\u00f3wna","item":"https:\/\/szal.bialystok.pl\/"},{"@type":"ListItem","position":2,"name":"Galeria"}]},{"@type":"WebSite","@id":"https:\/\/szal.bialystok.pl\/#website","url":"https:\/\/szal.bialystok.pl\/","name":"O\u015brodek szkolenia kierowc\u00f3w - Sza\u0142","description":"O\u015brodek szkolenia kierowc\u00f3w - Sza\u0142","publisher":{"@id":"https:\/\/szal.bialystok.pl\/#organization"},"potentialAction":[{"@type":"SearchAction","target":{"@type":"EntryPoint","urlTemplate":"https:\/\/szal.bialystok.pl\/?s={search_term_string}"},"query-input":{"@type":"PropertyValueSpecification","valueRequired":true,"valueName":"search_term_string"}}],"inLanguage":"uk"},{"@type":"Organization","@id":"https:\/\/szal.bialystok.pl\/#organization","name":"O\u015brodek szkolenia kierowc\u00f3w - Sza\u0142","url":"https:\/\/szal.bialystok.pl\/","logo":{"@type":"ImageObject","inLanguage":"uk","@id":"https:\/\/szal.bialystok.pl\/#\/schema\/logo\/image\/","url":"https:\/\/szal.bialystok.pl\/wp-content\/uploads\/2025\/01\/logo-szal-kontakt.png","contentUrl":"https:\/\/szal.bialystok.pl\/wp-content\/uploads\/2025\/01\/logo-szal-kontakt.png","width":354,"height":101,"caption":"O\u015brodek szkolenia kierowc\u00f3w - Sza\u0142"},"image":{"@id":"https:\/\/szal.bialystok.pl\/#\/schema\/logo\/image\/"}}]}},"_links":{"self":[{"href":"https:\/\/szal.bialystok.pl\/uk\/wp-json\/wp\/v2\/pages\/424","targetHints":{"allow":["GET"]}}],"collection":[{"href":"https:\/\/szal.bialystok.pl\/uk\/wp-json\/wp\/v2\/pages"}],"about":[{"href":"https:\/\/szal.bialystok.pl\/uk\/wp-json\/wp\/v2\/types\/page"}],"author":[{"embeddable":true,"href":"https:\/\/szal.bialystok.pl\/uk\/wp-json\/wp\/v2\/users\/7"}],"replies":[{"embeddable":true,"href":"https:\/\/szal.bialystok.pl\/uk\/wp-json\/wp\/v2\/comments?post=424"}],"version-history":[{"count":7,"href":"https:\/\/szal.bialystok.pl\/uk\/wp-json\/wp\/v2\/pages\/424\/revisions"}],"predecessor-version":[{"id":766,"href":"https:\/\/szal.bialystok.pl\/uk\/wp-json\/wp\/v2\/pages\/424\/revisions\/766"}],"wp:attachment":[{"href":"https:\/\/szal.bialystok.pl\/uk\/wp-json\/wp\/v2\/media?parent=424"}],"curies":[{"name":"wp","href":"https:\/\/api.w.org\/{rel}","templated":true}]}}