{"id":628,"date":"2025-01-21T16:10:42","date_gmt":"2025-01-21T15:10:42","guid":{"rendered":"https:\/\/szal.bialystok.pl\/?page_id=628"},"modified":"2025-01-21T16:25:29","modified_gmt":"2025-01-21T15:25:29","slug":"aktualnosci","status":"publish","type":"page","link":"https:\/\/szal.bialystok.pl\/uk\/\u043d\u043e\u0432\u0438\u043d\u0438\/","title":{"rendered":"\u041d\u043e\u0432\u0438\u043d\u0438"},"content":{"rendered":"<section class=\"l-section wpb_row height_medium width_full with_img\"><div class=\"l-section-img\" role=\"img\" data-img-width=\"1440\" data-img-height=\"292\" style=\"background-image: url(https:\/\/szal.bialystok.pl\/wp-content\/uploads\/2025\/01\/image-3-2.png);background-repeat: no-repeat;\"><\/div><div class=\"l-section-h i-cf\"><div class=\"g-cols vc_row via_flex valign_top type_default stacking_default\"><div class=\"vc_col-sm-12 wpb_column vc_column_container\"><div class=\"vc_column-inner\"><div class=\"wpb_wrapper\"><\/div><\/div><\/div><\/div><\/div><\/section><section class=\"l-section wpb_row height_medium width_full\"><div class=\"l-section-h i-cf\"><div class=\"g-cols vc_row via_flex valign_top type_default stacking_default\"><div class=\"vc_col-sm-12 wpb_column vc_column_container\"><div class=\"vc_column-inner\"><div class=\"wpb_wrapper\"><h1 class=\"w-text us_custom_fdd2a3e2 hr-lines\"><span class=\"w-text-h\"><span class=\"w-text-value\">\u041d\u043e\u0432\u0438\u043d\u0438<\/span><\/span><\/h1><\/div><\/div><\/div><\/div><\/div><\/section><section class=\"l-section wpb_row height_medium width_full\"><div class=\"l-section-h i-cf\"><div class=\"g-cols vc_row via_flex valign_top type_default stacking_default\"><div class=\"vc_col-sm-12 wpb_column vc_column_container\"><div class=\"vc_column-inner\"><div class=\"wpb_wrapper\"><div class=\"w-grid us_custom_06689292 us_post_list type_grid layout_blog_cards cols_4 valign_center pagination_numbered overflow_hidden with_css_animation\" id=\"us_post_list_b9c4\" style=\"--gap:1.5rem;\" data-filterable=\"true\"><style>@media (max-width:1024px){#us_post_list_b9c4 .w-grid-item{width:50%}}@media (max-width:600px){#us_post_list_b9c4 .w-grid-list{margin:0}#us_post_list_b9c4 .w-grid-item{width:100%;padding:0;margin-bottom:var(--gap,0px)}}@media (min-width:1024px){#us_post_list_b9c4 .w-post-elm.post_title{font-size:18px!important}}.layout_blog_cards .w-grid-item-h{background:var(--color-content-bg);color:var(--color-content-text);box-shadow:0 0.03rem 0.06rem rgba(0,0,0,0.1),0 0.1rem 0.3rem rgba(0,0,0,0.1);transition-duration:0.3s}.no-touch .layout_blog_cards .w-grid-item-h:hover{box-shadow:0 0.1rem 0.2rem rgba(0,0,0,0.1),0 0.33rem 1rem rgba(0,0,0,0.15);z-index:4}.layout_blog_cards .usg_post_image_1{margin-bottom:-2rem!important}.layout_blog_cards .usg_post_title_1{font-size:1.4rem!important;font-weight:700!important}.layout_blog_cards .usg_vwrapper_1{margin-top:2rem!important;padding:9% 11% 11% 11%!important}.layout_blog_cards .usg_post_taxonomy_1{font-weight:700!important;text-transform:uppercase!important;font-size:10px!important;position:absolute!important;z-index:2!important;top:1.2rem!important;right:1.2rem!important;left:1.2rem!important}.layout_blog_cards .usg_hwrapper_1{color:var(--color-content-faded)!important;font-size:0.9rem!important}@media (max-width:600px){.layout_blog_cards .usg_post_title_1{font-size:1.2rem!important}}<\/style><div class=\"w-grid-list\">\t<article class=\"w-grid-item us_animate_afl size_1x1 post-636 post type-post status-publish format-standard has-post-thumbnail hentry category-aktualnosci\" data-id=\"636\" style=\"animation-delay:0s\">\r\n\t\t<div class=\"w-grid-item-h\">\r\n\t\t\t\t\t\t<div class=\"w-post-elm post_image usg_post_image_1 stretched\"><a href=\"https:\/\/szal.bialystok.pl\/uk\/\u0456\u043d\u0441\u0442\u0440\u0443\u043a\u0442\u043e\u0440-\u0440\u043e\u043a\u0443-2013\/\" aria-label=\"\u0406\u043d\u0441\u0442\u0440\u0443\u043a\u0442\u043e\u0440 \u0440\u043e\u043a\u0443 2013\"><img loading=\"lazy\" decoding=\"async\" width=\"1024\" height=\"682\" src=\"https:\/\/szal.bialystok.pl\/wp-content\/uploads\/2025\/01\/DST_9324-1024x682.png\" class=\"attachment-large size-large wp-post-image\" alt=\"\u0431\u0456\u043b\u043e-\u0437\u0435\u043b\u0435\u043d\u0438\u0439 \u0448\u043a\u0456\u043b\u044c\u043d\u0438\u0439 \u043d\u0430\u0432\u0447\u0430\u043b\u044c\u043d\u0438\u0439 \u0430\u0432\u0442\u043e\u043c\u043e\u0431\u0456\u043b\u044c Frenzy\" srcset=\"https:\/\/szal.bialystok.pl\/wp-content\/uploads\/2025\/01\/DST_9324-1024x682.png 1024w, https:\/\/szal.bialystok.pl\/wp-content\/uploads\/2025\/01\/DST_9324-300x200.png 300w, https:\/\/szal.bialystok.pl\/wp-content\/uploads\/2025\/01\/DST_9324.png 1600w\" sizes=\"auto, (max-width: 1024px) 100vw, 1024px\" \/><\/a><\/div><div class=\"w-post-elm post_taxonomy usg_post_taxonomy_1 style_badge color_link_inherit\"><a class=\"w-btn us-btn-style_badge term-4 term-aktualnosci\" href=\"https:\/\/szal.bialystok.pl\/uk\/category\/\u043d\u043e\u0432\u0438\u043d\u0438\/\"><span class=\"w-btn-label\">\u041d\u043e\u0432\u0438\u043d\u0438<\/span><\/a><\/div><div class=\"w-vwrapper usg_vwrapper_1 align_none valign_top\"><h2 class=\"w-post-elm post_title usg_post_title_1 entry-title color_link_inherit\"><a href=\"https:\/\/szal.bialystok.pl\/uk\/\u0456\u043d\u0441\u0442\u0440\u0443\u043a\u0442\u043e\u0440-\u0440\u043e\u043a\u0443-2013\/\">\u0406\u043d\u0441\u0442\u0440\u0443\u043a\u0442\u043e\u0440 \u0440\u043e\u043a\u0443 2013<\/a><\/h2><div class=\"w-hwrapper usg_hwrapper_1 has_text_color align_none valign_top wrap\"><time class=\"w-post-elm post_date usg_post_date_1 entry-date published\" datetime=\"2025-01-21T16:19:18+01:00\" title=\"21 \u0421\u0456\u0447\u043d\u044f 2025 \u043e 16:19:18 Europe\/Warsaw\">1 \u0440\u0456\u043a \u0442\u043e\u043c\u0443<\/time><\/div><div class=\"w-post-elm post_content usg_post_content_1\">16 sierpnia 2016 Mi\u0142o nam poinformowa\u0107, \u017ce nasz instruktor Pawe\u0142 \u0141agoda zaj\u0105\u0142 I miejsce w konkursie Instruktor Roku 2013. To&hellip;<\/div><\/div>\t\t<\/div>\r\n\t\t\t<\/article>\r\n<\/div><div class=\"g-loadmore hidden\"><div class=\"g-preloader type_1\"><div><\/div><\/div><\/div><div class=\"w-grid-list-json hidden\" onclick='return {&quot;max_num_pages&quot;:1,&quot;pagination&quot;:&quot;numbered&quot;,&quot;paged&quot;:1,&quot;ajaxData&quot;:{&quot;_nonce&quot;:&quot;6f952ee627&quot;,&quot;action&quot;:&quot;us_ajax_post_list&quot;,&quot;template_vars&quot;:{&quot;paged&quot;:1,&quot;max_num_pages&quot;:1,&quot;no_results&quot;:false,&quot;source&quot;:&quot;all&quot;,&quot;custom_field_name&quot;:&quot;&quot;,&quot;ids&quot;:&quot;&quot;,&quot;post_type&quot;:&quot;post&quot;,&quot;post_author&quot;:&quot;any&quot;,&quot;post_author_ids&quot;:&quot;&quot;,&quot;exclude_children&quot;:0,&quot;exclude_current_post&quot;:1,&quot;exclude_prev_posts&quot;:0,&quot;apply_url_params&quot;:0,&quot;tax_query_relation&quot;:&quot;AND&quot;,&quot;tax_query&quot;:&quot;%5B%7B%22operator%22%3A%22IN%22%2C%22taxonomy%22%3A%22category%22%2C%22terms%22%3A%224%22%2C%22include_children%22%3A%220%22%7D%5D&quot;,&quot;meta_query_relation&quot;:&quot;none&quot;,&quot;meta_query&quot;:[{&quot;key&quot;:&quot;custom_field_name&quot;,&quot;compare&quot;:&quot;=&quot;,&quot;value&quot;:&quot;&quot;}],&quot;orderby&quot;:&quot;modified&quot;,&quot;orderby_custom_field&quot;:&quot;&quot;,&quot;orderby_custom_type&quot;:0,&quot;order_invert&quot;:0,&quot;show_all&quot;:0,&quot;quantity&quot;:&quot;12&quot;,&quot;no_items_action&quot;:&quot;message&quot;,&quot;no_items_message&quot;:&quot;\\u041d\\u0456\\u0447\\u043e\\u0433\\u043e \\u043d\\u0435 \\u0437\\u043d\\u0430\\u0439\\u0434\\u0435\\u043d\\u043e.&quot;,&quot;no_items_page_block&quot;:&quot;&quot;,&quot;pagination&quot;:&quot;numbered&quot;,&quot;pagination_style&quot;:&quot;&quot;,&quot;pagination_btn_text&quot;:&quot;Load More&quot;,&quot;pagination_btn_size&quot;:&quot;&quot;,&quot;pagination_btn_style&quot;:&quot;1&quot;,&quot;pagination_btn_fullwidth&quot;:0,&quot;items_layout&quot;:&quot;blog_cards&quot;,&quot;type&quot;:&quot;grid&quot;,&quot;items_valign&quot;:&quot;1&quot;,&quot;ignore_items_size&quot;:0,&quot;load_animation&quot;:&quot;afl&quot;,&quot;columns&quot;:&quot;4&quot;,&quot;items_gap&quot;:&quot;1.5rem&quot;,&quot;img_size&quot;:&quot;default&quot;,&quot;title_size&quot;:&quot;18px&quot;,&quot;items_ratio&quot;:&quot;default&quot;,&quot;items_ratio_width&quot;:&quot;21&quot;,&quot;items_ratio_height&quot;:&quot;9&quot;,&quot;overriding_link&quot;:&quot;%7B%22url%22%3A%22%22%7D&quot;,&quot;popup_width&quot;:&quot;&quot;,&quot;popup_arrows&quot;:1,&quot;breakpoint_1_width&quot;:&quot;1281px&quot;,&quot;breakpoint_1_cols&quot;:&quot;default&quot;,&quot;breakpoint_1_gap&quot;:&quot;&quot;,&quot;breakpoint_2_width&quot;:&quot;1025px&quot;,&quot;breakpoint_2_cols&quot;:&quot;2&quot;,&quot;breakpoint_2_gap&quot;:&quot;&quot;,&quot;breakpoint_3_width&quot;:&quot;601px&quot;,&quot;breakpoint_3_cols&quot;:&quot;1&quot;,&quot;breakpoint_3_gap&quot;:&quot;&quot;,&quot;conditions_operator&quot;:&quot;always&quot;,&quot;conditions&quot;:[],&quot;css&quot;:&quot;%7B%22default%22%3A%7B%22padding-left%22%3A%2210rem%22%2C%22padding-right%22%3A%2210rem%22%7D%2C%22laptops%22%3A%7B%22padding-left%22%3A%2210rem%22%2C%22padding-right%22%3A%2210rem%22%7D%2C%22tablets%22%3A%7B%22padding-left%22%3A%2210rem%22%2C%22padding-right%22%3A%2210rem%22%7D%2C%22mobiles%22%3A%7B%22padding-left%22%3A%222rem%22%2C%22padding-right%22%3A%222rem%22%7D%7D&quot;,&quot;el_class&quot;:&quot;&quot;,&quot;el_id&quot;:&quot;&quot;,&quot;enable_custom_html_atts&quot;:0,&quot;custom_html_atts&quot;:null,&quot;hide_on_states&quot;:&quot;&quot;,&quot;hide_for_sticky&quot;:0,&quot;hide_for_not_sticky&quot;:0,&quot;hide_below&quot;:&quot;0px&quot;,&quot;hide_above&quot;:&quot;0px&quot;,&quot;classes&quot;:&quot; us_custom_06689292&quot;,&quot;design_css_class&quot;:&quot;us_custom_06689292&quot;}}}'><\/div><\/div><\/div><\/div><\/div><\/div><\/div><\/section>","protected":false},"excerpt":{"rendered":"16 \u0441\u0435\u0440\u043f\u043d\u044f 2016 \u0440. \u041c\u0438 \u0440\u0430\u0434\u0456 \u043f\u043e\u0432\u0456\u0434\u043e\u043c\u0438\u0442\u0438, \u0449\u043e \u043d\u0430\u0448 \u0456\u043d\u0441\u0442\u0440\u0443\u043a\u0442\u043e\u0440 \u041f\u0430\u0432\u043b\u043e \u041b\u0430\u0433\u043e\u0434\u0430 \u043f\u043e\u0441\u0456\u0432 \u043f\u0435\u0440\u0448\u0435 \u043c\u0456\u0441\u0446\u0435 \u0432 \u043a\u043e\u043d\u043a\u0443\u0440\u0441\u0456 \"\u0406\u043d\u0441\u0442\u0440\u0443\u043a\u0442\u043e\u0440 \u0440\u043e\u043a\u0443 2013\". \u0426\u0435 \u0432\u0436\u0435 14-\u0439 \u0437\u0430 \u0440\u0430\u0445\u0443\u043d\u043a\u043e\u043c \u0437\u0430\u0433\u0430\u043b\u044c\u043d\u043e\u043d\u0430\u0446\u0456\u043e\u043d\u0430\u043b\u044c\u043d\u0438\u0439 \u043a\u043e\u043d\u043a\u0443\u0440\u0441, \u044f\u043a\u0438\u0439 \u043f\u0440\u043e\u0445\u043e\u0434\u0438\u0432 \u0443 \u0411\u0456\u043b\u043e\u0441\u0442\u043e\u0446\u0456 21-22 \u0447\u0435\u0440\u0432\u043d\u044f 2013 \u0440\u043e\u043a\u0443.","protected":false},"author":7,"featured_media":0,"parent":0,"menu_order":0,"comment_status":"closed","ping_status":"closed","template":"","meta":{"_acf_changed":false,"footnotes":""},"class_list":["post-628","page","type-page","status-publish","hentry"],"acf":[],"yoast_head":"<!-- This site is optimized with the Yoast SEO plugin v25.0 - https:\/\/yoast.com\/wordpress\/plugins\/seo\/ -->\n<title>Aktualno\u015bci - OSK Sza\u0142 Bia\u0142ystok<\/title>\n<meta name=\"robots\" content=\"noindex, nofollow\" \/>\n<meta property=\"og:locale\" content=\"uk_UA\" \/>\n<meta property=\"og:type\" content=\"article\" \/>\n<meta property=\"og:title\" content=\"Aktualno\u015bci - OSK Sza\u0142 Bia\u0142ystok\" \/>\n<meta property=\"og:url\" content=\"https:\/\/szal.bialystok.pl\/uk\/\u043d\u043e\u0432\u0438\u043d\u0438\/\" \/>\n<meta property=\"og:site_name\" content=\"OSK Sza\u0142 Bia\u0142ystok\" \/>\n<meta property=\"article:modified_time\" content=\"2025-01-21T15:25:29+00:00\" \/>\n<meta name=\"twitter:card\" content=\"summary_large_image\" \/>\n<meta name=\"twitter:label1\" content=\"\u041f\u0440\u0438\u0431\u043b. \u0447\u0430\u0441 \u0447\u0438\u0442\u0430\u043d\u043d\u044f\" \/>\n\t<meta name=\"twitter:data1\" content=\"1 \u0445\u0432\u0438\u043b\u0438\u043d\u0430\" \/>\n<script type=\"application\/ld+json\" class=\"yoast-schema-graph\">{\"@context\":\"https:\/\/schema.org\",\"@graph\":[{\"@type\":\"WebPage\",\"@id\":\"https:\/\/szal.bialystok.pl\/aktualnosci\/\",\"url\":\"https:\/\/szal.bialystok.pl\/aktualnosci\/\",\"name\":\"Aktualno\u015bci - OSK Sza\u0142 Bia\u0142ystok\",\"isPartOf\":{\"@id\":\"https:\/\/szal.bialystok.pl\/#website\"},\"datePublished\":\"2025-01-21T15:10:42+00:00\",\"dateModified\":\"2025-01-21T15:25:29+00:00\",\"breadcrumb\":{\"@id\":\"https:\/\/szal.bialystok.pl\/aktualnosci\/#breadcrumb\"},\"inLanguage\":\"uk\",\"potentialAction\":[{\"@type\":\"ReadAction\",\"target\":[\"https:\/\/szal.bialystok.pl\/aktualnosci\/\"]}]},{\"@type\":\"BreadcrumbList\",\"@id\":\"https:\/\/szal.bialystok.pl\/aktualnosci\/#breadcrumb\",\"itemListElement\":[{\"@type\":\"ListItem\",\"position\":1,\"name\":\"Strona g\u0142\u00f3wna\",\"item\":\"https:\/\/szal.bialystok.pl\/\"},{\"@type\":\"ListItem\",\"position\":2,\"name\":\"Aktualno\u015bci\"}]},{\"@type\":\"WebSite\",\"@id\":\"https:\/\/szal.bialystok.pl\/#website\",\"url\":\"https:\/\/szal.bialystok.pl\/\",\"name\":\"O\u015brodek szkolenia kierowc\u00f3w - Sza\u0142\",\"description\":\"O\u015brodek szkolenia kierowc\u00f3w - Sza\u0142\",\"publisher\":{\"@id\":\"https:\/\/szal.bialystok.pl\/#organization\"},\"potentialAction\":[{\"@type\":\"SearchAction\",\"target\":{\"@type\":\"EntryPoint\",\"urlTemplate\":\"https:\/\/szal.bialystok.pl\/?s={search_term_string}\"},\"query-input\":{\"@type\":\"PropertyValueSpecification\",\"valueRequired\":true,\"valueName\":\"search_term_string\"}}],\"inLanguage\":\"uk\"},{\"@type\":\"Organization\",\"@id\":\"https:\/\/szal.bialystok.pl\/#organization\",\"name\":\"O\u015brodek szkolenia kierowc\u00f3w - Sza\u0142\",\"url\":\"https:\/\/szal.bialystok.pl\/\",\"logo\":{\"@type\":\"ImageObject\",\"inLanguage\":\"uk\",\"@id\":\"https:\/\/szal.bialystok.pl\/#\/schema\/logo\/image\/\",\"url\":\"https:\/\/szal.bialystok.pl\/wp-content\/uploads\/2025\/01\/logo-szal-kontakt.png\",\"contentUrl\":\"https:\/\/szal.bialystok.pl\/wp-content\/uploads\/2025\/01\/logo-szal-kontakt.png\",\"width\":354,\"height\":101,\"caption\":\"O\u015brodek szkolenia kierowc\u00f3w - Sza\u0142\"},\"image\":{\"@id\":\"https:\/\/szal.bialystok.pl\/#\/schema\/logo\/image\/\"}}]}<\/script>\n<!-- \/ Yoast SEO plugin. -->","yoast_head_json":{"title":"Aktualno\u015bci - OSK Sza\u0142 Bia\u0142ystok","robots":{"index":"noindex","follow":"nofollow"},"og_locale":"uk_UA","og_type":"article","og_title":"Aktualno\u015bci - OSK Sza\u0142 Bia\u0142ystok","og_url":"https:\/\/szal.bialystok.pl\/uk\/\u043d\u043e\u0432\u0438\u043d\u0438\/","og_site_name":"OSK Sza\u0142 Bia\u0142ystok","article_modified_time":"2025-01-21T15:25:29+00:00","twitter_card":"summary_large_image","twitter_misc":{"\u041f\u0440\u0438\u0431\u043b. \u0447\u0430\u0441 \u0447\u0438\u0442\u0430\u043d\u043d\u044f":"1 \u0445\u0432\u0438\u043b\u0438\u043d\u0430"},"schema":{"@context":"https:\/\/schema.org","@graph":[{"@type":"WebPage","@id":"https:\/\/szal.bialystok.pl\/aktualnosci\/","url":"https:\/\/szal.bialystok.pl\/aktualnosci\/","name":"Aktualno\u015bci - OSK Sza\u0142 Bia\u0142ystok","isPartOf":{"@id":"https:\/\/szal.bialystok.pl\/#website"},"datePublished":"2025-01-21T15:10:42+00:00","dateModified":"2025-01-21T15:25:29+00:00","breadcrumb":{"@id":"https:\/\/szal.bialystok.pl\/aktualnosci\/#breadcrumb"},"inLanguage":"uk","potentialAction":[{"@type":"ReadAction","target":["https:\/\/szal.bialystok.pl\/aktualnosci\/"]}]},{"@type":"BreadcrumbList","@id":"https:\/\/szal.bialystok.pl\/aktualnosci\/#breadcrumb","itemListElement":[{"@type":"ListItem","position":1,"name":"Strona g\u0142\u00f3wna","item":"https:\/\/szal.bialystok.pl\/"},{"@type":"ListItem","position":2,"name":"Aktualno\u015bci"}]},{"@type":"WebSite","@id":"https:\/\/szal.bialystok.pl\/#website","url":"https:\/\/szal.bialystok.pl\/","name":"O\u015brodek szkolenia kierowc\u00f3w - Sza\u0142","description":"O\u015brodek szkolenia kierowc\u00f3w - Sza\u0142","publisher":{"@id":"https:\/\/szal.bialystok.pl\/#organization"},"potentialAction":[{"@type":"SearchAction","target":{"@type":"EntryPoint","urlTemplate":"https:\/\/szal.bialystok.pl\/?s={search_term_string}"},"query-input":{"@type":"PropertyValueSpecification","valueRequired":true,"valueName":"search_term_string"}}],"inLanguage":"uk"},{"@type":"Organization","@id":"https:\/\/szal.bialystok.pl\/#organization","name":"O\u015brodek szkolenia kierowc\u00f3w - Sza\u0142","url":"https:\/\/szal.bialystok.pl\/","logo":{"@type":"ImageObject","inLanguage":"uk","@id":"https:\/\/szal.bialystok.pl\/#\/schema\/logo\/image\/","url":"https:\/\/szal.bialystok.pl\/wp-content\/uploads\/2025\/01\/logo-szal-kontakt.png","contentUrl":"https:\/\/szal.bialystok.pl\/wp-content\/uploads\/2025\/01\/logo-szal-kontakt.png","width":354,"height":101,"caption":"O\u015brodek szkolenia kierowc\u00f3w - Sza\u0142"},"image":{"@id":"https:\/\/szal.bialystok.pl\/#\/schema\/logo\/image\/"}}]}},"_links":{"self":[{"href":"https:\/\/szal.bialystok.pl\/uk\/wp-json\/wp\/v2\/pages\/628","targetHints":{"allow":["GET"]}}],"collection":[{"href":"https:\/\/szal.bialystok.pl\/uk\/wp-json\/wp\/v2\/pages"}],"about":[{"href":"https:\/\/szal.bialystok.pl\/uk\/wp-json\/wp\/v2\/types\/page"}],"author":[{"embeddable":true,"href":"https:\/\/szal.bialystok.pl\/uk\/wp-json\/wp\/v2\/users\/7"}],"replies":[{"embeddable":true,"href":"https:\/\/szal.bialystok.pl\/uk\/wp-json\/wp\/v2\/comments?post=628"}],"version-history":[{"count":4,"href":"https:\/\/szal.bialystok.pl\/uk\/wp-json\/wp\/v2\/pages\/628\/revisions"}],"predecessor-version":[{"id":640,"href":"https:\/\/szal.bialystok.pl\/uk\/wp-json\/wp\/v2\/pages\/628\/revisions\/640"}],"wp:attachment":[{"href":"https:\/\/szal.bialystok.pl\/uk\/wp-json\/wp\/v2\/media?parent=628"}],"curies":[{"name":"wp","href":"https:\/\/api.w.org\/{rel}","templated":true}]}}