{"id":718,"date":"2025-01-29T09:33:30","date_gmt":"2025-01-29T08:33:30","guid":{"rendered":"https:\/\/szal.bialystok.pl\/?page_id=718"},"modified":"2026-01-28T14:28:11","modified_gmt":"2026-01-28T13:28:11","slug":"dofinansowania","status":"publish","type":"page","link":"https:\/\/szal.bialystok.pl\/uk\/\u0441\u0443\u0431\u0441\u0438\u0434\u0456\u0457\/","title":{"rendered":"\u0421\u0443\u0431\u0441\u0438\u0434\u0456\u0457"},"content":{"rendered":"<section class=\"l-section wpb_row height_medium width_full with_img\"><div class=\"l-section-img\" role=\"img\" data-img-width=\"1440\" data-img-height=\"292\" style=\"background-image: url(https:\/\/szal.bialystok.pl\/wp-content\/uploads\/2025\/01\/szal.bialystok.pl-1084682741956766.png);background-repeat: no-repeat;\"><\/div><div class=\"l-section-h i-cf\"><div class=\"g-cols vc_row via_flex valign_top type_default stacking_default\"><div class=\"vc_col-sm-12 wpb_column vc_column_container\"><div class=\"vc_column-inner\"><div class=\"wpb_wrapper\"><\/div><\/div><\/div><\/div><\/div><\/section><section class=\"l-section wpb_row height_medium width_full\"><div class=\"l-section-h i-cf\"><div class=\"g-cols vc_row via_flex valign_top type_default stacking_default\"><div class=\"vc_col-sm-12 wpb_column vc_column_container\"><div class=\"vc_column-inner\"><div class=\"wpb_wrapper\"><h1 class=\"w-text us_custom_37cc23fd hr-lines\"><span class=\"w-text-h\"><span class=\"w-text-value\">\u0421\u0443\u0431\u0441\u0438\u0434\u0456\u0457<\/span><\/span><\/h1><h2 class=\"w-text us_custom_9bab5194 hr-lines-left\"><span class=\"w-text-h\"><span class=\"w-text-value\">\u041f\u041e\u0422\u041e\u0427\u041d\u0406 \u041c\u041e\u0416\u041b\u0418\u0412\u0406 \u0424\u041e\u0420\u041c\u0418 \u0424\u0406\u041d\u0410\u041d\u0421\u0423\u0412\u0410\u041d\u041d\u042f<br \/>\n\u041a\u0423\u0420\u0421\u0418 \u0412\u041e\u0414\u0406\u0419\u0421\u042c\u041a\u0418\u0425 \u041f\u0420\u0410\u0412 \u0422\u0410 \u041f\u0420\u041e\u0424\u0415\u0421\u0406\u0419\u041d\u041e\u0407 \u041f\u0406\u0414\u0413\u041e\u0422\u041e\u0412\u041a\u0418 \u0412\u041e\u0414\u0406\u0407\u0412<\/span><\/span><\/h2><div class=\"w-separator us_custom_e59614df size_small\"><\/div><div class=\"wpb_text_column us_custom_06689292\"><div class=\"wpb_wrapper\"><h3>\u041f\u0420\u041e\u0424\u0415\u0421\u0406\u0419\u041d\u0406 \u041a\u0410\u0414\u0420\u0418 \u041f\u0406\u0414\u041b\u042f\u0428\u0428\u042f - \u043f\u0456\u0434\u0442\u0440\u0438\u043c\u043a\u0430 \u0440\u043e\u0437\u0432\u0438\u0442\u043a\u0443 \u043a\u0432\u0430\u043b\u0456\u0444\u0456\u043a\u0430\u0446\u0456\u0457 \u043c\u0435\u0448\u043a\u0430\u043d\u0446\u0456\u0432 \u0411\u0456\u043b\u043e\u0441\u0442\u043e\u0446\u044c\u043a\u043e\u0433\u043e \u0441\u0443\u0431\u0440\u0435\u0433\u0456\u043e\u043d\u0443<\/h3>\n<p>\u0426\u0456\u043b\u044c\u043e\u0432\u043e\u044e \u0433\u0440\u0443\u043f\u043e\u044e \u043f\u0440\u043e\u0435\u043a\u0442\u0443 \u0454 \u043b\u044e\u0434\u0438, \u044f\u043a\u0456 \u0437\u0430 \u0432\u043b\u0430\u0441\u043d\u043e\u044e \u0456\u043d\u0456\u0446\u0456\u0430\u0442\u0438\u0432\u043e\u044e \u0437\u0430\u0446\u0456\u043a\u0430\u0432\u043b\u0435\u043d\u0456 \u0443 \u043f\u0456\u0434\u0432\u0438\u0449\u0435\u043d\u043d\u0456 \u043a\u0432\u0430\u043b\u0456\u0444\u0456\u043a\u0430\u0446\u0456\u0457 \u0430\u0431\u043e \u043d\u0430\u0431\u0443\u0442\u0442\u0456 \u043d\u043e\u0432\u0438\u0445 \u043d\u0430\u0432\u0438\u0447\u043e\u043a, \u0437\u043e\u043a\u0440\u0435\u043c\u0430:<\/p>\n<ul>\n<li>\u043c\u0430\u043b\u043e\u043a\u0432\u0430\u043b\u0456\u0444\u0456\u043a\u043e\u0432\u0430\u043d\u0456 \u043f\u0440\u0430\u0446\u0456\u0432\u043d\u0438\u043a\u0438<\/li>\n<li>\u043b\u044e\u0434\u0438 \u0432\u0456\u043a\u043e\u043c \u0432\u0456\u0434 50 \u0440\u043e\u043a\u0456\u0432 \u0456 \u0441\u0442\u0430\u0440\u0448\u0435<\/li>\n<li>\u0435\u043a\u043e\u043d\u043e\u043c\u0456\u0447\u043d\u043e \u043d\u0435\u0430\u043a\u0442\u0438\u0432\u043d\u0456 \u0436\u0456\u043d\u043a\u0438<\/li>\n<li>\u0413\u0440\u043e\u043c\u0430\u0434\u044f\u043d\u0438 \u0423\u043a\u0440\u0430\u0457\u043d\u0438, \u044f\u043a\u0456 \u0437\u043d\u0430\u0439\u0448\u043b\u0438 \u0440\u043e\u0431\u043e\u0442\u0443 \u0432 \u041f\u0456\u0434\u043b\u044f\u0441\u044c\u043a\u043e\u043c\u0443 \u0432\u043e\u0454\u0432\u043e\u0434\u0441\u0442\u0432\u0456 \u043f\u0456\u0441\u043b\u044f \u043f\u043e\u0447\u0430\u0442\u043a\u0443 \u0432\u0456\u0439\u043d\u0438<\/li>\n<li>\u043f\u0440\u0430\u0446\u0456\u0432\u043d\u0438\u043a\u0438, \u044f\u043a\u0456 \u0437\u0434\u0456\u0439\u0441\u043d\u044e\u044e\u0442\u044c \u0434\u043e\u0432\u0433\u043e\u0441\u0442\u0440\u043e\u043a\u043e\u0432\u0438\u0439 \u0434\u043e\u0433\u043b\u044f\u0434<\/li>\n<\/ul>\n<p>\u0421\u0443\u043c\u0430 \u0444\u0456\u043d\u0430\u043d\u0441\u0443\u0432\u0430\u043d\u043d\u044f - \u0434\u043e 7350 \u0437\u043b\u043e\u0442\u0438\u0445<br \/>\n\u0412\u043b\u0430\u0441\u043d\u0438\u0439 \u0432\u043d\u0435\u0441\u043e\u043a \u0443\u0447\u0430\u0441\u043d\u0438\u043a\u0430 \u043f\u0440\u043e\u0435\u043a\u0442\u0443 5% \u0430\u0431\u043e 10% \u0432\u0456\u0434 \u0432\u0430\u0440\u0442\u043e\u0441\u0442\u0456 \u043f\u043e\u0441\u043b\u0443\u0433\u0438 \u0437 \u0440\u043e\u0437\u0440\u043e\u0431\u043a\u0438<\/p>\n<p>\u0411\u0456\u043b\u044c\u0448\u0435 \u0456\u043d\u0444\u043e\u0440\u043c\u0430\u0446\u0456\u0457 \u043f\u0440\u043e \u043f\u0440\u043e\u0435\u043a\u0442 <a href=\"https:\/\/pkp.iph.bialystok.pl\/\" rel=\"nofollow\">https:\/\/pkp.iph.bialystok.pl\/<\/a><\/p>\n<p>\u0411\u0430\u0437\u0430 \u0434\u0430\u043d\u0438\u0445 \u043f\u043e\u0441\u043b\u0443\u0433 \u0437 \u0440\u043e\u0437\u0440\u043e\u0431\u043a\u0438 <a href=\"https:\/\/uslugirozwojowe.parp.gov.pl\/wyszukiwarka\/uslugi\/szukaj?dostawcyUslug%5B%5D=12333&amp;mozliwoscDofinansowania=0\" rel=\"nofollow\">https:\/\/uslugirozwojowe.parp.gov.pl\/<\/a><\/p>\n<p>\u0411\u0443\u0434\u044c \u043b\u0430\u0441\u043a\u0430, \u0437\u0432'\u044f\u0436\u0456\u0442\u044c\u0441\u044f \u0437 \u043d\u0430\u043c\u0438 \u0437\u0430\u0437\u0434\u0430\u043b\u0435\u0433\u0456\u0434\u044c, \u0449\u043e\u0431 \u0430\u0434\u0430\u043f\u0442\u0443\u0432\u0430\u0442\u0438 \u043f\u043e\u0441\u043b\u0443\u0433\u0443 \u0434\u043e \u043f\u043e\u0442\u0440\u0435\u0431 \u0443\u0447\u0430\u0441\u043d\u0438\u043a\u0430.<\/p>\n<\/div><\/div><div class=\"w-separator us_custom_e59614df size_small with_line width_default thick_1 style_solid color_border align_center\"><div class=\"w-separator-h\"><\/div><\/div><div class=\"wpb_text_column us_custom_bac9cef1\"><div class=\"wpb_wrapper\"><h3>\u041f\u043e\u0432\u0456\u0442\u043e\u0432\u0435 \u0443\u043f\u0440\u0430\u0432\u043b\u0456\u043d\u043d\u044f \u043f\u0440\u0430\u0446\u0456 \u0432 \u0411\u0456\u043b\u043e\u0441\u0442\u043e\u0446\u0456<\/h3>\n<p>\u041d\u0410\u0412\u0427\u0410\u041b\u042c\u041d\u0406 \u0422\u0410 \u0422\u0420\u0415\u041d\u0406\u041d\u0413\u041e\u0412\u0406 \u0412\u0410\u0423\u0427\u0415\u0420\u0418<\/p>\n<p>\u0423 \u0440\u0430\u043c\u043a\u0430\u0445 \u0432\u0430\u0443\u0447\u0435\u0440\u0430 \u043d\u0430 \u043d\u0430\u0432\u0447\u0430\u043d\u043d\u044f \u0441\u0442\u0430\u0440\u043e\u0441\u0442\u0430 \u0444\u0456\u043d\u0430\u043d\u0441\u0443\u0454 \u0431\u0435\u0437\u0440\u043e\u0431\u0456\u0442\u043d\u043e\u0433\u043e \u0432 \u0440\u043e\u0437\u043c\u0456\u0440\u0456 \u0434\u043e 100% \u0441\u0435\u0440\u0435\u0434\u043d\u044c\u043e\u0457 \u0437\u0430\u0440\u043e\u0431\u0456\u0442\u043d\u043e\u0457 \u043f\u043b\u0430\u0442\u0438, \u0449\u043e \u0434\u0456\u0454 \u043d\u0430 \u0434\u0435\u043d\u044c \u0432\u0438\u0434\u0430\u0447\u0456 \u0432\u0430\u0443\u0447\u0435\u0440\u0430 \u043d\u0430 \u043d\u0430\u0432\u0447\u0430\u043d\u043d\u044f. \u0421\u0442\u0430\u0440\u043e\u0441\u0442\u0430 \u0444\u0456\u043d\u0430\u043d\u0441\u0443\u0454 \u0432\u0438\u0442\u0440\u0430\u0442\u0438 \u043d\u0430 \u043d\u0430\u0432\u0447\u0430\u043d\u043d\u044f, \u043c\u0435\u0434\u0438\u0447\u043d\u0435 \u043e\u0431\u0441\u0442\u0435\u0436\u0435\u043d\u043d\u044f, \u043f\u0440\u043e\u0457\u0437\u0434 \u0442\u0430 \u043f\u0440\u043e\u0436\u0438\u0432\u0430\u043d\u043d\u044f \u0432 \u043c\u0435\u0436\u0430\u0445 \u0441\u0443\u043c\u0438, \u0437\u0430\u0437\u043d\u0430\u0447\u0435\u043d\u043e\u0457 \u0443 \u0432\u0430\u0443\u0447\u0435\u0440\u0456 \u043d\u0430 \u043d\u0430\u0432\u0447\u0430\u043d\u043d\u044f, \u0430 \u0431\u0435\u0437\u0440\u043e\u0431\u0456\u0442\u043d\u0438\u0439 \u043f\u043e\u043a\u0440\u0438\u0432\u0430\u0454 \u0432\u0438\u0442\u0440\u0430\u0442\u0438, \u0449\u043e \u043f\u0435\u0440\u0435\u0432\u0438\u0449\u0443\u044e\u0442\u044c \u0446\u0435\u0439 \u043b\u0456\u043c\u0456\u0442.<\/p>\n<p>\u0411\u0456\u043b\u044c\u0448\u0435 \u0456\u043d\u0444\u043e\u0440\u043c\u0430\u0446\u0456\u0457 : <a href=\"https:\/\/bialystok.praca.gov.pl\/-\/nabor-wnioskow-o-przyznanie-bonu-na-ksztalcenie-ustawiczne\">https:\/\/bialystok.praca.gov.pl\/-\/nabor-wnioskow-o-przyznanie-bonu-na-ksztalcenie-ustawiczne<\/a><\/p>\n<\/div><\/div><div class=\"wpb_text_column us_custom_bac9cef1\"><div class=\"wpb_wrapper\"><p><span style=\"font-size: medium;\">\u0421\u0423\u0411\u0421\u0418\u0414\u0423\u0412\u0410\u041d\u041d\u042f \u0412\u0418\u0422\u0420\u0410\u0422 \u041d\u0410 \u0411\u0415\u0417\u041f\u0415\u0420\u0415\u0420\u0412\u041d\u0415 \u041d\u0410\u0412\u0427\u0410\u041d\u041d\u042f \u0412 \u0420\u0410\u041c\u041a\u0410\u0425 \u041d\u0410\u0426\u0406\u041e\u041d\u0410\u041b\u042c\u041d\u041e\u0413\u041e \u0424\u041e\u041d\u0414\u0423 \u041d\u0410\u0412\u0427\u0410\u041d\u041d\u042f<\/span><\/p>\n<p>\u041d\u0430\u0446\u0456\u043e\u043d\u0430\u043b\u044c\u043d\u0438\u0439 \u0444\u043e\u043d\u0434 \u043d\u0430\u0432\u0447\u0430\u043d\u043d\u044f - \u0446\u0435 \u043e\u043a\u0440\u0435\u043c\u0430 \u0447\u0430\u0441\u0442\u0438\u043d\u0430 \u0424\u043e\u043d\u0434\u0443 \u043f\u0440\u0430\u0446\u0456, \u043f\u0440\u0438\u0437\u043d\u0430\u0447\u0435\u043d\u0430 \u0434\u043b\u044f \u0441\u0443\u0431\u0441\u0438\u0434\u0443\u0432\u0430\u043d\u043d\u044f \u043d\u0430\u0432\u0447\u0430\u043d\u043d\u044f \u0432\u043f\u0440\u043e\u0434\u043e\u0432\u0436 \u0436\u0438\u0442\u0442\u044f \u0434\u043b\u044f \u043f\u0440\u0430\u0446\u0456\u0432\u043d\u0438\u043a\u0456\u0432 \u0456 \u0440\u043e\u0431\u043e\u0442\u043e\u0434\u0430\u0432\u0446\u0456\u0432.<br \/>\n\u0420\u043e\u0431\u043e\u0442\u043e\u0434\u0430\u0432\u0435\u0446\u044c, \u044f\u043a\u0438\u0439 \u0431\u0430\u0436\u0430\u0454 \u043e\u0442\u0440\u0438\u043c\u0430\u0442\u0438 \u0444\u0456\u043d\u0430\u043d\u0441\u0443\u0432\u0430\u043d\u043d\u044f \u0432\u0438\u0442\u0440\u0430\u0442 \u043d\u0430 \u043f\u0456\u0434\u0432\u0438\u0449\u0435\u043d\u043d\u044f \u043a\u0432\u0430\u043b\u0456\u0444\u0456\u043a\u0430\u0446\u0456\u0457, \u043f\u043e\u0432\u0438\u043d\u0435\u043d \u0437\u0440\u043e\u0431\u0438\u0442\u0438 \u0432\u043b\u0430\u0441\u043d\u0438\u0439 \u0432\u043d\u0435\u0441\u043e\u043a \u0443 \u0440\u043e\u0437\u043c\u0456\u0440\u0456 20% \u0432\u0438\u0442\u0440\u0430\u0442, \u0442\u043e\u0434\u0456 \u044f\u043a 80% \u0432\u0438\u0442\u0440\u0430\u0442 \u043d\u0430 \u043f\u0456\u0434\u0432\u0438\u0449\u0435\u043d\u043d\u044f \u043a\u0432\u0430\u043b\u0456\u0444\u0456\u043a\u0430\u0446\u0456\u0457 \u0431\u0443\u0434\u0435 \u043f\u0440\u043e\u0444\u0456\u043d\u0430\u043d\u0441\u043e\u0432\u0430\u043d\u043e KFS. \u0423 \u0432\u0438\u043f\u0430\u0434\u043a\u0443 \u043c\u0456\u043a\u0440\u043e\u043f\u0456\u0434\u043f\u0440\u0438\u0454\u043c\u0441\u0442\u0432\u0430, \u0442\u043e\u0431\u0442\u043e \u0440\u043e\u0431\u043e\u0442\u043e\u0434\u0430\u0432\u0446\u044f \u0437 \u043a\u0456\u043b\u044c\u043a\u0456\u0441\u0442\u044e \u043f\u0440\u0430\u0446\u0456\u0432\u043d\u0438\u043a\u0456\u0432 \u0434\u043e 10 \u043e\u0441\u0456\u0431, 100% \u0432\u0438\u0442\u0440\u0430\u0442 \u043d\u0430 \u043f\u0456\u0434\u0432\u0438\u0449\u0435\u043d\u043d\u044f \u043a\u0432\u0430\u043b\u0456\u0444\u0456\u043a\u0430\u0446\u0456\u0457 \u043c\u043e\u0436\u0435 \u0431\u0443\u0442\u0438 \u043f\u0440\u043e\u0444\u0456\u043d\u0430\u043d\u0441\u043e\u0432\u0430\u043d\u043e KFS. \u041e\u0434\u043d\u0430\u043a \u0437\u0430\u0433\u0430\u043b\u044c\u043d\u0438\u0439 \u043e\u0431\u0441\u044f\u0433 \u0441\u043f\u0456\u0432\u0444\u0456\u043d\u0430\u043d\u0441\u0443\u0432\u0430\u043d\u043d\u044f \u0437 \u0444\u043e\u043d\u0434\u0456\u0432 KFS \u043d\u0435 \u043c\u043e\u0436\u0435 \u043f\u0435\u0440\u0435\u0432\u0438\u0449\u0443\u0432\u0430\u0442\u0438 300% \u0441\u0435\u0440\u0435\u0434\u043d\u044c\u043e\u0457 \u0437\u0430\u0440\u043e\u0431\u0456\u0442\u043d\u043e\u0457 \u043f\u043b\u0430\u0442\u0438 \u0432 \u0434\u0430\u043d\u043e\u043c\u0443 \u0440\u043e\u0446\u0456 \u043d\u0430 \u043e\u0434\u043d\u043e\u0433\u043e \u0443\u0447\u0430\u0441\u043d\u0438\u043a\u0430.<\/p>\n<p>&nbsp;<\/p>\n<\/div><\/div><div class=\"w-separator us_custom_e59614df size_small with_line width_default thick_1 style_solid color_border align_center\"><div class=\"w-separator-h\"><\/div><\/div><\/div><\/div><\/div><\/div><\/div><\/section>","protected":false},"excerpt":{"rendered":"DofinansowaniaAKTUALNE MO\u017bLIWE FORMY DOFINANSOWANIA KURS\u00d3W PRAWA JAZDY I SZKOLE\u0143 ZAWODOWYCH KIEROWC\u00d3WPROFESJONALNE KADRY PODLASIA \u2013 wsparcie rozwoju kwalifikacji mieszka\u0144c\u00f3w subregionu bia\u0142ostockiego Grup\u0119 docelow\u0105 projektu stanowi\u0105 osoby, kt\u00f3re z w\u0142asnej inicjatywy s\u0105 zainteresowane podniesieniem swoich umiej\u0119tno\u015bci lub nabyciem kwalifikacji, szczeg\u00f3lnie: osoby o niskich kwalifikacjach osoby w wieku 50 lat i wi\u0119cej kobiety bierne zawodowo obywatele Ukrainy, kt\u00f3rzy...","protected":false},"author":7,"featured_media":0,"parent":0,"menu_order":0,"comment_status":"closed","ping_status":"closed","template":"","meta":{"_acf_changed":false,"footnotes":""},"class_list":["post-718","page","type-page","status-publish","hentry"],"acf":[],"yoast_head":"<!-- This site is optimized with the Yoast SEO plugin v25.0 - https:\/\/yoast.com\/wordpress\/plugins\/seo\/ -->\n<title>Dofinansowania - OSK Sza\u0142 Bia\u0142ystok<\/title>\n<meta name=\"robots\" content=\"index, follow, max-snippet:-1, max-image-preview:large, max-video-preview:-1\" \/>\n<link rel=\"canonical\" href=\"https:\/\/szal.bialystok.pl\/uk\/\u0441\u0443\u0431\u0441\u0438\u0434\u0456\u0457\/\" \/>\n<meta property=\"og:locale\" content=\"uk_UA\" \/>\n<meta property=\"og:type\" content=\"article\" \/>\n<meta property=\"og:title\" content=\"Dofinansowania - OSK Sza\u0142 Bia\u0142ystok\" \/>\n<meta property=\"og:url\" content=\"https:\/\/szal.bialystok.pl\/uk\/\u0441\u0443\u0431\u0441\u0438\u0434\u0456\u0457\/\" \/>\n<meta property=\"og:site_name\" content=\"OSK Sza\u0142 Bia\u0142ystok\" \/>\n<meta property=\"article:modified_time\" content=\"2026-01-28T13:28:11+00:00\" \/>\n<meta name=\"twitter:card\" content=\"summary_large_image\" \/>\n<meta name=\"twitter:label1\" content=\"\u041f\u0440\u0438\u0431\u043b. \u0447\u0430\u0441 \u0447\u0438\u0442\u0430\u043d\u043d\u044f\" \/>\n\t<meta name=\"twitter:data1\" content=\"4 \u0445\u0432\u0438\u043b\u0438\u043d\u0438\" \/>\n<script type=\"application\/ld+json\" class=\"yoast-schema-graph\">{\"@context\":\"https:\/\/schema.org\",\"@graph\":[{\"@type\":\"WebPage\",\"@id\":\"https:\/\/szal.bialystok.pl\/dofinansowania\/\",\"url\":\"https:\/\/szal.bialystok.pl\/dofinansowania\/\",\"name\":\"Dofinansowania - OSK Sza\u0142 Bia\u0142ystok\",\"isPartOf\":{\"@id\":\"https:\/\/szal.bialystok.pl\/#website\"},\"datePublished\":\"2025-01-29T08:33:30+00:00\",\"dateModified\":\"2026-01-28T13:28:11+00:00\",\"breadcrumb\":{\"@id\":\"https:\/\/szal.bialystok.pl\/dofinansowania\/#breadcrumb\"},\"inLanguage\":\"uk\",\"potentialAction\":[{\"@type\":\"ReadAction\",\"target\":[\"https:\/\/szal.bialystok.pl\/dofinansowania\/\"]}]},{\"@type\":\"BreadcrumbList\",\"@id\":\"https:\/\/szal.bialystok.pl\/dofinansowania\/#breadcrumb\",\"itemListElement\":[{\"@type\":\"ListItem\",\"position\":1,\"name\":\"Strona g\u0142\u00f3wna\",\"item\":\"https:\/\/szal.bialystok.pl\/\"},{\"@type\":\"ListItem\",\"position\":2,\"name\":\"Dofinansowania\"}]},{\"@type\":\"WebSite\",\"@id\":\"https:\/\/szal.bialystok.pl\/#website\",\"url\":\"https:\/\/szal.bialystok.pl\/\",\"name\":\"O\u015brodek szkolenia kierowc\u00f3w - Sza\u0142\",\"description\":\"O\u015brodek szkolenia kierowc\u00f3w - Sza\u0142\",\"publisher\":{\"@id\":\"https:\/\/szal.bialystok.pl\/#organization\"},\"potentialAction\":[{\"@type\":\"SearchAction\",\"target\":{\"@type\":\"EntryPoint\",\"urlTemplate\":\"https:\/\/szal.bialystok.pl\/?s={search_term_string}\"},\"query-input\":{\"@type\":\"PropertyValueSpecification\",\"valueRequired\":true,\"valueName\":\"search_term_string\"}}],\"inLanguage\":\"uk\"},{\"@type\":\"Organization\",\"@id\":\"https:\/\/szal.bialystok.pl\/#organization\",\"name\":\"O\u015brodek szkolenia kierowc\u00f3w - Sza\u0142\",\"url\":\"https:\/\/szal.bialystok.pl\/\",\"logo\":{\"@type\":\"ImageObject\",\"inLanguage\":\"uk\",\"@id\":\"https:\/\/szal.bialystok.pl\/#\/schema\/logo\/image\/\",\"url\":\"https:\/\/szal.bialystok.pl\/wp-content\/uploads\/2025\/01\/logo-szal-kontakt.png\",\"contentUrl\":\"https:\/\/szal.bialystok.pl\/wp-content\/uploads\/2025\/01\/logo-szal-kontakt.png\",\"width\":354,\"height\":101,\"caption\":\"O\u015brodek szkolenia kierowc\u00f3w - Sza\u0142\"},\"image\":{\"@id\":\"https:\/\/szal.bialystok.pl\/#\/schema\/logo\/image\/\"}}]}<\/script>\n<!-- \/ Yoast SEO plugin. -->","yoast_head_json":{"title":"Dofinansowania - OSK Sza\u0142 Bia\u0142ystok","robots":{"index":"index","follow":"follow","max-snippet":"max-snippet:-1","max-image-preview":"max-image-preview:large","max-video-preview":"max-video-preview:-1"},"canonical":"https:\/\/szal.bialystok.pl\/uk\/\u0441\u0443\u0431\u0441\u0438\u0434\u0456\u0457\/","og_locale":"uk_UA","og_type":"article","og_title":"Dofinansowania - OSK Sza\u0142 Bia\u0142ystok","og_url":"https:\/\/szal.bialystok.pl\/uk\/\u0441\u0443\u0431\u0441\u0438\u0434\u0456\u0457\/","og_site_name":"OSK Sza\u0142 Bia\u0142ystok","article_modified_time":"2026-01-28T13:28:11+00:00","twitter_card":"summary_large_image","twitter_misc":{"\u041f\u0440\u0438\u0431\u043b. \u0447\u0430\u0441 \u0447\u0438\u0442\u0430\u043d\u043d\u044f":"4 \u0445\u0432\u0438\u043b\u0438\u043d\u0438"},"schema":{"@context":"https:\/\/schema.org","@graph":[{"@type":"WebPage","@id":"https:\/\/szal.bialystok.pl\/dofinansowania\/","url":"https:\/\/szal.bialystok.pl\/dofinansowania\/","name":"Dofinansowania - OSK Sza\u0142 Bia\u0142ystok","isPartOf":{"@id":"https:\/\/szal.bialystok.pl\/#website"},"datePublished":"2025-01-29T08:33:30+00:00","dateModified":"2026-01-28T13:28:11+00:00","breadcrumb":{"@id":"https:\/\/szal.bialystok.pl\/dofinansowania\/#breadcrumb"},"inLanguage":"uk","potentialAction":[{"@type":"ReadAction","target":["https:\/\/szal.bialystok.pl\/dofinansowania\/"]}]},{"@type":"BreadcrumbList","@id":"https:\/\/szal.bialystok.pl\/dofinansowania\/#breadcrumb","itemListElement":[{"@type":"ListItem","position":1,"name":"Strona g\u0142\u00f3wna","item":"https:\/\/szal.bialystok.pl\/"},{"@type":"ListItem","position":2,"name":"Dofinansowania"}]},{"@type":"WebSite","@id":"https:\/\/szal.bialystok.pl\/#website","url":"https:\/\/szal.bialystok.pl\/","name":"O\u015brodek szkolenia kierowc\u00f3w - Sza\u0142","description":"O\u015brodek szkolenia kierowc\u00f3w - Sza\u0142","publisher":{"@id":"https:\/\/szal.bialystok.pl\/#organization"},"potentialAction":[{"@type":"SearchAction","target":{"@type":"EntryPoint","urlTemplate":"https:\/\/szal.bialystok.pl\/?s={search_term_string}"},"query-input":{"@type":"PropertyValueSpecification","valueRequired":true,"valueName":"search_term_string"}}],"inLanguage":"uk"},{"@type":"Organization","@id":"https:\/\/szal.bialystok.pl\/#organization","name":"O\u015brodek szkolenia kierowc\u00f3w - Sza\u0142","url":"https:\/\/szal.bialystok.pl\/","logo":{"@type":"ImageObject","inLanguage":"uk","@id":"https:\/\/szal.bialystok.pl\/#\/schema\/logo\/image\/","url":"https:\/\/szal.bialystok.pl\/wp-content\/uploads\/2025\/01\/logo-szal-kontakt.png","contentUrl":"https:\/\/szal.bialystok.pl\/wp-content\/uploads\/2025\/01\/logo-szal-kontakt.png","width":354,"height":101,"caption":"O\u015brodek szkolenia kierowc\u00f3w - Sza\u0142"},"image":{"@id":"https:\/\/szal.bialystok.pl\/#\/schema\/logo\/image\/"}}]}},"_links":{"self":[{"href":"https:\/\/szal.bialystok.pl\/uk\/wp-json\/wp\/v2\/pages\/718","targetHints":{"allow":["GET"]}}],"collection":[{"href":"https:\/\/szal.bialystok.pl\/uk\/wp-json\/wp\/v2\/pages"}],"about":[{"href":"https:\/\/szal.bialystok.pl\/uk\/wp-json\/wp\/v2\/types\/page"}],"author":[{"embeddable":true,"href":"https:\/\/szal.bialystok.pl\/uk\/wp-json\/wp\/v2\/users\/7"}],"replies":[{"embeddable":true,"href":"https:\/\/szal.bialystok.pl\/uk\/wp-json\/wp\/v2\/comments?post=718"}],"version-history":[{"count":18,"href":"https:\/\/szal.bialystok.pl\/uk\/wp-json\/wp\/v2\/pages\/718\/revisions"}],"predecessor-version":[{"id":1449,"href":"https:\/\/szal.bialystok.pl\/uk\/wp-json\/wp\/v2\/pages\/718\/revisions\/1449"}],"wp:attachment":[{"href":"https:\/\/szal.bialystok.pl\/uk\/wp-json\/wp\/v2\/media?parent=718"}],"curies":[{"name":"wp","href":"https:\/\/api.w.org\/{rel}","templated":true}]}}